{"id":5231,"date":"2013-11-26T20:10:22","date_gmt":"2013-11-26T18:10:22","guid":{"rendered":"http:\/\/www.tradmotion.at\/tradneu\/?page_id=5231"},"modified":"2024-01-14T18:41:12","modified_gmt":"2024-01-14T17:41:12","slug":"impressum","status":"publish","type":"page","link":"https:\/\/www.tradmotion.at\/tradneu\/impressum\/","title":{"rendered":"Impressum"},"content":{"rendered":"<div class=\"fusion-title title fusion-title-size-two\"><h2 class=\"title-heading-left\">Impressum\/ Rechtshinweise<\/h2><div class=\"title-sep-container\"><div class=\"title-sep sep-double\"><\/div><\/div><\/div>\n<p>Betreiber: Tradmotion.at, Inhaberin der Domain: Ingeborg H\u00e4rtel<\/p>\n<p>Email:\u00a0<a href=\"office@tradmotion.at\">office@tradmotion.at<\/a><br \/>\nB\u00fcrozeiten: Mo. &#8211; Fr.: 9.00 &#8211; 17.00 Uhr<br \/>\nAnschrift: Eichbergstra\u00dfe 4, 8121 Deutschfeistritz<\/p>\n<p>Mobil: 0043 664 24 11 307<\/p>\n<p>Bankverbindung:\u00a0BAWAG &#8211; P.S.K, lautend auf Ingeborg H\u00e4rtel<br \/>\nBIC: BAWAATWW , IBAN: AT40 6000 0000 8127 0299<\/p>\n<p>Redaktion: Ingeborg Magdalena H\u00e4rtel, Hermann H\u00e4rtel, Hans Christian Neuhold<br \/>\nRedaktionsadresse: Eichbergstra\u00dfe 4, 8121 Deutschfeistritz<br \/>\nGestaltung der Website: Hans Christian Neuhold<\/p>\n<div class=\"fusion-title title fusion-title-size-two\"><h2 class=\"title-heading-left\">Rechtshinweise<\/h2><div class=\"title-sep-container\"><div class=\"title-sep sep-double\"><\/div><\/div><\/div>\n<p>Alle unter www.tradmotion.at angebotenen Inhalte (inklusive der Bilder) sind urheberrechtlich gesch\u00fctzt. Alle nicht f\u00fcr den pers\u00f6nlichen Gebrauch bestimmten Verwendungen, insbesondere die der kommerziellen oder werblichen Nutzung (auch einzelner Teile) bed\u00fcrfen der Genehmigung durch www.tradmotion.at.<\/p>\n<p>Die Inhalte dieser Website werden immer wieder erg\u00e4nzt oder erweitert. Wenn Sie etwas vermissen, Fehler entdecken oder ung\u00fcltige Links finden, senden Sie uns bitte eine E-Mail. F\u00fcr die Richtigkeit, Vollst\u00e4ndigkeit und Aktualit\u00e4t aller Informationen sowie die Verf\u00fcgbarkeit oder den Betrieb aller Seiten wird keine Gew\u00e4hr \u00fcbernommen. Ebenso \u00fcbernimmt www.tradmotion.at keine Haftung daf\u00fcr, dass Material, das \u00fcber ihre Website zug\u00e4nglich ist, frei von Viren oder anderen sch\u00e4dlichen Komponenten ist, sowie von Sch\u00e4den oder Folgesch\u00e4den durch den Gebrauch dieser Website.<\/p>\n<p>F\u00fcr den Inhalt anderer Websites, auf die mittels Links verwiesen wird, kann keine Verantwortung\/Haftung \u00fcbernommen werden.<\/p>\n<p>Die freiwillige Eingabe pers\u00f6nlicher Daten erfolgt auf eigenes Risiko. Daten k\u00f6nnen unterwegs verloren gehen oder in die H\u00e4nde Unbefugter gelangen. Eine Haftung ist in diesem Fall ausgeschlossen. Daten, die uns \u00fcber diesen Weg erreichen, werden jedoch absolut vertraulich behandelt und nur zu den von Ihnen gew\u00fcnschten Zwecken verwendet.<\/p>\n<p>Angaben lt. Mediengesetz \u00a7 24 (Impressum)<\/p>\n<p>Verlagsort: Deutschfeistritz<br \/>\nHerstellungsort: Deutschfeistritz<\/p>\n<p>Redaktion: Tradmotion<\/p>\n","protected":false},"excerpt":{"rendered":"<p>Betreiber: Tradmotion.at, Inhaberin der Domain: Ingeborg H\u00e4rtel Email:\u00a0office@tradmotion.at B\u00fcrozeiten: Mo. &#8211; Fr.: 9.00 &#8211; 17.00 Uhr Anschrift: Eichbergstra\u00dfe 4, 8121 Deutschfeistritz Mobil: 0043 664 24 11 307 Bankverbindung:\u00a0BAWAG &#8211; P.S.K, lautend auf Ingeborg H\u00e4rtel BIC: BAWAATWW , IBAN: AT40 6000 0000 8127 0299 Redaktion: Ingeborg Magdalena H\u00e4rtel, Hermann H\u00e4rtel, Hans Christian Neuhold Redaktionsadresse: Eichbergstra\u00dfe 4, 8121 Deutschfeistritz Gestaltung der Website: [&hellip;]<\/p>\n","protected":false},"author":3,"featured_media":0,"parent":0,"menu_order":0,"comment_status":"open","ping_status":"open","template":"","meta":{"_monsterinsights_skip_tracking":false,"_monsterinsights_sitenote_active":false,"_monsterinsights_sitenote_note":"","_monsterinsights_sitenote_category":0,"footnotes":""},"class_list":["post-5231","page","type-page","status-publish","hentry"],"yoast_head":"<!-- This site is optimized with the Yoast SEO plugin v27.3 - https:\/\/yoast.com\/product\/yoast-seo-wordpress\/ -->\n<title>Impressum | Tradmotion<\/title>\n<meta name=\"robots\" content=\"index, follow, max-snippet:-1, max-image-preview:large, max-video-preview:-1\" \/>\n<link rel=\"canonical\" href=\"https:\/\/www.tradmotion.at\/tradneu\/impressum\/\" \/>\n<meta property=\"og:locale\" content=\"de_DE\" \/>\n<meta property=\"og:type\" content=\"article\" \/>\n<meta property=\"og:title\" content=\"Impressum | Tradmotion\" \/>\n<meta property=\"og:description\" content=\"Betreiber: Tradmotion.at, Inhaberin der Domain: Ingeborg H\u00e4rtel Email:\u00a0office@tradmotion.at B\u00fcrozeiten: Mo. &#8211; Fr.: 9.00 &#8211; 17.00 Uhr Anschrift: Eichbergstra\u00dfe 4, 8121 Deutschfeistritz Mobil: 0043 664 24 11 307 Bankverbindung:\u00a0BAWAG &#8211; P.S.K, lautend auf Ingeborg H\u00e4rtel BIC: BAWAATWW , IBAN: AT40 6000 0000 8127 0299 Redaktion: Ingeborg Magdalena H\u00e4rtel, Hermann H\u00e4rtel, Hans Christian Neuhold Redaktionsadresse: Eichbergstra\u00dfe 4, 8121 Deutschfeistritz Gestaltung der Website: [&hellip;]\" \/>\n<meta property=\"og:url\" content=\"https:\/\/www.tradmotion.at\/tradneu\/impressum\/\" \/>\n<meta property=\"og:site_name\" content=\"Tradmotion\" \/>\n<meta property=\"article:modified_time\" content=\"2024-01-14T17:41:12+00:00\" \/>\n<meta name=\"twitter:label1\" content=\"Gesch\u00e4tzte Lesezeit\" \/>\n\t<meta name=\"twitter:data1\" content=\"2\u00a0Minuten\" \/>\n<script type=\"application\/ld+json\" class=\"yoast-schema-graph\">{\"@context\":\"https:\\\/\\\/schema.org\",\"@graph\":[{\"@type\":\"WebPage\",\"@id\":\"https:\\\/\\\/www.tradmotion.at\\\/tradneu\\\/impressum\\\/\",\"url\":\"https:\\\/\\\/www.tradmotion.at\\\/tradneu\\\/impressum\\\/\",\"name\":\"Impressum | Tradmotion\",\"isPartOf\":{\"@id\":\"https:\\\/\\\/www.tradmotion.at\\\/tradneu\\\/#website\"},\"datePublished\":\"2013-11-26T18:10:22+00:00\",\"dateModified\":\"2024-01-14T17:41:12+00:00\",\"breadcrumb\":{\"@id\":\"https:\\\/\\\/www.tradmotion.at\\\/tradneu\\\/impressum\\\/#breadcrumb\"},\"inLanguage\":\"de\",\"potentialAction\":[{\"@type\":\"ReadAction\",\"target\":[\"https:\\\/\\\/www.tradmotion.at\\\/tradneu\\\/impressum\\\/\"]}]},{\"@type\":\"BreadcrumbList\",\"@id\":\"https:\\\/\\\/www.tradmotion.at\\\/tradneu\\\/impressum\\\/#breadcrumb\",\"itemListElement\":[{\"@type\":\"ListItem\",\"position\":1,\"name\":\"Home\",\"item\":\"https:\\\/\\\/www.tradmotion.at\\\/tradneu\\\/\"},{\"@type\":\"ListItem\",\"position\":2,\"name\":\"Impressum\"}]},{\"@type\":\"WebSite\",\"@id\":\"https:\\\/\\\/www.tradmotion.at\\\/tradneu\\\/#website\",\"url\":\"https:\\\/\\\/www.tradmotion.at\\\/tradneu\\\/\",\"name\":\"Tradmotion\",\"description\":\"Tradition &amp; Emotion\",\"publisher\":{\"@id\":\"https:\\\/\\\/www.tradmotion.at\\\/tradneu\\\/#organization\"},\"potentialAction\":[{\"@type\":\"SearchAction\",\"target\":{\"@type\":\"EntryPoint\",\"urlTemplate\":\"https:\\\/\\\/www.tradmotion.at\\\/tradneu\\\/?s={search_term_string}\"},\"query-input\":{\"@type\":\"PropertyValueSpecification\",\"valueRequired\":true,\"valueName\":\"search_term_string\"}}],\"inLanguage\":\"de\"},{\"@type\":\"Organization\",\"@id\":\"https:\\\/\\\/www.tradmotion.at\\\/tradneu\\\/#organization\",\"name\":\"Tradmotion\",\"url\":\"https:\\\/\\\/www.tradmotion.at\\\/tradneu\\\/\",\"logo\":{\"@type\":\"ImageObject\",\"inLanguage\":\"de\",\"@id\":\"https:\\\/\\\/www.tradmotion.at\\\/tradneu\\\/#\\\/schema\\\/logo\\\/image\\\/\",\"url\":\"http:\\\/\\\/www.tradmotion.at\\\/tradneu\\\/wp-content\\\/uploads\\\/cropped-Logo_Tradmotion_red.png\",\"contentUrl\":\"http:\\\/\\\/www.tradmotion.at\\\/tradneu\\\/wp-content\\\/uploads\\\/cropped-Logo_Tradmotion_red.png\",\"width\":512,\"height\":512,\"caption\":\"Tradmotion\"},\"image\":{\"@id\":\"https:\\\/\\\/www.tradmotion.at\\\/tradneu\\\/#\\\/schema\\\/logo\\\/image\\\/\"}}]}<\/script>\n<!-- \/ Yoast SEO plugin. -->","yoast_head_json":{"title":"Impressum | Tradmotion","robots":{"index":"index","follow":"follow","max-snippet":"max-snippet:-1","max-image-preview":"max-image-preview:large","max-video-preview":"max-video-preview:-1"},"canonical":"https:\/\/www.tradmotion.at\/tradneu\/impressum\/","og_locale":"de_DE","og_type":"article","og_title":"Impressum | Tradmotion","og_description":"Betreiber: Tradmotion.at, Inhaberin der Domain: Ingeborg H\u00e4rtel Email:\u00a0office@tradmotion.at B\u00fcrozeiten: Mo. &#8211; Fr.: 9.00 &#8211; 17.00 Uhr Anschrift: Eichbergstra\u00dfe 4, 8121 Deutschfeistritz Mobil: 0043 664 24 11 307 Bankverbindung:\u00a0BAWAG &#8211; P.S.K, lautend auf Ingeborg H\u00e4rtel BIC: BAWAATWW , IBAN: AT40 6000 0000 8127 0299 Redaktion: Ingeborg Magdalena H\u00e4rtel, Hermann H\u00e4rtel, Hans Christian Neuhold Redaktionsadresse: Eichbergstra\u00dfe 4, 8121 Deutschfeistritz Gestaltung der Website: [&hellip;]","og_url":"https:\/\/www.tradmotion.at\/tradneu\/impressum\/","og_site_name":"Tradmotion","article_modified_time":"2024-01-14T17:41:12+00:00","twitter_misc":{"Gesch\u00e4tzte Lesezeit":"2\u00a0Minuten"},"schema":{"@context":"https:\/\/schema.org","@graph":[{"@type":"WebPage","@id":"https:\/\/www.tradmotion.at\/tradneu\/impressum\/","url":"https:\/\/www.tradmotion.at\/tradneu\/impressum\/","name":"Impressum | Tradmotion","isPartOf":{"@id":"https:\/\/www.tradmotion.at\/tradneu\/#website"},"datePublished":"2013-11-26T18:10:22+00:00","dateModified":"2024-01-14T17:41:12+00:00","breadcrumb":{"@id":"https:\/\/www.tradmotion.at\/tradneu\/impressum\/#breadcrumb"},"inLanguage":"de","potentialAction":[{"@type":"ReadAction","target":["https:\/\/www.tradmotion.at\/tradneu\/impressum\/"]}]},{"@type":"BreadcrumbList","@id":"https:\/\/www.tradmotion.at\/tradneu\/impressum\/#breadcrumb","itemListElement":[{"@type":"ListItem","position":1,"name":"Home","item":"https:\/\/www.tradmotion.at\/tradneu\/"},{"@type":"ListItem","position":2,"name":"Impressum"}]},{"@type":"WebSite","@id":"https:\/\/www.tradmotion.at\/tradneu\/#website","url":"https:\/\/www.tradmotion.at\/tradneu\/","name":"Tradmotion","description":"Tradition &amp; Emotion","publisher":{"@id":"https:\/\/www.tradmotion.at\/tradneu\/#organization"},"potentialAction":[{"@type":"SearchAction","target":{"@type":"EntryPoint","urlTemplate":"https:\/\/www.tradmotion.at\/tradneu\/?s={search_term_string}"},"query-input":{"@type":"PropertyValueSpecification","valueRequired":true,"valueName":"search_term_string"}}],"inLanguage":"de"},{"@type":"Organization","@id":"https:\/\/www.tradmotion.at\/tradneu\/#organization","name":"Tradmotion","url":"https:\/\/www.tradmotion.at\/tradneu\/","logo":{"@type":"ImageObject","inLanguage":"de","@id":"https:\/\/www.tradmotion.at\/tradneu\/#\/schema\/logo\/image\/","url":"http:\/\/www.tradmotion.at\/tradneu\/wp-content\/uploads\/cropped-Logo_Tradmotion_red.png","contentUrl":"http:\/\/www.tradmotion.at\/tradneu\/wp-content\/uploads\/cropped-Logo_Tradmotion_red.png","width":512,"height":512,"caption":"Tradmotion"},"image":{"@id":"https:\/\/www.tradmotion.at\/tradneu\/#\/schema\/logo\/image\/"}}]}},"_links":{"self":[{"href":"https:\/\/www.tradmotion.at\/tradneu\/wp-json\/wp\/v2\/pages\/5231","targetHints":{"allow":["GET"]}}],"collection":[{"href":"https:\/\/www.tradmotion.at\/tradneu\/wp-json\/wp\/v2\/pages"}],"about":[{"href":"https:\/\/www.tradmotion.at\/tradneu\/wp-json\/wp\/v2\/types\/page"}],"author":[{"embeddable":true,"href":"https:\/\/www.tradmotion.at\/tradneu\/wp-json\/wp\/v2\/users\/3"}],"replies":[{"embeddable":true,"href":"https:\/\/www.tradmotion.at\/tradneu\/wp-json\/wp\/v2\/comments?post=5231"}],"version-history":[{"count":13,"href":"https:\/\/www.tradmotion.at\/tradneu\/wp-json\/wp\/v2\/pages\/5231\/revisions"}],"predecessor-version":[{"id":8247,"href":"https:\/\/www.tradmotion.at\/tradneu\/wp-json\/wp\/v2\/pages\/5231\/revisions\/8247"}],"wp:attachment":[{"href":"https:\/\/www.tradmotion.at\/tradneu\/wp-json\/wp\/v2\/media?parent=5231"}],"curies":[{"name":"wp","href":"https:\/\/api.w.org\/{rel}","templated":true}]}}