{"id":5242,"date":"2013-11-27T01:29:57","date_gmt":"2013-11-26T23:29:57","guid":{"rendered":"http:\/\/www.tradmotion.at\/tradneu\/?page_id=5242"},"modified":"2025-10-31T21:42:14","modified_gmt":"2025-10-31T20:42:14","slug":"allgemeine-geschaeftsbedingungen","status":"publish","type":"page","link":"https:\/\/www.tradmotion.at\/tradneu\/allgemeine-geschaeftsbedingungen\/","title":{"rendered":"Allgemeine Gesch\u00e4ftsbedingungen"},"content":{"rendered":"<div class=\"fusion-title title fusion-title-size-two\"><h2 class=\"title-heading-left\">Allgemeine Gesch\u00e4ftsbedingungen<\/h2><div class=\"title-sep-container\"><div class=\"title-sep sep-double\"><\/div><\/div><\/div>\nSoweit nichts Gegenteiliges vereinbart wurde, gelten unsere Allgemeinen Gesch\u00e4ftsbedingungen.<\/p>\n<p><strong>01 Kursanmeldung\/Bezahlung<\/strong><br \/>\nDie Kursanmeldung erfolgt schriftlich per Post oder email. Unmittelbar nach der Anmeldung erhalten Sie eine automatisierte schriftliche Best\u00e4tigung \u00fcber den Eingang ihrer Anmeldung, Informationen zum Kurs und die Kontodaten f\u00fcr die Bezahlung des Beitrages folgen in einer pers\u00f6nlichen per email bzw. per Post.\u00a0 Die Kursanmeldung ist verbindlich, bei Abmeldung treten die Stornobedingungen (02) in Kraft.<\/p>\n<p><strong>02 Stornobedingungen<\/strong><\/p>\n<p>Die Stornierung muss schriftlich per Post oder email erfolgen.<\/p>\n<p>Bei Abmeldung Bei \u00a0Abmeldung bis 30 Tage vor Beginn des Kurses werden 30% vom gesamten Beitrag verrechnet, bis 10 Tage vor Kursbeginn werden 50 % des Beitrages, danach und bei Nichtabmeldung\u00a0 bzw. Nichterscheinen wird der gesamte Beitrag in Rechnung gestellt. Nichterscheinen bzw. Nichtbezahlung des Kursbeitrages ist keine Stornierung.<\/p>\n<p><strong>03 Eigenverantwortung und Gesundheitszustand<\/strong><br \/>\nDie Teilnahme erfolgt auf eigene Gefahr und auf eigenes Risiko. Bei Unsicherheit \u00fcber den gesundheitlichen Zustand ersuchen wir die Teilnehmerinnen und Teilnehmer, \u00e4rztliche Hilfe in Anspruch zu nehmen. Bei vorzeitigem Reiseabbruch besteht kein Anspruch auf R\u00fcckerstattung einer Leistung.<\/p>\n<p><strong>04 Absage der Veranstaltung\/Kurses seitens des Veranstalters<\/strong><br \/>\nDer Veranstalter beh\u00e4lt sich vor, bei zu geringer Teilnehmerzahl, aus wetterbedingten Gr\u00fcnden sowie Erkrankung der Kursleiter, den Kurs abzusagen. Bereits einbezahlte Betr\u00e4ge werden in diesem Falle r\u00fcckerstattet.<\/p>\n<p><strong>05 Unerwartete Ereignisse<br \/>\n<\/strong>Auf unerwartete Ereignisse\/Naturereignisse\/h\u00f6here Gewalt\/Covid-Infektionen und daraus resultierende Programm\u00e4nderungen bzw. vorzeitiger Abbruch der bereits laufenden Veranstaltung haben wir keinen Einflu\u00df und es besteht kein Gew\u00e4hrleistungsanspruch\/Anspruch auf Kurserstattung. Sollten aus diesem Grunde zus\u00e4tzliche Kosten (Transport, etc. \u2026) entstehen, sind sie von den Teilnehmerinnen und Teilnehmer zu tragen.<\/p>\n<p><strong>06 \u00c4nderung des Programmablaufes\/der Wanderroute<br \/>\n<\/strong>Aus triftigen Gr\u00fcnden wie schlechte Wettervorhersage, Wetterverschlechterung w\u00e4hrend der Veranstaltung, gesundheitliche Probleme mit Gruppenmitgliedern beh\u00e4lt sich der Veranstalter vor, den Ablauf des Programmes sowie die Wanderroute abzu\u00e4ndern.<\/p>\n<p><strong>07 Gehzeitenangaben<br \/>\n<\/strong>Die Einsch\u00e4tzung des Tourencharakters bezieht sich auf durchschnittliche Bedingungen, die Gehzeiten k\u00f6nnen abweichen, sie ergeben sich aus dem Gehtempo der Gruppe sowie den Verh\u00e4ltnissen vor Ort.<\/p>\n<p><strong>08 Bestellung\/Preise\/Versandkosten\/R\u00fccktrittsrecht<br \/>\n<\/strong>Die Ware bleibt bis zur vollst\u00e4ndigen Bezahlung des Warenpreises sowie Spesen des Versandes im Eigentum von Tradmotion. Die angegebenen Preise verstehen sich ohne Mwst, jedoch zuz\u00fcglich Versandspesen. Mit der Bestellung erhalten sie eine Rechnung mit den n\u00f6tigen Kontodaten (IBAN und BIC).<br \/>\nR\u00fcckgabe\/Umtausch: Die bestellte Ware mu\u00df im ungebrauchten, originalverpacktem Zustand zur\u00fcckgeschickt werden, die Kosten der R\u00fccksendung geht zu Lasten des Kunden. Ge\u00f6ffnete CDs sowie ge\u00f6ffnete Jodelschulen werden nicht zur\u00fcckgenommen bzw. umgetauscht. Sollte das originalverpackte Produkt Gebrauchsspuren aufweisen, behalten wir uns vor einen angemessenen Betrag f\u00fcr die Wertminderung zu verrechnen.<\/p>\n<p><strong>09 Datenschutz<br \/>\n<\/strong>Unsere Kursteilnehmerinnen und Teilnehmer sowie Kundinnen und Kunden erkl\u00e4ren sich einverstanden, dass ihre Adressen zwecks postalischer und elektronischer Zusendungen archiviert und verwendet werden. Die Daten werden nicht an Dritte weitergegeben, Speicherdauer bis auf Widerruf.<\/p>\n<p><strong>10 Abdruckgenehmigung\/Ver\u00f6ffentlichung von Tonaufnahmen<br \/>\n<\/strong>Noten und Texte sowie Tonaufnahmen von Tradmotion d\u00fcrfen nicht ohne ausdr\u00fcckliche Genehmigung vervielf\u00e4ltigt und ver\u00f6ffentlicht werden.<\/p>\n<p><strong>11 Fotos\/Bildrechte<br \/>\n<\/strong>Fotos von unseren Kursen (auch von den TeilnehmerInnen zur Verf\u00fcgung gestellte) auf denen TeilnehmerInnen abgebildet sind, werden archiviert. Wir behalten uns vor ohne Nachfrage und ohne Ver\u00f6ffentlichungshonorar, diese zur Bebilderung unserer Homepage, gedruckten Foldern und Kursank\u00fcndigung in der Presse zu verwenden. M\u00f6chte jemand nicht fotografiert\/abgebildet werden wollen, ersuchen wir um Bekanntgabe.<\/p>\n<p>S\u00e4mtliche Bildrechte liegen bei Tradmotion und d\u00fcrfen nicht ohne ausdr\u00fcckliche Genehmigung ver\u00f6ffentlicht werden.<\/p>\n<p><strong>12 Irrt\u00fcmer\/Fehler<br \/>\n<\/strong>Druck- und Satzfehler, irrt\u00fcmliche Angaben zu Preis und Programm k\u00f6nnen vorkommen. In diesem Fall werden sie von uns in der Anmeldebest\u00e4tigung korrigiert.<\/p>\n<p><strong>13 Veranstalter\/Gerichtsstand<br \/>\n<\/strong>Veranstalter ist Tradmotion (au\u00dfer anders angegeben).<br \/>\nIngeborg Magdalena H\u00e4rtel, Eichbergstra\u00dfe 4, 8121 Deutschfeistritz, \u00d6sterreich<br \/>\nGerichtsstand ist Graz<br \/>\nBankverbindung: BAWAG &#8211; P.S.K,\u00a0 lautend auf Ingeborg H\u00e4rtel<br \/>\nBIC: BAWAATWW, IBAN: AT40 6000 0000 8127 0299<\/p>\n","protected":false},"excerpt":{"rendered":"<p>Soweit nichts Gegenteiliges vereinbart wurde, gelten unsere Allgemeinen Gesch\u00e4ftsbedingungen. 01 Kursanmeldung\/Bezahlung Die Kursanmeldung erfolgt schriftlich per Post oder email. Unmittelbar nach der Anmeldung erhalten Sie eine automatisierte schriftliche Best\u00e4tigung \u00fcber den Eingang ihrer Anmeldung, Informationen zum Kurs und die Kontodaten f\u00fcr die Bezahlung des Beitrages folgen in einer pers\u00f6nlichen per email bzw. per Post.\u00a0 Die Kursanmeldung ist verbindlich, bei Abmeldung [&hellip;]<\/p>\n","protected":false},"author":3,"featured_media":0,"parent":0,"menu_order":19,"comment_status":"open","ping_status":"open","template":"","meta":{"_monsterinsights_skip_tracking":false,"_monsterinsights_sitenote_active":false,"_monsterinsights_sitenote_note":"","_monsterinsights_sitenote_category":0,"footnotes":""},"class_list":["post-5242","page","type-page","status-publish","hentry"],"yoast_head":"<!-- This site is optimized with the Yoast SEO plugin v27.3 - https:\/\/yoast.com\/product\/yoast-seo-wordpress\/ -->\n<title>Allgemeine Gesch\u00e4ftsbedingungen | Tradmotion<\/title>\n<meta name=\"robots\" content=\"index, follow, max-snippet:-1, max-image-preview:large, max-video-preview:-1\" \/>\n<link rel=\"canonical\" href=\"https:\/\/www.tradmotion.at\/tradneu\/allgemeine-geschaeftsbedingungen\/\" \/>\n<meta property=\"og:locale\" content=\"de_DE\" \/>\n<meta property=\"og:type\" content=\"article\" \/>\n<meta property=\"og:title\" content=\"Allgemeine Gesch\u00e4ftsbedingungen | Tradmotion\" \/>\n<meta property=\"og:description\" content=\"Soweit nichts Gegenteiliges vereinbart wurde, gelten unsere Allgemeinen Gesch\u00e4ftsbedingungen. 01 Kursanmeldung\/Bezahlung Die Kursanmeldung erfolgt schriftlich per Post oder email. Unmittelbar nach der Anmeldung erhalten Sie eine automatisierte schriftliche Best\u00e4tigung \u00fcber den Eingang ihrer Anmeldung, Informationen zum Kurs und die Kontodaten f\u00fcr die Bezahlung des Beitrages folgen in einer pers\u00f6nlichen per email bzw. per Post.\u00a0 Die Kursanmeldung ist verbindlich, bei Abmeldung [&hellip;]\" \/>\n<meta property=\"og:url\" content=\"https:\/\/www.tradmotion.at\/tradneu\/allgemeine-geschaeftsbedingungen\/\" \/>\n<meta property=\"og:site_name\" content=\"Tradmotion\" \/>\n<meta property=\"article:modified_time\" content=\"2025-10-31T20:42:14+00:00\" \/>\n<meta name=\"twitter:label1\" content=\"Gesch\u00e4tzte Lesezeit\" \/>\n\t<meta name=\"twitter:data1\" content=\"3\u00a0Minuten\" \/>\n<script type=\"application\/ld+json\" class=\"yoast-schema-graph\">{\"@context\":\"https:\\\/\\\/schema.org\",\"@graph\":[{\"@type\":\"WebPage\",\"@id\":\"https:\\\/\\\/www.tradmotion.at\\\/tradneu\\\/allgemeine-geschaeftsbedingungen\\\/\",\"url\":\"https:\\\/\\\/www.tradmotion.at\\\/tradneu\\\/allgemeine-geschaeftsbedingungen\\\/\",\"name\":\"Allgemeine Gesch\u00e4ftsbedingungen | Tradmotion\",\"isPartOf\":{\"@id\":\"https:\\\/\\\/www.tradmotion.at\\\/tradneu\\\/#website\"},\"datePublished\":\"2013-11-26T23:29:57+00:00\",\"dateModified\":\"2025-10-31T20:42:14+00:00\",\"breadcrumb\":{\"@id\":\"https:\\\/\\\/www.tradmotion.at\\\/tradneu\\\/allgemeine-geschaeftsbedingungen\\\/#breadcrumb\"},\"inLanguage\":\"de\",\"potentialAction\":[{\"@type\":\"ReadAction\",\"target\":[\"https:\\\/\\\/www.tradmotion.at\\\/tradneu\\\/allgemeine-geschaeftsbedingungen\\\/\"]}]},{\"@type\":\"BreadcrumbList\",\"@id\":\"https:\\\/\\\/www.tradmotion.at\\\/tradneu\\\/allgemeine-geschaeftsbedingungen\\\/#breadcrumb\",\"itemListElement\":[{\"@type\":\"ListItem\",\"position\":1,\"name\":\"Home\",\"item\":\"https:\\\/\\\/www.tradmotion.at\\\/tradneu\\\/\"},{\"@type\":\"ListItem\",\"position\":2,\"name\":\"Allgemeine Gesch\u00e4ftsbedingungen\"}]},{\"@type\":\"WebSite\",\"@id\":\"https:\\\/\\\/www.tradmotion.at\\\/tradneu\\\/#website\",\"url\":\"https:\\\/\\\/www.tradmotion.at\\\/tradneu\\\/\",\"name\":\"Tradmotion\",\"description\":\"Tradition &amp; Emotion\",\"publisher\":{\"@id\":\"https:\\\/\\\/www.tradmotion.at\\\/tradneu\\\/#organization\"},\"potentialAction\":[{\"@type\":\"SearchAction\",\"target\":{\"@type\":\"EntryPoint\",\"urlTemplate\":\"https:\\\/\\\/www.tradmotion.at\\\/tradneu\\\/?s={search_term_string}\"},\"query-input\":{\"@type\":\"PropertyValueSpecification\",\"valueRequired\":true,\"valueName\":\"search_term_string\"}}],\"inLanguage\":\"de\"},{\"@type\":\"Organization\",\"@id\":\"https:\\\/\\\/www.tradmotion.at\\\/tradneu\\\/#organization\",\"name\":\"Tradmotion\",\"url\":\"https:\\\/\\\/www.tradmotion.at\\\/tradneu\\\/\",\"logo\":{\"@type\":\"ImageObject\",\"inLanguage\":\"de\",\"@id\":\"https:\\\/\\\/www.tradmotion.at\\\/tradneu\\\/#\\\/schema\\\/logo\\\/image\\\/\",\"url\":\"http:\\\/\\\/www.tradmotion.at\\\/tradneu\\\/wp-content\\\/uploads\\\/cropped-Logo_Tradmotion_red.png\",\"contentUrl\":\"http:\\\/\\\/www.tradmotion.at\\\/tradneu\\\/wp-content\\\/uploads\\\/cropped-Logo_Tradmotion_red.png\",\"width\":512,\"height\":512,\"caption\":\"Tradmotion\"},\"image\":{\"@id\":\"https:\\\/\\\/www.tradmotion.at\\\/tradneu\\\/#\\\/schema\\\/logo\\\/image\\\/\"}}]}<\/script>\n<!-- \/ Yoast SEO plugin. -->","yoast_head_json":{"title":"Allgemeine Gesch\u00e4ftsbedingungen | Tradmotion","robots":{"index":"index","follow":"follow","max-snippet":"max-snippet:-1","max-image-preview":"max-image-preview:large","max-video-preview":"max-video-preview:-1"},"canonical":"https:\/\/www.tradmotion.at\/tradneu\/allgemeine-geschaeftsbedingungen\/","og_locale":"de_DE","og_type":"article","og_title":"Allgemeine Gesch\u00e4ftsbedingungen | Tradmotion","og_description":"Soweit nichts Gegenteiliges vereinbart wurde, gelten unsere Allgemeinen Gesch\u00e4ftsbedingungen. 01 Kursanmeldung\/Bezahlung Die Kursanmeldung erfolgt schriftlich per Post oder email. Unmittelbar nach der Anmeldung erhalten Sie eine automatisierte schriftliche Best\u00e4tigung \u00fcber den Eingang ihrer Anmeldung, Informationen zum Kurs und die Kontodaten f\u00fcr die Bezahlung des Beitrages folgen in einer pers\u00f6nlichen per email bzw. per Post.\u00a0 Die Kursanmeldung ist verbindlich, bei Abmeldung [&hellip;]","og_url":"https:\/\/www.tradmotion.at\/tradneu\/allgemeine-geschaeftsbedingungen\/","og_site_name":"Tradmotion","article_modified_time":"2025-10-31T20:42:14+00:00","twitter_misc":{"Gesch\u00e4tzte Lesezeit":"3\u00a0Minuten"},"schema":{"@context":"https:\/\/schema.org","@graph":[{"@type":"WebPage","@id":"https:\/\/www.tradmotion.at\/tradneu\/allgemeine-geschaeftsbedingungen\/","url":"https:\/\/www.tradmotion.at\/tradneu\/allgemeine-geschaeftsbedingungen\/","name":"Allgemeine Gesch\u00e4ftsbedingungen | Tradmotion","isPartOf":{"@id":"https:\/\/www.tradmotion.at\/tradneu\/#website"},"datePublished":"2013-11-26T23:29:57+00:00","dateModified":"2025-10-31T20:42:14+00:00","breadcrumb":{"@id":"https:\/\/www.tradmotion.at\/tradneu\/allgemeine-geschaeftsbedingungen\/#breadcrumb"},"inLanguage":"de","potentialAction":[{"@type":"ReadAction","target":["https:\/\/www.tradmotion.at\/tradneu\/allgemeine-geschaeftsbedingungen\/"]}]},{"@type":"BreadcrumbList","@id":"https:\/\/www.tradmotion.at\/tradneu\/allgemeine-geschaeftsbedingungen\/#breadcrumb","itemListElement":[{"@type":"ListItem","position":1,"name":"Home","item":"https:\/\/www.tradmotion.at\/tradneu\/"},{"@type":"ListItem","position":2,"name":"Allgemeine Gesch\u00e4ftsbedingungen"}]},{"@type":"WebSite","@id":"https:\/\/www.tradmotion.at\/tradneu\/#website","url":"https:\/\/www.tradmotion.at\/tradneu\/","name":"Tradmotion","description":"Tradition &amp; Emotion","publisher":{"@id":"https:\/\/www.tradmotion.at\/tradneu\/#organization"},"potentialAction":[{"@type":"SearchAction","target":{"@type":"EntryPoint","urlTemplate":"https:\/\/www.tradmotion.at\/tradneu\/?s={search_term_string}"},"query-input":{"@type":"PropertyValueSpecification","valueRequired":true,"valueName":"search_term_string"}}],"inLanguage":"de"},{"@type":"Organization","@id":"https:\/\/www.tradmotion.at\/tradneu\/#organization","name":"Tradmotion","url":"https:\/\/www.tradmotion.at\/tradneu\/","logo":{"@type":"ImageObject","inLanguage":"de","@id":"https:\/\/www.tradmotion.at\/tradneu\/#\/schema\/logo\/image\/","url":"http:\/\/www.tradmotion.at\/tradneu\/wp-content\/uploads\/cropped-Logo_Tradmotion_red.png","contentUrl":"http:\/\/www.tradmotion.at\/tradneu\/wp-content\/uploads\/cropped-Logo_Tradmotion_red.png","width":512,"height":512,"caption":"Tradmotion"},"image":{"@id":"https:\/\/www.tradmotion.at\/tradneu\/#\/schema\/logo\/image\/"}}]}},"_links":{"self":[{"href":"https:\/\/www.tradmotion.at\/tradneu\/wp-json\/wp\/v2\/pages\/5242","targetHints":{"allow":["GET"]}}],"collection":[{"href":"https:\/\/www.tradmotion.at\/tradneu\/wp-json\/wp\/v2\/pages"}],"about":[{"href":"https:\/\/www.tradmotion.at\/tradneu\/wp-json\/wp\/v2\/types\/page"}],"author":[{"embeddable":true,"href":"https:\/\/www.tradmotion.at\/tradneu\/wp-json\/wp\/v2\/users\/3"}],"replies":[{"embeddable":true,"href":"https:\/\/www.tradmotion.at\/tradneu\/wp-json\/wp\/v2\/comments?post=5242"}],"version-history":[{"count":24,"href":"https:\/\/www.tradmotion.at\/tradneu\/wp-json\/wp\/v2\/pages\/5242\/revisions"}],"predecessor-version":[{"id":8433,"href":"https:\/\/www.tradmotion.at\/tradneu\/wp-json\/wp\/v2\/pages\/5242\/revisions\/8433"}],"wp:attachment":[{"href":"https:\/\/www.tradmotion.at\/tradneu\/wp-json\/wp\/v2\/media?parent=5242"}],"curies":[{"name":"wp","href":"https:\/\/api.w.org\/{rel}","templated":true}]}}