{"id":7119,"date":"2017-07-22T11:10:18","date_gmt":"2017-07-22T09:10:18","guid":{"rendered":"http:\/\/www.tradmotion.at\/tradneu\/?page_id=7119"},"modified":"2017-11-27T21:01:39","modified_gmt":"2017-11-27T19:01:39","slug":"jodler-app","status":"publish","type":"page","link":"https:\/\/www.tradmotion.at\/tradneu\/jodler-app\/","title":{"rendered":"NEU! Die Jodler-App"},"content":{"rendered":"<p><a href=\"https:\/\/www.tradmotion.at\/tradneu\/wp-content\/uploads\/Jodler_app_vinzenz_plain_XS.jpg\" rel=\"attachment wp-att-7168\"><img loading=\"lazy\" decoding=\"async\" class=\"alignnone wp-image-7168\" src=\"https:\/\/www.tradmotion.at\/tradneu\/wp-content\/uploads\/Jodler_app_vinzenz_plain_XS-300x300.jpg\" alt=\"Jodler App Vinzenz\" width=\"312\" height=\"312\" srcset=\"https:\/\/www.tradmotion.at\/tradneu\/wp-content\/uploads\/Jodler_app_vinzenz_plain_XS-300x300.jpg 300w, https:\/\/www.tradmotion.at\/tradneu\/wp-content\/uploads\/Jodler_app_vinzenz_plain_XS-150x150.jpg 150w, https:\/\/www.tradmotion.at\/tradneu\/wp-content\/uploads\/Jodler_app_vinzenz_plain_XS-120x120.jpg 120w, https:\/\/www.tradmotion.at\/tradneu\/wp-content\/uploads\/Jodler_app_vinzenz_plain_XS-500x500.jpg 500w, https:\/\/www.tradmotion.at\/tradneu\/wp-content\/uploads\/Jodler_app_vinzenz_plain_XS-66x66.jpg 66w, https:\/\/www.tradmotion.at\/tradneu\/wp-content\/uploads\/Jodler_app_vinzenz_plain_XS-300x300.jpg 591w\" sizes=\"auto, (max-width: 312px) 100vw, 312px\" \/><\/a><\/p>\n<p>Die <strong>Jodler-App<\/strong> verf\u00fchrt Dich dazu,<br \/>\nin 2 Minuten Deinen ersten Jodler zu lernen.<\/p>\n<p><em>Wie verkn\u00fcpfe ich die Jodlersilben mit den T\u00f6nen?<\/em><br \/>\n<em> Warum habe ich Schwierigkeiten mit dem Jodeln?<\/em><\/p>\n<p>Jetzt gibt es weltweit erstmalig Abhilfe. Jodeln ist ganz einfach und ungef\u00e4hrlich.<\/p>\n<p>Der Spa\u00df lohnt sich, denn die <strong>Jodler-App<\/strong> besitzt eine Sammlung von \u00fcber <strong>60 Jodlern<\/strong> (4 kostenlos), die Du Dir aneignen kannst.<\/p>\n<p>Ausgestattet mit vielen praktischen Funktionen und Informationen \u00fcber das Jodeln ist die Jodler-App ein Garant daf\u00fcr,<br \/>\nab sofort stets einen Jodler auf den Lippen zu haben.<\/p>\n<p>&nbsp;<\/p>\n<p><a href=\"https:\/\/play.google.com\/store\/apps\/details?id=com.garzotto.jodler\" rel=\"attachment wp-att-7155\"><img loading=\"lazy\" decoding=\"async\" class=\"alignnone wp-image-7155\" src=\"https:\/\/www.tradmotion.at\/tradneu\/wp-content\/uploads\/Google-Play.png\" alt=\"Google Play\" width=\"169\" height=\"50\" srcset=\"https:\/\/www.tradmotion.at\/tradneu\/wp-content\/uploads\/Google-Play.png 640w, https:\/\/www.tradmotion.at\/tradneu\/wp-content\/uploads\/Google-Play-300x89.png 300w, https:\/\/www.tradmotion.at\/tradneu\/wp-content\/uploads\/Google-Play-120x36.png 120w, https:\/\/www.tradmotion.at\/tradneu\/wp-content\/uploads\/Google-Play-500x148.png 500w\" sizes=\"auto, (max-width: 169px) 100vw, 169px\" \/><\/a><\/p>\n<p><a href=\"https:\/\/play.google.com\/store\/apps\/details?id=com.garzotto.jodler\" target=\"_blank\">Hier gehts zum GRATIS-DOWNLOAD: Jodler f\u00fcr Android<\/a><\/p>\n<p><a href=\"https:\/\/itunes.apple.com\/ch\/app\/jodler\/id1199340420?l=en&amp;mt=8\" rel=\"attachment wp-att-7155\"><img loading=\"lazy\" decoding=\"async\" class=\"alignnone wp-image-7154\" src=\"https:\/\/www.tradmotion.at\/tradneu\/wp-content\/uploads\/Mac-Store.png\" alt=\"Mac Store\" width=\"169\" height=\"42\" srcset=\"https:\/\/www.tradmotion.at\/tradneu\/wp-content\/uploads\/Mac-Store.png 165w, https:\/\/www.tradmotion.at\/tradneu\/wp-content\/uploads\/Mac-Store-120x30.png 120w\" sizes=\"auto, (max-width: 169px) 100vw, 169px\" \/><\/a><\/p>\n<p><a href=\"https:\/\/itunes.apple.com\/ch\/app\/jodler\/id1199340420?l=en&amp;mt=8\" target=\"_blank\">Hier gehts zum GRATIS-DOWNLOAD: Jodler f\u00fcr iOS<\/a><\/p>\n<p>&nbsp;<\/p>\n<p>Und wer&#8217;s gar nicht erwarten kann mit dem Jodeln, der kann seinen JODLER Klingelton hier downloaden:<\/p>\n<p><a href=\"https:\/\/www.tradmotion.at\/tradneu\/der-jodler-klingelton-fuer-ganz-schnelle\">Hier gehts zum GRATIS-DOWNLOAD: JODLER-Klingelton<\/a><\/p>\n","protected":false},"excerpt":{"rendered":"<p>Die Jodler-App verf\u00fchrt Dich dazu, in 2 Minuten Deinen ersten Jodler zu lernen. Wie verkn\u00fcpfe ich die Jodlersilben mit den T\u00f6nen? Warum habe ich Schwierigkeiten mit dem Jodeln? Jetzt gibt es weltweit erstmalig Abhilfe. Jodeln ist ganz einfach und ungef\u00e4hrlich. Der Spa\u00df lohnt sich, denn die Jodler-App besitzt eine Sammlung von \u00fcber 60 Jodlern (4 kostenlos), die Du Dir aneignen [&hellip;]<\/p>\n","protected":false},"author":2,"featured_media":0,"parent":0,"menu_order":1,"comment_status":"closed","ping_status":"closed","template":"","meta":{"_monsterinsights_skip_tracking":false,"_monsterinsights_sitenote_active":false,"_monsterinsights_sitenote_note":"","_monsterinsights_sitenote_category":0,"footnotes":""},"class_list":["post-7119","page","type-page","status-publish","hentry"],"yoast_head":"<!-- This site is optimized with the Yoast SEO plugin v27.3 - https:\/\/yoast.com\/product\/yoast-seo-wordpress\/ -->\n<title>NEU! Die Jodler-App | Tradmotion<\/title>\n<meta name=\"robots\" content=\"index, follow, max-snippet:-1, max-image-preview:large, max-video-preview:-1\" \/>\n<link rel=\"canonical\" href=\"https:\/\/www.tradmotion.at\/tradneu\/jodler-app\/\" \/>\n<meta property=\"og:locale\" content=\"de_DE\" \/>\n<meta property=\"og:type\" content=\"article\" \/>\n<meta property=\"og:title\" content=\"NEU! Die Jodler-App | Tradmotion\" \/>\n<meta property=\"og:description\" content=\"Die Jodler-App verf\u00fchrt Dich dazu, in 2 Minuten Deinen ersten Jodler zu lernen. Wie verkn\u00fcpfe ich die Jodlersilben mit den T\u00f6nen? Warum habe ich Schwierigkeiten mit dem Jodeln? Jetzt gibt es weltweit erstmalig Abhilfe. Jodeln ist ganz einfach und ungef\u00e4hrlich. Der Spa\u00df lohnt sich, denn die Jodler-App besitzt eine Sammlung von \u00fcber 60 Jodlern (4 kostenlos), die Du Dir aneignen [&hellip;]\" \/>\n<meta property=\"og:url\" content=\"https:\/\/www.tradmotion.at\/tradneu\/jodler-app\/\" \/>\n<meta property=\"og:site_name\" content=\"Tradmotion\" \/>\n<meta property=\"article:modified_time\" content=\"2017-11-27T19:01:39+00:00\" \/>\n<meta property=\"og:image\" content=\"http:\/\/www.tradmotion.at\/tradneu\/wp-content\/uploads\/Jodler_app_vinzenz_plain_XS-300x300.jpg\" \/>\n<meta name=\"twitter:label1\" content=\"Gesch\u00e4tzte Lesezeit\" \/>\n\t<meta name=\"twitter:data1\" content=\"1\u00a0Minute\" \/>\n<script type=\"application\/ld+json\" class=\"yoast-schema-graph\">{\"@context\":\"https:\\\/\\\/schema.org\",\"@graph\":[{\"@type\":\"WebPage\",\"@id\":\"https:\\\/\\\/www.tradmotion.at\\\/tradneu\\\/jodler-app\\\/\",\"url\":\"https:\\\/\\\/www.tradmotion.at\\\/tradneu\\\/jodler-app\\\/\",\"name\":\"NEU! Die Jodler-App | Tradmotion\",\"isPartOf\":{\"@id\":\"https:\\\/\\\/www.tradmotion.at\\\/tradneu\\\/#website\"},\"primaryImageOfPage\":{\"@id\":\"https:\\\/\\\/www.tradmotion.at\\\/tradneu\\\/jodler-app\\\/#primaryimage\"},\"image\":{\"@id\":\"https:\\\/\\\/www.tradmotion.at\\\/tradneu\\\/jodler-app\\\/#primaryimage\"},\"thumbnailUrl\":\"http:\\\/\\\/www.tradmotion.at\\\/tradneu\\\/wp-content\\\/uploads\\\/Jodler_app_vinzenz_plain_XS-300x300.jpg\",\"datePublished\":\"2017-07-22T09:10:18+00:00\",\"dateModified\":\"2017-11-27T19:01:39+00:00\",\"breadcrumb\":{\"@id\":\"https:\\\/\\\/www.tradmotion.at\\\/tradneu\\\/jodler-app\\\/#breadcrumb\"},\"inLanguage\":\"de\",\"potentialAction\":[{\"@type\":\"ReadAction\",\"target\":[\"https:\\\/\\\/www.tradmotion.at\\\/tradneu\\\/jodler-app\\\/\"]}]},{\"@type\":\"ImageObject\",\"inLanguage\":\"de\",\"@id\":\"https:\\\/\\\/www.tradmotion.at\\\/tradneu\\\/jodler-app\\\/#primaryimage\",\"url\":\"http:\\\/\\\/www.tradmotion.at\\\/tradneu\\\/wp-content\\\/uploads\\\/Jodler_app_vinzenz_plain_XS-300x300.jpg\",\"contentUrl\":\"http:\\\/\\\/www.tradmotion.at\\\/tradneu\\\/wp-content\\\/uploads\\\/Jodler_app_vinzenz_plain_XS-300x300.jpg\"},{\"@type\":\"BreadcrumbList\",\"@id\":\"https:\\\/\\\/www.tradmotion.at\\\/tradneu\\\/jodler-app\\\/#breadcrumb\",\"itemListElement\":[{\"@type\":\"ListItem\",\"position\":1,\"name\":\"Home\",\"item\":\"https:\\\/\\\/www.tradmotion.at\\\/tradneu\\\/\"},{\"@type\":\"ListItem\",\"position\":2,\"name\":\"NEU! Die Jodler-App\"}]},{\"@type\":\"WebSite\",\"@id\":\"https:\\\/\\\/www.tradmotion.at\\\/tradneu\\\/#website\",\"url\":\"https:\\\/\\\/www.tradmotion.at\\\/tradneu\\\/\",\"name\":\"Tradmotion\",\"description\":\"Tradition &amp; Emotion\",\"publisher\":{\"@id\":\"https:\\\/\\\/www.tradmotion.at\\\/tradneu\\\/#organization\"},\"potentialAction\":[{\"@type\":\"SearchAction\",\"target\":{\"@type\":\"EntryPoint\",\"urlTemplate\":\"https:\\\/\\\/www.tradmotion.at\\\/tradneu\\\/?s={search_term_string}\"},\"query-input\":{\"@type\":\"PropertyValueSpecification\",\"valueRequired\":true,\"valueName\":\"search_term_string\"}}],\"inLanguage\":\"de\"},{\"@type\":\"Organization\",\"@id\":\"https:\\\/\\\/www.tradmotion.at\\\/tradneu\\\/#organization\",\"name\":\"Tradmotion\",\"url\":\"https:\\\/\\\/www.tradmotion.at\\\/tradneu\\\/\",\"logo\":{\"@type\":\"ImageObject\",\"inLanguage\":\"de\",\"@id\":\"https:\\\/\\\/www.tradmotion.at\\\/tradneu\\\/#\\\/schema\\\/logo\\\/image\\\/\",\"url\":\"http:\\\/\\\/www.tradmotion.at\\\/tradneu\\\/wp-content\\\/uploads\\\/cropped-Logo_Tradmotion_red.png\",\"contentUrl\":\"http:\\\/\\\/www.tradmotion.at\\\/tradneu\\\/wp-content\\\/uploads\\\/cropped-Logo_Tradmotion_red.png\",\"width\":512,\"height\":512,\"caption\":\"Tradmotion\"},\"image\":{\"@id\":\"https:\\\/\\\/www.tradmotion.at\\\/tradneu\\\/#\\\/schema\\\/logo\\\/image\\\/\"}}]}<\/script>\n<!-- \/ Yoast SEO plugin. -->","yoast_head_json":{"title":"NEU! Die Jodler-App | Tradmotion","robots":{"index":"index","follow":"follow","max-snippet":"max-snippet:-1","max-image-preview":"max-image-preview:large","max-video-preview":"max-video-preview:-1"},"canonical":"https:\/\/www.tradmotion.at\/tradneu\/jodler-app\/","og_locale":"de_DE","og_type":"article","og_title":"NEU! Die Jodler-App | Tradmotion","og_description":"Die Jodler-App verf\u00fchrt Dich dazu, in 2 Minuten Deinen ersten Jodler zu lernen. Wie verkn\u00fcpfe ich die Jodlersilben mit den T\u00f6nen? Warum habe ich Schwierigkeiten mit dem Jodeln? Jetzt gibt es weltweit erstmalig Abhilfe. Jodeln ist ganz einfach und ungef\u00e4hrlich. Der Spa\u00df lohnt sich, denn die Jodler-App besitzt eine Sammlung von \u00fcber 60 Jodlern (4 kostenlos), die Du Dir aneignen [&hellip;]","og_url":"https:\/\/www.tradmotion.at\/tradneu\/jodler-app\/","og_site_name":"Tradmotion","article_modified_time":"2017-11-27T19:01:39+00:00","og_image":[{"url":"http:\/\/www.tradmotion.at\/tradneu\/wp-content\/uploads\/Jodler_app_vinzenz_plain_XS-300x300.jpg","type":"","width":"","height":""}],"twitter_misc":{"Gesch\u00e4tzte Lesezeit":"1\u00a0Minute"},"schema":{"@context":"https:\/\/schema.org","@graph":[{"@type":"WebPage","@id":"https:\/\/www.tradmotion.at\/tradneu\/jodler-app\/","url":"https:\/\/www.tradmotion.at\/tradneu\/jodler-app\/","name":"NEU! Die Jodler-App | Tradmotion","isPartOf":{"@id":"https:\/\/www.tradmotion.at\/tradneu\/#website"},"primaryImageOfPage":{"@id":"https:\/\/www.tradmotion.at\/tradneu\/jodler-app\/#primaryimage"},"image":{"@id":"https:\/\/www.tradmotion.at\/tradneu\/jodler-app\/#primaryimage"},"thumbnailUrl":"http:\/\/www.tradmotion.at\/tradneu\/wp-content\/uploads\/Jodler_app_vinzenz_plain_XS-300x300.jpg","datePublished":"2017-07-22T09:10:18+00:00","dateModified":"2017-11-27T19:01:39+00:00","breadcrumb":{"@id":"https:\/\/www.tradmotion.at\/tradneu\/jodler-app\/#breadcrumb"},"inLanguage":"de","potentialAction":[{"@type":"ReadAction","target":["https:\/\/www.tradmotion.at\/tradneu\/jodler-app\/"]}]},{"@type":"ImageObject","inLanguage":"de","@id":"https:\/\/www.tradmotion.at\/tradneu\/jodler-app\/#primaryimage","url":"http:\/\/www.tradmotion.at\/tradneu\/wp-content\/uploads\/Jodler_app_vinzenz_plain_XS-300x300.jpg","contentUrl":"http:\/\/www.tradmotion.at\/tradneu\/wp-content\/uploads\/Jodler_app_vinzenz_plain_XS-300x300.jpg"},{"@type":"BreadcrumbList","@id":"https:\/\/www.tradmotion.at\/tradneu\/jodler-app\/#breadcrumb","itemListElement":[{"@type":"ListItem","position":1,"name":"Home","item":"https:\/\/www.tradmotion.at\/tradneu\/"},{"@type":"ListItem","position":2,"name":"NEU! Die Jodler-App"}]},{"@type":"WebSite","@id":"https:\/\/www.tradmotion.at\/tradneu\/#website","url":"https:\/\/www.tradmotion.at\/tradneu\/","name":"Tradmotion","description":"Tradition &amp; Emotion","publisher":{"@id":"https:\/\/www.tradmotion.at\/tradneu\/#organization"},"potentialAction":[{"@type":"SearchAction","target":{"@type":"EntryPoint","urlTemplate":"https:\/\/www.tradmotion.at\/tradneu\/?s={search_term_string}"},"query-input":{"@type":"PropertyValueSpecification","valueRequired":true,"valueName":"search_term_string"}}],"inLanguage":"de"},{"@type":"Organization","@id":"https:\/\/www.tradmotion.at\/tradneu\/#organization","name":"Tradmotion","url":"https:\/\/www.tradmotion.at\/tradneu\/","logo":{"@type":"ImageObject","inLanguage":"de","@id":"https:\/\/www.tradmotion.at\/tradneu\/#\/schema\/logo\/image\/","url":"http:\/\/www.tradmotion.at\/tradneu\/wp-content\/uploads\/cropped-Logo_Tradmotion_red.png","contentUrl":"http:\/\/www.tradmotion.at\/tradneu\/wp-content\/uploads\/cropped-Logo_Tradmotion_red.png","width":512,"height":512,"caption":"Tradmotion"},"image":{"@id":"https:\/\/www.tradmotion.at\/tradneu\/#\/schema\/logo\/image\/"}}]}},"_links":{"self":[{"href":"https:\/\/www.tradmotion.at\/tradneu\/wp-json\/wp\/v2\/pages\/7119","targetHints":{"allow":["GET"]}}],"collection":[{"href":"https:\/\/www.tradmotion.at\/tradneu\/wp-json\/wp\/v2\/pages"}],"about":[{"href":"https:\/\/www.tradmotion.at\/tradneu\/wp-json\/wp\/v2\/types\/page"}],"author":[{"embeddable":true,"href":"https:\/\/www.tradmotion.at\/tradneu\/wp-json\/wp\/v2\/users\/2"}],"replies":[{"embeddable":true,"href":"https:\/\/www.tradmotion.at\/tradneu\/wp-json\/wp\/v2\/comments?post=7119"}],"version-history":[{"count":27,"href":"https:\/\/www.tradmotion.at\/tradneu\/wp-json\/wp\/v2\/pages\/7119\/revisions"}],"predecessor-version":[{"id":7302,"href":"https:\/\/www.tradmotion.at\/tradneu\/wp-json\/wp\/v2\/pages\/7119\/revisions\/7302"}],"wp:attachment":[{"href":"https:\/\/www.tradmotion.at\/tradneu\/wp-json\/wp\/v2\/media?parent=7119"}],"curies":[{"name":"wp","href":"https:\/\/api.w.org\/{rel}","templated":true}]}}