{"id":43,"date":"2013-11-08T18:28:34","date_gmt":"2013-11-08T16:28:34","guid":{"rendered":"http:\/\/www.tradmotion.at\/tradneu\/?post_type=product&#038;p=43"},"modified":"2026-03-16T21:10:45","modified_gmt":"2026-03-16T20:10:45","slug":"wir-lernen-jodeln-hausuebungen-i","status":"publish","type":"product","link":"https:\/\/www.tradmotion.at\/tradneu\/produkt\/wir-lernen-jodeln-hausuebungen-i\/","title":{"rendered":"Wir lernen jodeln &#8211; Haus\u00fcbungen I"},"content":{"rendered":"<h1>Die neue Jodelschule<\/h1>\n<h4>\u2026ist Wissensvermittlung und zugleich praktische Unterweisung.<br \/>\n\u2026ist mit der Jodel-CD, den Noten und fachlichen Beitr\u00e4gen ein kompakter Lernbehelf.<br \/>\n\u2026ist mit den zahlreichen Abbildungen ein Meisterwerk.<\/h4>\n<p>Diese Jodelschule ist das Ergebnis einer mehr als 40 j\u00e4hrigen Erfahrung der Familie H\u00e4rtel, die landauf, landab in der Vermittlung von Musik neue Ma\u00dfst\u00e4be gesetzt hat. Dazu geh\u00f6rt die Erkenntnis, dass Musik allen Menschen angeboren ist und das Bekenntnis, diese allen Menschen zug\u00e4nglich machen zu wollen. Gerade das Jodeln ist dazu geeignet, sich der eigene Stimme wieder zu besinnen und Emotionen auszuleben. Diese Jodelschule ist Franz Z\u00f6hrer (1937-2012) gewidmet. Mit seiner Hilfe gelang es den Herausgebern, eine Renaissance des Jodelns in \u00d6sterreich einzuleiten.<br \/>\nMit Beitr\u00e4gen \u00fcber das Jodeln, Zitate zum Jodeln, einer Abhandlung zu den Vorbildern und Interpreten, den Noten und Quellenangaben zu insgesamt 19 Jodlern zuz\u00fcglich Gebrauchsanleitung und der Jodler-Lern-CD mit extra abrufbaren Einzelstimmen.<\/p>\n<p><a title=\"Jodeln international\" href=\"https:\/\/www.tradmotion.at\/tradneu\/?page_id=5063\">Jodeln international<\/a><\/p>\n<p>Herausgegeben von Ingeborg Magdalena und Hermann H\u00e4rtel, Zitoll 2010 3. Auflage 2020<br \/>\nA5\/ 52 Seiten \/ 4c \/ brosch\u00fcrt mit Jodel-Lern-CD<\/p>\n","protected":false},"excerpt":{"rendered":"<p>Die neue Jodelschule \u2026ist Wissensvermittlung und zugleich praktische Unterweisung. \u2026ist mit der Jodel-CD, den Noten und fachlichen Beitr\u00e4gen ein kompakter Lernbehelf. \u2026ist mit den zahlreichen Abbildungen ein Meisterwerk. Diese Jodelschule ist das Ergebnis einer mehr als 40 j\u00e4hrigen Erfahrung der Familie H\u00e4rtel, die landauf, landab in der Vermittlung von Musik neue Ma\u00dfst\u00e4be gesetzt hat. Dazu geh\u00f6rt die Erkenntnis, dass Musik [&hellip;]<\/p>\n","protected":false},"featured_media":7114,"comment_status":"open","ping_status":"closed","template":"","meta":{"_monsterinsights_skip_tracking":false,"_monsterinsights_sitenote_active":false,"_monsterinsights_sitenote_note":"","_monsterinsights_sitenote_category":0},"product_brand":[],"product_cat":[145,14,126],"product_tag":[107,108,109],"class_list":{"0":"post-43","1":"product","2":"type-product","3":"status-publish","4":"has-post-thumbnail","6":"product_cat-buch-mit-cd","7":"product_cat-jodeln-lernen","8":"product_cat-cd","9":"product_tag-jodeln-lernen","10":"product_tag-jodelschule","11":"product_tag-jodeln","13":"first","14":"instock","15":"shipping-taxable","16":"purchasable","17":"product-type-simple"},"yoast_head":"<!-- This site is optimized with the Yoast SEO plugin v27.3 - https:\/\/yoast.com\/product\/yoast-seo-wordpress\/ -->\n<title>Wir lernen jodeln Haus\u00fcbungen I<\/title>\n<meta name=\"description\" content=\"Das Perfekte Buch f\u00fcr Einsteiger und Fortgeschrittene um von Grund auf Jodeln zu lernen.\" \/>\n<meta name=\"robots\" content=\"index, follow, max-snippet:-1, max-image-preview:large, max-video-preview:-1\" \/>\n<link rel=\"canonical\" href=\"https:\/\/www.tradmotion.at\/tradneu\/produkt\/wir-lernen-jodeln-hausuebungen-i\/\" \/>\n<meta property=\"og:locale\" content=\"de_DE\" \/>\n<meta property=\"og:type\" content=\"article\" \/>\n<meta property=\"og:title\" content=\"Wir lernen jodeln Haus\u00fcbungen I\" \/>\n<meta property=\"og:description\" content=\"Das Perfekte Buch f\u00fcr Einsteiger und Fortgeschrittene um von Grund auf Jodeln zu lernen.\" \/>\n<meta property=\"og:url\" content=\"https:\/\/www.tradmotion.at\/tradneu\/produkt\/wir-lernen-jodeln-hausuebungen-i\/\" \/>\n<meta property=\"og:site_name\" content=\"Tradmotion\" \/>\n<meta property=\"article:modified_time\" content=\"2026-03-16T20:10:45+00:00\" \/>\n<meta property=\"og:image\" content=\"https:\/\/www.tradmotion.at\/tradneu\/wp-content\/uploads\/Wir-lernen-jodeln-I-_Titelseite.jpg\" \/>\n\t<meta property=\"og:image:width\" content=\"200\" \/>\n\t<meta property=\"og:image:height\" content=\"284\" \/>\n\t<meta property=\"og:image:type\" content=\"image\/jpeg\" \/>\n<meta name=\"twitter:label1\" content=\"Gesch\u00e4tzte Lesezeit\" \/>\n\t<meta name=\"twitter:data1\" content=\"1\u00a0Minute\" \/>\n<script type=\"application\/ld+json\" class=\"yoast-schema-graph\">{\"@context\":\"https:\\\/\\\/schema.org\",\"@graph\":[{\"@type\":\"WebPage\",\"@id\":\"https:\\\/\\\/www.tradmotion.at\\\/tradneu\\\/produkt\\\/wir-lernen-jodeln-hausuebungen-i\\\/\",\"url\":\"https:\\\/\\\/www.tradmotion.at\\\/tradneu\\\/produkt\\\/wir-lernen-jodeln-hausuebungen-i\\\/\",\"name\":\"Wir lernen jodeln Haus\u00fcbungen I\",\"isPartOf\":{\"@id\":\"https:\\\/\\\/www.tradmotion.at\\\/tradneu\\\/#website\"},\"primaryImageOfPage\":{\"@id\":\"https:\\\/\\\/www.tradmotion.at\\\/tradneu\\\/produkt\\\/wir-lernen-jodeln-hausuebungen-i\\\/#primaryimage\"},\"image\":{\"@id\":\"https:\\\/\\\/www.tradmotion.at\\\/tradneu\\\/produkt\\\/wir-lernen-jodeln-hausuebungen-i\\\/#primaryimage\"},\"thumbnailUrl\":\"https:\\\/\\\/www.tradmotion.at\\\/tradneu\\\/wp-content\\\/uploads\\\/Wir-lernen-jodeln-I-_Titelseite.jpg\",\"datePublished\":\"2013-11-08T16:28:34+00:00\",\"dateModified\":\"2026-03-16T20:10:45+00:00\",\"description\":\"Das Perfekte Buch f\u00fcr Einsteiger und Fortgeschrittene um von Grund auf Jodeln zu lernen.\",\"breadcrumb\":{\"@id\":\"https:\\\/\\\/www.tradmotion.at\\\/tradneu\\\/produkt\\\/wir-lernen-jodeln-hausuebungen-i\\\/#breadcrumb\"},\"inLanguage\":\"de\",\"potentialAction\":[{\"@type\":\"ReadAction\",\"target\":[\"https:\\\/\\\/www.tradmotion.at\\\/tradneu\\\/produkt\\\/wir-lernen-jodeln-hausuebungen-i\\\/\"]}]},{\"@type\":\"ImageObject\",\"inLanguage\":\"de\",\"@id\":\"https:\\\/\\\/www.tradmotion.at\\\/tradneu\\\/produkt\\\/wir-lernen-jodeln-hausuebungen-i\\\/#primaryimage\",\"url\":\"https:\\\/\\\/www.tradmotion.at\\\/tradneu\\\/wp-content\\\/uploads\\\/Wir-lernen-jodeln-I-_Titelseite.jpg\",\"contentUrl\":\"https:\\\/\\\/www.tradmotion.at\\\/tradneu\\\/wp-content\\\/uploads\\\/Wir-lernen-jodeln-I-_Titelseite.jpg\",\"width\":200,\"height\":284},{\"@type\":\"BreadcrumbList\",\"@id\":\"https:\\\/\\\/www.tradmotion.at\\\/tradneu\\\/produkt\\\/wir-lernen-jodeln-hausuebungen-i\\\/#breadcrumb\",\"itemListElement\":[{\"@type\":\"ListItem\",\"position\":1,\"name\":\"Home\",\"item\":\"https:\\\/\\\/www.tradmotion.at\\\/tradneu\\\/\"},{\"@type\":\"ListItem\",\"position\":2,\"name\":\"Shop\",\"item\":\"https:\\\/\\\/www.tradmotion.at\\\/tradneu\\\/shop\\\/\"},{\"@type\":\"ListItem\",\"position\":3,\"name\":\"Wir lernen jodeln &#8211; Haus\u00fcbungen I\"}]},{\"@type\":\"WebSite\",\"@id\":\"https:\\\/\\\/www.tradmotion.at\\\/tradneu\\\/#website\",\"url\":\"https:\\\/\\\/www.tradmotion.at\\\/tradneu\\\/\",\"name\":\"Tradmotion\",\"description\":\"Tradition &amp; Emotion\",\"publisher\":{\"@id\":\"https:\\\/\\\/www.tradmotion.at\\\/tradneu\\\/#organization\"},\"potentialAction\":[{\"@type\":\"SearchAction\",\"target\":{\"@type\":\"EntryPoint\",\"urlTemplate\":\"https:\\\/\\\/www.tradmotion.at\\\/tradneu\\\/?s={search_term_string}\"},\"query-input\":{\"@type\":\"PropertyValueSpecification\",\"valueRequired\":true,\"valueName\":\"search_term_string\"}}],\"inLanguage\":\"de\"},{\"@type\":\"Organization\",\"@id\":\"https:\\\/\\\/www.tradmotion.at\\\/tradneu\\\/#organization\",\"name\":\"Tradmotion\",\"url\":\"https:\\\/\\\/www.tradmotion.at\\\/tradneu\\\/\",\"logo\":{\"@type\":\"ImageObject\",\"inLanguage\":\"de\",\"@id\":\"https:\\\/\\\/www.tradmotion.at\\\/tradneu\\\/#\\\/schema\\\/logo\\\/image\\\/\",\"url\":\"http:\\\/\\\/www.tradmotion.at\\\/tradneu\\\/wp-content\\\/uploads\\\/cropped-Logo_Tradmotion_red.png\",\"contentUrl\":\"http:\\\/\\\/www.tradmotion.at\\\/tradneu\\\/wp-content\\\/uploads\\\/cropped-Logo_Tradmotion_red.png\",\"width\":512,\"height\":512,\"caption\":\"Tradmotion\"},\"image\":{\"@id\":\"https:\\\/\\\/www.tradmotion.at\\\/tradneu\\\/#\\\/schema\\\/logo\\\/image\\\/\"}}]}<\/script>\n<!-- \/ Yoast SEO plugin. -->","yoast_head_json":{"title":"Wir lernen jodeln Haus\u00fcbungen I","description":"Das Perfekte Buch f\u00fcr Einsteiger und Fortgeschrittene um von Grund auf Jodeln zu lernen.","robots":{"index":"index","follow":"follow","max-snippet":"max-snippet:-1","max-image-preview":"max-image-preview:large","max-video-preview":"max-video-preview:-1"},"canonical":"https:\/\/www.tradmotion.at\/tradneu\/produkt\/wir-lernen-jodeln-hausuebungen-i\/","og_locale":"de_DE","og_type":"article","og_title":"Wir lernen jodeln Haus\u00fcbungen I","og_description":"Das Perfekte Buch f\u00fcr Einsteiger und Fortgeschrittene um von Grund auf Jodeln zu lernen.","og_url":"https:\/\/www.tradmotion.at\/tradneu\/produkt\/wir-lernen-jodeln-hausuebungen-i\/","og_site_name":"Tradmotion","article_modified_time":"2026-03-16T20:10:45+00:00","og_image":[{"width":200,"height":284,"url":"https:\/\/www.tradmotion.at\/tradneu\/wp-content\/uploads\/Wir-lernen-jodeln-I-_Titelseite.jpg","type":"image\/jpeg"}],"twitter_misc":{"Gesch\u00e4tzte Lesezeit":"1\u00a0Minute"},"schema":{"@context":"https:\/\/schema.org","@graph":[{"@type":"WebPage","@id":"https:\/\/www.tradmotion.at\/tradneu\/produkt\/wir-lernen-jodeln-hausuebungen-i\/","url":"https:\/\/www.tradmotion.at\/tradneu\/produkt\/wir-lernen-jodeln-hausuebungen-i\/","name":"Wir lernen jodeln Haus\u00fcbungen I","isPartOf":{"@id":"https:\/\/www.tradmotion.at\/tradneu\/#website"},"primaryImageOfPage":{"@id":"https:\/\/www.tradmotion.at\/tradneu\/produkt\/wir-lernen-jodeln-hausuebungen-i\/#primaryimage"},"image":{"@id":"https:\/\/www.tradmotion.at\/tradneu\/produkt\/wir-lernen-jodeln-hausuebungen-i\/#primaryimage"},"thumbnailUrl":"https:\/\/www.tradmotion.at\/tradneu\/wp-content\/uploads\/Wir-lernen-jodeln-I-_Titelseite.jpg","datePublished":"2013-11-08T16:28:34+00:00","dateModified":"2026-03-16T20:10:45+00:00","description":"Das Perfekte Buch f\u00fcr Einsteiger und Fortgeschrittene um von Grund auf Jodeln zu lernen.","breadcrumb":{"@id":"https:\/\/www.tradmotion.at\/tradneu\/produkt\/wir-lernen-jodeln-hausuebungen-i\/#breadcrumb"},"inLanguage":"de","potentialAction":[{"@type":"ReadAction","target":["https:\/\/www.tradmotion.at\/tradneu\/produkt\/wir-lernen-jodeln-hausuebungen-i\/"]}]},{"@type":"ImageObject","inLanguage":"de","@id":"https:\/\/www.tradmotion.at\/tradneu\/produkt\/wir-lernen-jodeln-hausuebungen-i\/#primaryimage","url":"https:\/\/www.tradmotion.at\/tradneu\/wp-content\/uploads\/Wir-lernen-jodeln-I-_Titelseite.jpg","contentUrl":"https:\/\/www.tradmotion.at\/tradneu\/wp-content\/uploads\/Wir-lernen-jodeln-I-_Titelseite.jpg","width":200,"height":284},{"@type":"BreadcrumbList","@id":"https:\/\/www.tradmotion.at\/tradneu\/produkt\/wir-lernen-jodeln-hausuebungen-i\/#breadcrumb","itemListElement":[{"@type":"ListItem","position":1,"name":"Home","item":"https:\/\/www.tradmotion.at\/tradneu\/"},{"@type":"ListItem","position":2,"name":"Shop","item":"https:\/\/www.tradmotion.at\/tradneu\/shop\/"},{"@type":"ListItem","position":3,"name":"Wir lernen jodeln &#8211; Haus\u00fcbungen I"}]},{"@type":"WebSite","@id":"https:\/\/www.tradmotion.at\/tradneu\/#website","url":"https:\/\/www.tradmotion.at\/tradneu\/","name":"Tradmotion","description":"Tradition &amp; Emotion","publisher":{"@id":"https:\/\/www.tradmotion.at\/tradneu\/#organization"},"potentialAction":[{"@type":"SearchAction","target":{"@type":"EntryPoint","urlTemplate":"https:\/\/www.tradmotion.at\/tradneu\/?s={search_term_string}"},"query-input":{"@type":"PropertyValueSpecification","valueRequired":true,"valueName":"search_term_string"}}],"inLanguage":"de"},{"@type":"Organization","@id":"https:\/\/www.tradmotion.at\/tradneu\/#organization","name":"Tradmotion","url":"https:\/\/www.tradmotion.at\/tradneu\/","logo":{"@type":"ImageObject","inLanguage":"de","@id":"https:\/\/www.tradmotion.at\/tradneu\/#\/schema\/logo\/image\/","url":"http:\/\/www.tradmotion.at\/tradneu\/wp-content\/uploads\/cropped-Logo_Tradmotion_red.png","contentUrl":"http:\/\/www.tradmotion.at\/tradneu\/wp-content\/uploads\/cropped-Logo_Tradmotion_red.png","width":512,"height":512,"caption":"Tradmotion"},"image":{"@id":"https:\/\/www.tradmotion.at\/tradneu\/#\/schema\/logo\/image\/"}}]}},"_links":{"self":[{"href":"https:\/\/www.tradmotion.at\/tradneu\/wp-json\/wp\/v2\/product\/43","targetHints":{"allow":["GET"]}}],"collection":[{"href":"https:\/\/www.tradmotion.at\/tradneu\/wp-json\/wp\/v2\/product"}],"about":[{"href":"https:\/\/www.tradmotion.at\/tradneu\/wp-json\/wp\/v2\/types\/product"}],"replies":[{"embeddable":true,"href":"https:\/\/www.tradmotion.at\/tradneu\/wp-json\/wp\/v2\/comments?post=43"}],"wp:featuredmedia":[{"embeddable":true,"href":"https:\/\/www.tradmotion.at\/tradneu\/wp-json\/wp\/v2\/media\/7114"}],"wp:attachment":[{"href":"https:\/\/www.tradmotion.at\/tradneu\/wp-json\/wp\/v2\/media?parent=43"}],"wp:term":[{"taxonomy":"product_brand","embeddable":true,"href":"https:\/\/www.tradmotion.at\/tradneu\/wp-json\/wp\/v2\/product_brand?post=43"},{"taxonomy":"product_cat","embeddable":true,"href":"https:\/\/www.tradmotion.at\/tradneu\/wp-json\/wp\/v2\/product_cat?post=43"},{"taxonomy":"product_tag","embeddable":true,"href":"https:\/\/www.tradmotion.at\/tradneu\/wp-json\/wp\/v2\/product_tag?post=43"}],"curies":[{"name":"wp","href":"https:\/\/api.w.org\/{rel}","templated":true}]}}