{"id":4636,"date":"2013-11-12T11:30:54","date_gmt":"2013-11-12T09:30:54","guid":{"rendered":"http:\/\/www.tradmotion.at\/tradneu\/?post_type=product&#038;p=4636"},"modified":"2022-01-16T17:47:52","modified_gmt":"2022-01-16T16:47:52","slug":"wir-lernen-jodeln-hausuebungen-ii","status":"publish","type":"product","link":"https:\/\/www.tradmotion.at\/tradneu\/produkt\/wir-lernen-jodeln-hausuebungen-ii\/","title":{"rendered":"Wir lernen jodeln &#8211; Haus\u00fcbungen II"},"content":{"rendered":"<h5>Der zweite Band der Jodelschule<\/h5>\n<p>\u2026schlie\u00dft nahtlos an Haus\u00fcbungen I an und ist imstande das pers\u00f6nliche Jodler-Repertoire zu erweitern.<\/p>\n<p>\u2026ist Wissensvermittlung und zugleich praktische Unterweisung.<\/p>\n<p>\u2026ist mit der Jodel-CD, den Noten und fachlichen Beitr\u00e4gen ein kompakter Lernbehelf.<\/p>\n<p>\u2026ist mit den zahlreichen Abbildungen und der kompakten Gestaltung ein Meisterwerk.<\/p>\n<p>Diese Jodelschule ist die gegl\u00fcckte Erg\u00e4nzung zum ersten Band (blauer Umschlag) und schlie\u00dft alle Erkenntnisse und Erfahrungen mit ein, die seit deren Erstausgabe im Jahre 2010 gewonnen wurden. Bislang galt die Jodelschule als willkommener Lernbehelf f\u00fcr die landab und landauf stattfindenden tradmotion &#8211; Jodelkurse. Neu ist die Erkenntnis, dass sich die Jodelschule auch f\u00fcr das Selbststudium bestens eignet. Diese Ausgabe ist den Steiner-S\u00e4ngern aus der Ramsau gewidmet. Die Herausgeber waren stets von derer archaischer Ausdruckskraft beeindruckt und haben sich f\u00fcr ihre T\u00e4tigkeit als Vermittler des Jodelns viel vom \u201cSteinerischen\u201d angeeignet. Mit Beitr\u00e4gen \u00fcber das Jodeln und \u00fcber die Stimmpflege, Zitate zum Jodeln, einer Abhandlung zu den Vorbildern und Interpreten, den Jodlernoten und Quellenangaben zu insgesamt 21 Jodlern zuz\u00fcglich Gebrauchsanleitung und der Jodler-Lern-CD mit extra abrufbaren Einzelstimmen.<\/p>\n<p>Herausgegeben von Ingeborg Magdalena und Hermann H\u00e4rtel, Zitoll 2013<br \/>\nA5\/ 60 Seiten \/ 4c \/ brosch\u00fcrt mit Jodel-Lern-CD<\/p>\n","protected":false},"excerpt":{"rendered":"<p>Der zweite Band der Jodelschule \u2026schlie\u00dft nahtlos an Haus\u00fcbungen I an und ist imstande das pers\u00f6nliche Jodler-Repertoire zu erweitern. \u2026ist Wissensvermittlung und zugleich praktische Unterweisung. \u2026ist mit der Jodel-CD, den Noten und fachlichen Beitr\u00e4gen ein kompakter Lernbehelf. \u2026ist mit den zahlreichen Abbildungen und der kompakten Gestaltung ein Meisterwerk. Diese Jodelschule ist die gegl\u00fcckte Erg\u00e4nzung zum ersten Band (blauer Umschlag) und [&hellip;]<\/p>\n","protected":false},"featured_media":4637,"comment_status":"open","ping_status":"closed","template":"","meta":{"_monsterinsights_skip_tracking":false,"_monsterinsights_sitenote_active":false,"_monsterinsights_sitenote_note":"","_monsterinsights_sitenote_category":0},"product_brand":[],"product_cat":[14],"product_tag":[],"class_list":{"0":"post-4636","1":"product","2":"type-product","3":"status-publish","4":"has-post-thumbnail","6":"product_cat-jodeln-lernen","8":"first","9":"instock","10":"shipping-taxable","11":"purchasable","12":"product-type-simple"},"yoast_head":"<!-- This site is optimized with the Yoast SEO plugin v27.3 - https:\/\/yoast.com\/product\/yoast-seo-wordpress\/ -->\n<title>Wir lernen jodeln - Haus\u00fcbungen II | Tradmotion<\/title>\n<meta name=\"robots\" content=\"index, follow, max-snippet:-1, max-image-preview:large, max-video-preview:-1\" \/>\n<link rel=\"canonical\" href=\"https:\/\/www.tradmotion.at\/tradneu\/produkt\/wir-lernen-jodeln-hausuebungen-ii\/\" \/>\n<meta property=\"og:locale\" content=\"de_DE\" \/>\n<meta property=\"og:type\" content=\"article\" \/>\n<meta property=\"og:title\" content=\"Wir lernen jodeln - Haus\u00fcbungen II | Tradmotion\" \/>\n<meta property=\"og:description\" content=\"Der zweite Band der Jodelschule \u2026schlie\u00dft nahtlos an Haus\u00fcbungen I an und ist imstande das pers\u00f6nliche Jodler-Repertoire zu erweitern. \u2026ist Wissensvermittlung und zugleich praktische Unterweisung. \u2026ist mit der Jodel-CD, den Noten und fachlichen Beitr\u00e4gen ein kompakter Lernbehelf. \u2026ist mit den zahlreichen Abbildungen und der kompakten Gestaltung ein Meisterwerk. Diese Jodelschule ist die gegl\u00fcckte Erg\u00e4nzung zum ersten Band (blauer Umschlag) und [&hellip;]\" \/>\n<meta property=\"og:url\" content=\"https:\/\/www.tradmotion.at\/tradneu\/produkt\/wir-lernen-jodeln-hausuebungen-ii\/\" \/>\n<meta property=\"og:site_name\" content=\"Tradmotion\" \/>\n<meta property=\"article:modified_time\" content=\"2022-01-16T16:47:52+00:00\" \/>\n<meta property=\"og:image\" content=\"https:\/\/www.tradmotion.at\/tradneu\/wp-content\/uploads\/Bauchladen_JodelschuleII-1.jpg\" \/>\n\t<meta property=\"og:image:width\" content=\"200\" \/>\n\t<meta property=\"og:image:height\" content=\"284\" \/>\n\t<meta property=\"og:image:type\" content=\"image\/jpeg\" \/>\n<meta name=\"twitter:label1\" content=\"Gesch\u00e4tzte Lesezeit\" \/>\n\t<meta name=\"twitter:data1\" content=\"1\u00a0Minute\" \/>\n<script type=\"application\/ld+json\" class=\"yoast-schema-graph\">{\"@context\":\"https:\\\/\\\/schema.org\",\"@graph\":[{\"@type\":\"WebPage\",\"@id\":\"https:\\\/\\\/www.tradmotion.at\\\/tradneu\\\/produkt\\\/wir-lernen-jodeln-hausuebungen-ii\\\/\",\"url\":\"https:\\\/\\\/www.tradmotion.at\\\/tradneu\\\/produkt\\\/wir-lernen-jodeln-hausuebungen-ii\\\/\",\"name\":\"Wir lernen jodeln - Haus\u00fcbungen II | Tradmotion\",\"isPartOf\":{\"@id\":\"https:\\\/\\\/www.tradmotion.at\\\/tradneu\\\/#website\"},\"primaryImageOfPage\":{\"@id\":\"https:\\\/\\\/www.tradmotion.at\\\/tradneu\\\/produkt\\\/wir-lernen-jodeln-hausuebungen-ii\\\/#primaryimage\"},\"image\":{\"@id\":\"https:\\\/\\\/www.tradmotion.at\\\/tradneu\\\/produkt\\\/wir-lernen-jodeln-hausuebungen-ii\\\/#primaryimage\"},\"thumbnailUrl\":\"https:\\\/\\\/www.tradmotion.at\\\/tradneu\\\/wp-content\\\/uploads\\\/Bauchladen_JodelschuleII-1.jpg\",\"datePublished\":\"2013-11-12T09:30:54+00:00\",\"dateModified\":\"2022-01-16T16:47:52+00:00\",\"breadcrumb\":{\"@id\":\"https:\\\/\\\/www.tradmotion.at\\\/tradneu\\\/produkt\\\/wir-lernen-jodeln-hausuebungen-ii\\\/#breadcrumb\"},\"inLanguage\":\"de\",\"potentialAction\":[{\"@type\":\"ReadAction\",\"target\":[\"https:\\\/\\\/www.tradmotion.at\\\/tradneu\\\/produkt\\\/wir-lernen-jodeln-hausuebungen-ii\\\/\"]}]},{\"@type\":\"ImageObject\",\"inLanguage\":\"de\",\"@id\":\"https:\\\/\\\/www.tradmotion.at\\\/tradneu\\\/produkt\\\/wir-lernen-jodeln-hausuebungen-ii\\\/#primaryimage\",\"url\":\"https:\\\/\\\/www.tradmotion.at\\\/tradneu\\\/wp-content\\\/uploads\\\/Bauchladen_JodelschuleII-1.jpg\",\"contentUrl\":\"https:\\\/\\\/www.tradmotion.at\\\/tradneu\\\/wp-content\\\/uploads\\\/Bauchladen_JodelschuleII-1.jpg\",\"width\":200,\"height\":284},{\"@type\":\"BreadcrumbList\",\"@id\":\"https:\\\/\\\/www.tradmotion.at\\\/tradneu\\\/produkt\\\/wir-lernen-jodeln-hausuebungen-ii\\\/#breadcrumb\",\"itemListElement\":[{\"@type\":\"ListItem\",\"position\":1,\"name\":\"Home\",\"item\":\"https:\\\/\\\/www.tradmotion.at\\\/tradneu\\\/\"},{\"@type\":\"ListItem\",\"position\":2,\"name\":\"Shop\",\"item\":\"https:\\\/\\\/www.tradmotion.at\\\/tradneu\\\/shop\\\/\"},{\"@type\":\"ListItem\",\"position\":3,\"name\":\"Wir lernen jodeln &#8211; Haus\u00fcbungen II\"}]},{\"@type\":\"WebSite\",\"@id\":\"https:\\\/\\\/www.tradmotion.at\\\/tradneu\\\/#website\",\"url\":\"https:\\\/\\\/www.tradmotion.at\\\/tradneu\\\/\",\"name\":\"Tradmotion\",\"description\":\"Tradition &amp; Emotion\",\"publisher\":{\"@id\":\"https:\\\/\\\/www.tradmotion.at\\\/tradneu\\\/#organization\"},\"potentialAction\":[{\"@type\":\"SearchAction\",\"target\":{\"@type\":\"EntryPoint\",\"urlTemplate\":\"https:\\\/\\\/www.tradmotion.at\\\/tradneu\\\/?s={search_term_string}\"},\"query-input\":{\"@type\":\"PropertyValueSpecification\",\"valueRequired\":true,\"valueName\":\"search_term_string\"}}],\"inLanguage\":\"de\"},{\"@type\":\"Organization\",\"@id\":\"https:\\\/\\\/www.tradmotion.at\\\/tradneu\\\/#organization\",\"name\":\"Tradmotion\",\"url\":\"https:\\\/\\\/www.tradmotion.at\\\/tradneu\\\/\",\"logo\":{\"@type\":\"ImageObject\",\"inLanguage\":\"de\",\"@id\":\"https:\\\/\\\/www.tradmotion.at\\\/tradneu\\\/#\\\/schema\\\/logo\\\/image\\\/\",\"url\":\"http:\\\/\\\/www.tradmotion.at\\\/tradneu\\\/wp-content\\\/uploads\\\/cropped-Logo_Tradmotion_red.png\",\"contentUrl\":\"http:\\\/\\\/www.tradmotion.at\\\/tradneu\\\/wp-content\\\/uploads\\\/cropped-Logo_Tradmotion_red.png\",\"width\":512,\"height\":512,\"caption\":\"Tradmotion\"},\"image\":{\"@id\":\"https:\\\/\\\/www.tradmotion.at\\\/tradneu\\\/#\\\/schema\\\/logo\\\/image\\\/\"}}]}<\/script>\n<!-- \/ Yoast SEO plugin. -->","yoast_head_json":{"title":"Wir lernen jodeln - Haus\u00fcbungen II | Tradmotion","robots":{"index":"index","follow":"follow","max-snippet":"max-snippet:-1","max-image-preview":"max-image-preview:large","max-video-preview":"max-video-preview:-1"},"canonical":"https:\/\/www.tradmotion.at\/tradneu\/produkt\/wir-lernen-jodeln-hausuebungen-ii\/","og_locale":"de_DE","og_type":"article","og_title":"Wir lernen jodeln - Haus\u00fcbungen II | Tradmotion","og_description":"Der zweite Band der Jodelschule \u2026schlie\u00dft nahtlos an Haus\u00fcbungen I an und ist imstande das pers\u00f6nliche Jodler-Repertoire zu erweitern. \u2026ist Wissensvermittlung und zugleich praktische Unterweisung. \u2026ist mit der Jodel-CD, den Noten und fachlichen Beitr\u00e4gen ein kompakter Lernbehelf. \u2026ist mit den zahlreichen Abbildungen und der kompakten Gestaltung ein Meisterwerk. Diese Jodelschule ist die gegl\u00fcckte Erg\u00e4nzung zum ersten Band (blauer Umschlag) und [&hellip;]","og_url":"https:\/\/www.tradmotion.at\/tradneu\/produkt\/wir-lernen-jodeln-hausuebungen-ii\/","og_site_name":"Tradmotion","article_modified_time":"2022-01-16T16:47:52+00:00","og_image":[{"width":200,"height":284,"url":"https:\/\/www.tradmotion.at\/tradneu\/wp-content\/uploads\/Bauchladen_JodelschuleII-1.jpg","type":"image\/jpeg"}],"twitter_misc":{"Gesch\u00e4tzte Lesezeit":"1\u00a0Minute"},"schema":{"@context":"https:\/\/schema.org","@graph":[{"@type":"WebPage","@id":"https:\/\/www.tradmotion.at\/tradneu\/produkt\/wir-lernen-jodeln-hausuebungen-ii\/","url":"https:\/\/www.tradmotion.at\/tradneu\/produkt\/wir-lernen-jodeln-hausuebungen-ii\/","name":"Wir lernen jodeln - Haus\u00fcbungen II | Tradmotion","isPartOf":{"@id":"https:\/\/www.tradmotion.at\/tradneu\/#website"},"primaryImageOfPage":{"@id":"https:\/\/www.tradmotion.at\/tradneu\/produkt\/wir-lernen-jodeln-hausuebungen-ii\/#primaryimage"},"image":{"@id":"https:\/\/www.tradmotion.at\/tradneu\/produkt\/wir-lernen-jodeln-hausuebungen-ii\/#primaryimage"},"thumbnailUrl":"https:\/\/www.tradmotion.at\/tradneu\/wp-content\/uploads\/Bauchladen_JodelschuleII-1.jpg","datePublished":"2013-11-12T09:30:54+00:00","dateModified":"2022-01-16T16:47:52+00:00","breadcrumb":{"@id":"https:\/\/www.tradmotion.at\/tradneu\/produkt\/wir-lernen-jodeln-hausuebungen-ii\/#breadcrumb"},"inLanguage":"de","potentialAction":[{"@type":"ReadAction","target":["https:\/\/www.tradmotion.at\/tradneu\/produkt\/wir-lernen-jodeln-hausuebungen-ii\/"]}]},{"@type":"ImageObject","inLanguage":"de","@id":"https:\/\/www.tradmotion.at\/tradneu\/produkt\/wir-lernen-jodeln-hausuebungen-ii\/#primaryimage","url":"https:\/\/www.tradmotion.at\/tradneu\/wp-content\/uploads\/Bauchladen_JodelschuleII-1.jpg","contentUrl":"https:\/\/www.tradmotion.at\/tradneu\/wp-content\/uploads\/Bauchladen_JodelschuleII-1.jpg","width":200,"height":284},{"@type":"BreadcrumbList","@id":"https:\/\/www.tradmotion.at\/tradneu\/produkt\/wir-lernen-jodeln-hausuebungen-ii\/#breadcrumb","itemListElement":[{"@type":"ListItem","position":1,"name":"Home","item":"https:\/\/www.tradmotion.at\/tradneu\/"},{"@type":"ListItem","position":2,"name":"Shop","item":"https:\/\/www.tradmotion.at\/tradneu\/shop\/"},{"@type":"ListItem","position":3,"name":"Wir lernen jodeln &#8211; Haus\u00fcbungen II"}]},{"@type":"WebSite","@id":"https:\/\/www.tradmotion.at\/tradneu\/#website","url":"https:\/\/www.tradmotion.at\/tradneu\/","name":"Tradmotion","description":"Tradition &amp; Emotion","publisher":{"@id":"https:\/\/www.tradmotion.at\/tradneu\/#organization"},"potentialAction":[{"@type":"SearchAction","target":{"@type":"EntryPoint","urlTemplate":"https:\/\/www.tradmotion.at\/tradneu\/?s={search_term_string}"},"query-input":{"@type":"PropertyValueSpecification","valueRequired":true,"valueName":"search_term_string"}}],"inLanguage":"de"},{"@type":"Organization","@id":"https:\/\/www.tradmotion.at\/tradneu\/#organization","name":"Tradmotion","url":"https:\/\/www.tradmotion.at\/tradneu\/","logo":{"@type":"ImageObject","inLanguage":"de","@id":"https:\/\/www.tradmotion.at\/tradneu\/#\/schema\/logo\/image\/","url":"http:\/\/www.tradmotion.at\/tradneu\/wp-content\/uploads\/cropped-Logo_Tradmotion_red.png","contentUrl":"http:\/\/www.tradmotion.at\/tradneu\/wp-content\/uploads\/cropped-Logo_Tradmotion_red.png","width":512,"height":512,"caption":"Tradmotion"},"image":{"@id":"https:\/\/www.tradmotion.at\/tradneu\/#\/schema\/logo\/image\/"}}]}},"_links":{"self":[{"href":"https:\/\/www.tradmotion.at\/tradneu\/wp-json\/wp\/v2\/product\/4636","targetHints":{"allow":["GET"]}}],"collection":[{"href":"https:\/\/www.tradmotion.at\/tradneu\/wp-json\/wp\/v2\/product"}],"about":[{"href":"https:\/\/www.tradmotion.at\/tradneu\/wp-json\/wp\/v2\/types\/product"}],"replies":[{"embeddable":true,"href":"https:\/\/www.tradmotion.at\/tradneu\/wp-json\/wp\/v2\/comments?post=4636"}],"wp:featuredmedia":[{"embeddable":true,"href":"https:\/\/www.tradmotion.at\/tradneu\/wp-json\/wp\/v2\/media\/4637"}],"wp:attachment":[{"href":"https:\/\/www.tradmotion.at\/tradneu\/wp-json\/wp\/v2\/media?parent=4636"}],"wp:term":[{"taxonomy":"product_brand","embeddable":true,"href":"https:\/\/www.tradmotion.at\/tradneu\/wp-json\/wp\/v2\/product_brand?post=4636"},{"taxonomy":"product_cat","embeddable":true,"href":"https:\/\/www.tradmotion.at\/tradneu\/wp-json\/wp\/v2\/product_cat?post=4636"},{"taxonomy":"product_tag","embeddable":true,"href":"https:\/\/www.tradmotion.at\/tradneu\/wp-json\/wp\/v2\/product_tag?post=4636"}],"curies":[{"name":"wp","href":"https:\/\/api.w.org\/{rel}","templated":true}]}}