{"id":4817,"date":"2013-11-12T13:13:02","date_gmt":"2013-11-12T11:13:02","guid":{"rendered":"http:\/\/www.tradmotion.at\/tradneu\/?post_type=product&#038;p=4817"},"modified":"2022-01-16T17:46:47","modified_gmt":"2022-01-16T16:46:47","slug":"die-citoller-tanzgeiger-abwarten-ein-stimmungsbild","status":"publish","type":"product","link":"https:\/\/www.tradmotion.at\/tradneu\/produkt\/die-citoller-tanzgeiger-abwarten-ein-stimmungsbild\/","title":{"rendered":"Die Citoller Tanzgeiger \u201eAbwarten\u201c Ein Stimmungsbild"},"content":{"rendered":"<p>Einen Spa\u00df haben sich die Citoller erlaubt, als sie 1997 ein Heft im CD-Format auflegten, das alle wesentlichen Informationen \u00fcber die Musikgruppe und viele Abbildungen enthielt: Die Geschichte der Citoller Tanzgeiger, Beitr\u00e4ge der einzelnen Musiker, vor allem ihre Einstellung zum Musikantenberuf, eine Sammlung mit Pressestimmen und Wissenswertes zur Volksmusik, \u201ederen Lebendigkeit eben nicht auf einer CD wiedergegeben werden kann.\u201c So damals die Musiker. Liest man den beigelegten Text, so ist es verst\u00e4ndlich, dass sich die Citoller damals dem Augenblick und nicht der Konserve verschrieben haben und dies auch dokumentierten. Nur so ist auch die beigelegte CD mit dem r\u00e4tselhaften Titel \u201eAbwarten &#8211; Ein Stimmungsbild\u201c zu verstehen. Einmal eingelegt, vermittelt die CD nichts als Atmosph\u00e4re \u2013 stellt die Ger\u00e4uschkulisse eines Gasthauses entbl\u00f6\u00dft und enthaltsam jeder Klangfarbe in den Mittelpunkt. Der aufmerksame H\u00f6rer wartet geduldig, h\u00f6rt die Kaffeemaschine schnauben, der Kartenspieler Kommandos und das Raunen der Wirtin. Zuletzt aber \u2013 sollte man so lange Geduld \u00fcben \u2013 f\u00e4llt die Bemerkung \u201eDie kommen heut nimmer\u201c, damit sind die Musikanten gemeint.<\/p>\n<p>Wegen der gro\u00dfen Nachfrage \u2013 vor allem nach dem informativen B\u00fcchl mit den vielen, heute schon historisch wertvollen Bildern, wurde diese Produktion wieder aufgelegt.<\/p>\n<p>Die Citoller Tanzgeiger\/ Abwarten<br \/>\nCD ohne Musik mit ausf\u00fchrlichem Beitext (50 Seiten), Zitoll 1997<br \/>\nDiese Produktion fand Aufnahme im Nonsensmuseum<\/p>\n","protected":false},"excerpt":{"rendered":"<p>Einen Spa\u00df haben sich die Citoller erlaubt, als sie 1997 ein Heft im CD-Format auflegten, das alle wesentlichen Informationen \u00fcber die Musikgruppe und viele Abbildungen enthielt: Die Geschichte der Citoller Tanzgeiger, Beitr\u00e4ge der einzelnen Musiker, vor allem ihre Einstellung zum Musikantenberuf, eine Sammlung mit Pressestimmen und Wissenswertes zur Volksmusik, \u201ederen Lebendigkeit eben nicht auf einer CD wiedergegeben werden kann.\u201c So [&hellip;]<\/p>\n","protected":false},"featured_media":4911,"comment_status":"open","ping_status":"closed","template":"","meta":{"_monsterinsights_skip_tracking":false,"_monsterinsights_sitenote_active":false,"_monsterinsights_sitenote_note":"","_monsterinsights_sitenote_category":0},"product_brand":[],"product_cat":[164],"product_tag":[],"class_list":{"0":"post-4817","1":"product","2":"type-product","3":"status-publish","4":"has-post-thumbnail","6":"product_cat-unkategorisiert","8":"first","9":"instock","10":"shipping-taxable","11":"purchasable","12":"product-type-simple"},"yoast_head":"<!-- This site is optimized with the Yoast SEO plugin v27.3 - https:\/\/yoast.com\/product\/yoast-seo-wordpress\/ -->\n<title>Die Citoller Tanzgeiger \u201eAbwarten\u201c Ein Stimmungsbild | Tradmotion<\/title>\n<meta name=\"robots\" content=\"index, follow, max-snippet:-1, max-image-preview:large, max-video-preview:-1\" \/>\n<link rel=\"canonical\" href=\"https:\/\/www.tradmotion.at\/tradneu\/produkt\/die-citoller-tanzgeiger-abwarten-ein-stimmungsbild\/\" \/>\n<meta property=\"og:locale\" content=\"de_DE\" \/>\n<meta property=\"og:type\" content=\"article\" \/>\n<meta property=\"og:title\" content=\"Die Citoller Tanzgeiger \u201eAbwarten\u201c Ein Stimmungsbild | Tradmotion\" \/>\n<meta property=\"og:description\" content=\"Einen Spa\u00df haben sich die Citoller erlaubt, als sie 1997 ein Heft im CD-Format auflegten, das alle wesentlichen Informationen \u00fcber die Musikgruppe und viele Abbildungen enthielt: Die Geschichte der Citoller Tanzgeiger, Beitr\u00e4ge der einzelnen Musiker, vor allem ihre Einstellung zum Musikantenberuf, eine Sammlung mit Pressestimmen und Wissenswertes zur Volksmusik, \u201ederen Lebendigkeit eben nicht auf einer CD wiedergegeben werden kann.\u201c So [&hellip;]\" \/>\n<meta property=\"og:url\" content=\"https:\/\/www.tradmotion.at\/tradneu\/produkt\/die-citoller-tanzgeiger-abwarten-ein-stimmungsbild\/\" \/>\n<meta property=\"og:site_name\" content=\"Tradmotion\" \/>\n<meta property=\"article:modified_time\" content=\"2022-01-16T16:46:47+00:00\" \/>\n<meta property=\"og:image\" content=\"https:\/\/www.tradmotion.at\/tradneu\/wp-content\/uploads\/CitollerTanzgeiger.png\" \/>\n\t<meta property=\"og:image:width\" content=\"200\" \/>\n\t<meta property=\"og:image:height\" content=\"284\" \/>\n\t<meta property=\"og:image:type\" content=\"image\/png\" \/>\n<meta name=\"twitter:label1\" content=\"Gesch\u00e4tzte Lesezeit\" \/>\n\t<meta name=\"twitter:data1\" content=\"1\u00a0Minute\" \/>\n<script type=\"application\/ld+json\" class=\"yoast-schema-graph\">{\"@context\":\"https:\\\/\\\/schema.org\",\"@graph\":[{\"@type\":\"WebPage\",\"@id\":\"https:\\\/\\\/www.tradmotion.at\\\/tradneu\\\/produkt\\\/die-citoller-tanzgeiger-abwarten-ein-stimmungsbild\\\/\",\"url\":\"https:\\\/\\\/www.tradmotion.at\\\/tradneu\\\/produkt\\\/die-citoller-tanzgeiger-abwarten-ein-stimmungsbild\\\/\",\"name\":\"Die Citoller Tanzgeiger \u201eAbwarten\u201c Ein Stimmungsbild | Tradmotion\",\"isPartOf\":{\"@id\":\"https:\\\/\\\/www.tradmotion.at\\\/tradneu\\\/#website\"},\"primaryImageOfPage\":{\"@id\":\"https:\\\/\\\/www.tradmotion.at\\\/tradneu\\\/produkt\\\/die-citoller-tanzgeiger-abwarten-ein-stimmungsbild\\\/#primaryimage\"},\"image\":{\"@id\":\"https:\\\/\\\/www.tradmotion.at\\\/tradneu\\\/produkt\\\/die-citoller-tanzgeiger-abwarten-ein-stimmungsbild\\\/#primaryimage\"},\"thumbnailUrl\":\"https:\\\/\\\/www.tradmotion.at\\\/tradneu\\\/wp-content\\\/uploads\\\/CitollerTanzgeiger.png\",\"datePublished\":\"2013-11-12T11:13:02+00:00\",\"dateModified\":\"2022-01-16T16:46:47+00:00\",\"breadcrumb\":{\"@id\":\"https:\\\/\\\/www.tradmotion.at\\\/tradneu\\\/produkt\\\/die-citoller-tanzgeiger-abwarten-ein-stimmungsbild\\\/#breadcrumb\"},\"inLanguage\":\"de\",\"potentialAction\":[{\"@type\":\"ReadAction\",\"target\":[\"https:\\\/\\\/www.tradmotion.at\\\/tradneu\\\/produkt\\\/die-citoller-tanzgeiger-abwarten-ein-stimmungsbild\\\/\"]}]},{\"@type\":\"ImageObject\",\"inLanguage\":\"de\",\"@id\":\"https:\\\/\\\/www.tradmotion.at\\\/tradneu\\\/produkt\\\/die-citoller-tanzgeiger-abwarten-ein-stimmungsbild\\\/#primaryimage\",\"url\":\"https:\\\/\\\/www.tradmotion.at\\\/tradneu\\\/wp-content\\\/uploads\\\/CitollerTanzgeiger.png\",\"contentUrl\":\"https:\\\/\\\/www.tradmotion.at\\\/tradneu\\\/wp-content\\\/uploads\\\/CitollerTanzgeiger.png\",\"width\":200,\"height\":284},{\"@type\":\"BreadcrumbList\",\"@id\":\"https:\\\/\\\/www.tradmotion.at\\\/tradneu\\\/produkt\\\/die-citoller-tanzgeiger-abwarten-ein-stimmungsbild\\\/#breadcrumb\",\"itemListElement\":[{\"@type\":\"ListItem\",\"position\":1,\"name\":\"Home\",\"item\":\"https:\\\/\\\/www.tradmotion.at\\\/tradneu\\\/\"},{\"@type\":\"ListItem\",\"position\":2,\"name\":\"Shop\",\"item\":\"https:\\\/\\\/www.tradmotion.at\\\/tradneu\\\/shop\\\/\"},{\"@type\":\"ListItem\",\"position\":3,\"name\":\"Die Citoller Tanzgeiger \u201eAbwarten\u201c Ein Stimmungsbild\"}]},{\"@type\":\"WebSite\",\"@id\":\"https:\\\/\\\/www.tradmotion.at\\\/tradneu\\\/#website\",\"url\":\"https:\\\/\\\/www.tradmotion.at\\\/tradneu\\\/\",\"name\":\"Tradmotion\",\"description\":\"Tradition &amp; Emotion\",\"publisher\":{\"@id\":\"https:\\\/\\\/www.tradmotion.at\\\/tradneu\\\/#organization\"},\"potentialAction\":[{\"@type\":\"SearchAction\",\"target\":{\"@type\":\"EntryPoint\",\"urlTemplate\":\"https:\\\/\\\/www.tradmotion.at\\\/tradneu\\\/?s={search_term_string}\"},\"query-input\":{\"@type\":\"PropertyValueSpecification\",\"valueRequired\":true,\"valueName\":\"search_term_string\"}}],\"inLanguage\":\"de\"},{\"@type\":\"Organization\",\"@id\":\"https:\\\/\\\/www.tradmotion.at\\\/tradneu\\\/#organization\",\"name\":\"Tradmotion\",\"url\":\"https:\\\/\\\/www.tradmotion.at\\\/tradneu\\\/\",\"logo\":{\"@type\":\"ImageObject\",\"inLanguage\":\"de\",\"@id\":\"https:\\\/\\\/www.tradmotion.at\\\/tradneu\\\/#\\\/schema\\\/logo\\\/image\\\/\",\"url\":\"http:\\\/\\\/www.tradmotion.at\\\/tradneu\\\/wp-content\\\/uploads\\\/cropped-Logo_Tradmotion_red.png\",\"contentUrl\":\"http:\\\/\\\/www.tradmotion.at\\\/tradneu\\\/wp-content\\\/uploads\\\/cropped-Logo_Tradmotion_red.png\",\"width\":512,\"height\":512,\"caption\":\"Tradmotion\"},\"image\":{\"@id\":\"https:\\\/\\\/www.tradmotion.at\\\/tradneu\\\/#\\\/schema\\\/logo\\\/image\\\/\"}}]}<\/script>\n<!-- \/ Yoast SEO plugin. -->","yoast_head_json":{"title":"Die Citoller Tanzgeiger \u201eAbwarten\u201c Ein Stimmungsbild | Tradmotion","robots":{"index":"index","follow":"follow","max-snippet":"max-snippet:-1","max-image-preview":"max-image-preview:large","max-video-preview":"max-video-preview:-1"},"canonical":"https:\/\/www.tradmotion.at\/tradneu\/produkt\/die-citoller-tanzgeiger-abwarten-ein-stimmungsbild\/","og_locale":"de_DE","og_type":"article","og_title":"Die Citoller Tanzgeiger \u201eAbwarten\u201c Ein Stimmungsbild | Tradmotion","og_description":"Einen Spa\u00df haben sich die Citoller erlaubt, als sie 1997 ein Heft im CD-Format auflegten, das alle wesentlichen Informationen \u00fcber die Musikgruppe und viele Abbildungen enthielt: Die Geschichte der Citoller Tanzgeiger, Beitr\u00e4ge der einzelnen Musiker, vor allem ihre Einstellung zum Musikantenberuf, eine Sammlung mit Pressestimmen und Wissenswertes zur Volksmusik, \u201ederen Lebendigkeit eben nicht auf einer CD wiedergegeben werden kann.\u201c So [&hellip;]","og_url":"https:\/\/www.tradmotion.at\/tradneu\/produkt\/die-citoller-tanzgeiger-abwarten-ein-stimmungsbild\/","og_site_name":"Tradmotion","article_modified_time":"2022-01-16T16:46:47+00:00","og_image":[{"width":200,"height":284,"url":"https:\/\/www.tradmotion.at\/tradneu\/wp-content\/uploads\/CitollerTanzgeiger.png","type":"image\/png"}],"twitter_misc":{"Gesch\u00e4tzte Lesezeit":"1\u00a0Minute"},"schema":{"@context":"https:\/\/schema.org","@graph":[{"@type":"WebPage","@id":"https:\/\/www.tradmotion.at\/tradneu\/produkt\/die-citoller-tanzgeiger-abwarten-ein-stimmungsbild\/","url":"https:\/\/www.tradmotion.at\/tradneu\/produkt\/die-citoller-tanzgeiger-abwarten-ein-stimmungsbild\/","name":"Die Citoller Tanzgeiger \u201eAbwarten\u201c Ein Stimmungsbild | Tradmotion","isPartOf":{"@id":"https:\/\/www.tradmotion.at\/tradneu\/#website"},"primaryImageOfPage":{"@id":"https:\/\/www.tradmotion.at\/tradneu\/produkt\/die-citoller-tanzgeiger-abwarten-ein-stimmungsbild\/#primaryimage"},"image":{"@id":"https:\/\/www.tradmotion.at\/tradneu\/produkt\/die-citoller-tanzgeiger-abwarten-ein-stimmungsbild\/#primaryimage"},"thumbnailUrl":"https:\/\/www.tradmotion.at\/tradneu\/wp-content\/uploads\/CitollerTanzgeiger.png","datePublished":"2013-11-12T11:13:02+00:00","dateModified":"2022-01-16T16:46:47+00:00","breadcrumb":{"@id":"https:\/\/www.tradmotion.at\/tradneu\/produkt\/die-citoller-tanzgeiger-abwarten-ein-stimmungsbild\/#breadcrumb"},"inLanguage":"de","potentialAction":[{"@type":"ReadAction","target":["https:\/\/www.tradmotion.at\/tradneu\/produkt\/die-citoller-tanzgeiger-abwarten-ein-stimmungsbild\/"]}]},{"@type":"ImageObject","inLanguage":"de","@id":"https:\/\/www.tradmotion.at\/tradneu\/produkt\/die-citoller-tanzgeiger-abwarten-ein-stimmungsbild\/#primaryimage","url":"https:\/\/www.tradmotion.at\/tradneu\/wp-content\/uploads\/CitollerTanzgeiger.png","contentUrl":"https:\/\/www.tradmotion.at\/tradneu\/wp-content\/uploads\/CitollerTanzgeiger.png","width":200,"height":284},{"@type":"BreadcrumbList","@id":"https:\/\/www.tradmotion.at\/tradneu\/produkt\/die-citoller-tanzgeiger-abwarten-ein-stimmungsbild\/#breadcrumb","itemListElement":[{"@type":"ListItem","position":1,"name":"Home","item":"https:\/\/www.tradmotion.at\/tradneu\/"},{"@type":"ListItem","position":2,"name":"Shop","item":"https:\/\/www.tradmotion.at\/tradneu\/shop\/"},{"@type":"ListItem","position":3,"name":"Die Citoller Tanzgeiger \u201eAbwarten\u201c Ein Stimmungsbild"}]},{"@type":"WebSite","@id":"https:\/\/www.tradmotion.at\/tradneu\/#website","url":"https:\/\/www.tradmotion.at\/tradneu\/","name":"Tradmotion","description":"Tradition &amp; Emotion","publisher":{"@id":"https:\/\/www.tradmotion.at\/tradneu\/#organization"},"potentialAction":[{"@type":"SearchAction","target":{"@type":"EntryPoint","urlTemplate":"https:\/\/www.tradmotion.at\/tradneu\/?s={search_term_string}"},"query-input":{"@type":"PropertyValueSpecification","valueRequired":true,"valueName":"search_term_string"}}],"inLanguage":"de"},{"@type":"Organization","@id":"https:\/\/www.tradmotion.at\/tradneu\/#organization","name":"Tradmotion","url":"https:\/\/www.tradmotion.at\/tradneu\/","logo":{"@type":"ImageObject","inLanguage":"de","@id":"https:\/\/www.tradmotion.at\/tradneu\/#\/schema\/logo\/image\/","url":"http:\/\/www.tradmotion.at\/tradneu\/wp-content\/uploads\/cropped-Logo_Tradmotion_red.png","contentUrl":"http:\/\/www.tradmotion.at\/tradneu\/wp-content\/uploads\/cropped-Logo_Tradmotion_red.png","width":512,"height":512,"caption":"Tradmotion"},"image":{"@id":"https:\/\/www.tradmotion.at\/tradneu\/#\/schema\/logo\/image\/"}}]}},"_links":{"self":[{"href":"https:\/\/www.tradmotion.at\/tradneu\/wp-json\/wp\/v2\/product\/4817","targetHints":{"allow":["GET"]}}],"collection":[{"href":"https:\/\/www.tradmotion.at\/tradneu\/wp-json\/wp\/v2\/product"}],"about":[{"href":"https:\/\/www.tradmotion.at\/tradneu\/wp-json\/wp\/v2\/types\/product"}],"replies":[{"embeddable":true,"href":"https:\/\/www.tradmotion.at\/tradneu\/wp-json\/wp\/v2\/comments?post=4817"}],"wp:featuredmedia":[{"embeddable":true,"href":"https:\/\/www.tradmotion.at\/tradneu\/wp-json\/wp\/v2\/media\/4911"}],"wp:attachment":[{"href":"https:\/\/www.tradmotion.at\/tradneu\/wp-json\/wp\/v2\/media?parent=4817"}],"wp:term":[{"taxonomy":"product_brand","embeddable":true,"href":"https:\/\/www.tradmotion.at\/tradneu\/wp-json\/wp\/v2\/product_brand?post=4817"},{"taxonomy":"product_cat","embeddable":true,"href":"https:\/\/www.tradmotion.at\/tradneu\/wp-json\/wp\/v2\/product_cat?post=4817"},{"taxonomy":"product_tag","embeddable":true,"href":"https:\/\/www.tradmotion.at\/tradneu\/wp-json\/wp\/v2\/product_tag?post=4817"}],"curies":[{"name":"wp","href":"https:\/\/api.w.org\/{rel}","templated":true}]}}