{"id":4821,"date":"2013-11-12T13:15:15","date_gmt":"2013-11-12T11:15:15","guid":{"rendered":"http:\/\/www.tradmotion.at\/tradneu\/?post_type=product&#038;p=4821"},"modified":"2024-02-21T20:18:26","modified_gmt":"2024-02-21T19:18:26","slug":"die-jodelbox-geschenksidee","status":"publish","type":"product","link":"https:\/\/www.tradmotion.at\/tradneu\/produkt\/die-jodelbox-geschenksidee\/","title":{"rendered":"Die Jodelbox &#8211; Geschenksidee"},"content":{"rendered":"<p><b>Das Jodeln in der Schmuckdose<\/b><\/p>\n<p>Das muss man seinen Freunden \u201eantun\u201c:<\/p>\n<p>Einen ganzen Tag lang sich seiner eigenen Stimme widmen, beim H\u00e4rtel-Jodelkurs einmal herzlich-heftig T\u00f6ne produzieren, frei heraus lachen und sich pl\u00f6tzlich selber als klingendes Instrument entdecken.<\/p>\n<p><b>Das ist ein unvergessliches Abenteuer und bleibt mit dem Jodel-Zertifikat in Erinnerung. Den Jodelkurs schenken mit allem drum und dran\u2026<\/b><\/p>\n<p>Mit dem Wertgutschein f\u00fcr einen der beliebten Jodelkurse (www.tradmotion.at) und den beiden bew\u00e4hrten Jodelschulen \u201eWir lernen jodeln\u201c Haus\u00fcbung I und II mit Lern-CDs ist die \u00dcberraschung perfekt. Ein Geschenk f\u00fcr jeden Anlass und noch dazu mit Pfiff! Das alles im exquisiten Wei\u00dfblech-Etui &#8211; und noch dazu aufgemascherlt\u2026<\/p>\n<p>Der Jodelbox-Inhalt im exquisiten Wei\u00dfblech-Etui:<\/p>\n<ul>\n<li>Die beiden Jodelschulen \u201eWir lernen Jodeln\u201c Haus\u00fcbung I mit Lern\u2013CD (Neuauflage 2012) \u20ac 25,&#8211;und \u00a0Haus\u00fcbung II mit Lern\u2013CD (Erstauflage 2013) \u20ac 25,&#8211;<\/li>\n<li>Ein Wertgutschein, einzul\u00f6sen bei einem unserer Jodelkurse (\u20ac 50,\u2014)<\/li>\n<\/ul>\n<p>&nbsp;<\/p>\n","protected":false},"excerpt":{"rendered":"<p>Das Jodeln in der Schmuckdose Das muss man seinen Freunden \u201eantun\u201c: Einen ganzen Tag lang sich seiner eigenen Stimme widmen, beim H\u00e4rtel-Jodelkurs einmal herzlich-heftig T\u00f6ne produzieren, frei heraus lachen und sich pl\u00f6tzlich selber als klingendes Instrument entdecken. Das ist ein unvergessliches Abenteuer und bleibt mit dem Jodel-Zertifikat in Erinnerung. Den Jodelkurs schenken mit allem drum und dran\u2026 Mit dem Wertgutschein [&hellip;]<\/p>\n","protected":false},"featured_media":4912,"comment_status":"open","ping_status":"closed","template":"","meta":{"_monsterinsights_skip_tracking":false,"_monsterinsights_sitenote_active":false,"_monsterinsights_sitenote_note":"","_monsterinsights_sitenote_category":0},"product_brand":[],"product_cat":[164],"product_tag":[],"class_list":{"0":"post-4821","1":"product","2":"type-product","3":"status-publish","4":"has-post-thumbnail","6":"product_cat-unkategorisiert","8":"first","9":"instock","10":"shipping-taxable","11":"purchasable","12":"product-type-simple"},"yoast_head":"<!-- This site is optimized with the Yoast SEO plugin v27.3 - https:\/\/yoast.com\/product\/yoast-seo-wordpress\/ -->\n<title>Die Jodelbox - Geschenksidee | Tradmotion<\/title>\n<meta name=\"robots\" content=\"index, follow, max-snippet:-1, max-image-preview:large, max-video-preview:-1\" \/>\n<link rel=\"canonical\" href=\"https:\/\/www.tradmotion.at\/tradneu\/produkt\/die-jodelbox-geschenksidee\/\" \/>\n<meta property=\"og:locale\" content=\"de_DE\" \/>\n<meta property=\"og:type\" content=\"article\" \/>\n<meta property=\"og:title\" content=\"Die Jodelbox - Geschenksidee | Tradmotion\" \/>\n<meta property=\"og:description\" content=\"Das Jodeln in der Schmuckdose Das muss man seinen Freunden \u201eantun\u201c: Einen ganzen Tag lang sich seiner eigenen Stimme widmen, beim H\u00e4rtel-Jodelkurs einmal herzlich-heftig T\u00f6ne produzieren, frei heraus lachen und sich pl\u00f6tzlich selber als klingendes Instrument entdecken. Das ist ein unvergessliches Abenteuer und bleibt mit dem Jodel-Zertifikat in Erinnerung. Den Jodelkurs schenken mit allem drum und dran\u2026 Mit dem Wertgutschein [&hellip;]\" \/>\n<meta property=\"og:url\" content=\"https:\/\/www.tradmotion.at\/tradneu\/produkt\/die-jodelbox-geschenksidee\/\" \/>\n<meta property=\"og:site_name\" content=\"Tradmotion\" \/>\n<meta property=\"article:modified_time\" content=\"2024-02-21T19:18:26+00:00\" \/>\n<meta property=\"og:image\" content=\"https:\/\/www.tradmotion.at\/tradneu\/wp-content\/uploads\/jodelbox.png\" \/>\n\t<meta property=\"og:image:width\" content=\"200\" \/>\n\t<meta property=\"og:image:height\" content=\"284\" \/>\n\t<meta property=\"og:image:type\" content=\"image\/png\" \/>\n<meta name=\"twitter:label1\" content=\"Gesch\u00e4tzte Lesezeit\" \/>\n\t<meta name=\"twitter:data1\" content=\"1\u00a0Minute\" \/>\n<script type=\"application\/ld+json\" class=\"yoast-schema-graph\">{\"@context\":\"https:\\\/\\\/schema.org\",\"@graph\":[{\"@type\":\"WebPage\",\"@id\":\"https:\\\/\\\/www.tradmotion.at\\\/tradneu\\\/produkt\\\/die-jodelbox-geschenksidee\\\/\",\"url\":\"https:\\\/\\\/www.tradmotion.at\\\/tradneu\\\/produkt\\\/die-jodelbox-geschenksidee\\\/\",\"name\":\"Die Jodelbox - Geschenksidee | Tradmotion\",\"isPartOf\":{\"@id\":\"https:\\\/\\\/www.tradmotion.at\\\/tradneu\\\/#website\"},\"primaryImageOfPage\":{\"@id\":\"https:\\\/\\\/www.tradmotion.at\\\/tradneu\\\/produkt\\\/die-jodelbox-geschenksidee\\\/#primaryimage\"},\"image\":{\"@id\":\"https:\\\/\\\/www.tradmotion.at\\\/tradneu\\\/produkt\\\/die-jodelbox-geschenksidee\\\/#primaryimage\"},\"thumbnailUrl\":\"https:\\\/\\\/www.tradmotion.at\\\/tradneu\\\/wp-content\\\/uploads\\\/jodelbox.png\",\"datePublished\":\"2013-11-12T11:15:15+00:00\",\"dateModified\":\"2024-02-21T19:18:26+00:00\",\"breadcrumb\":{\"@id\":\"https:\\\/\\\/www.tradmotion.at\\\/tradneu\\\/produkt\\\/die-jodelbox-geschenksidee\\\/#breadcrumb\"},\"inLanguage\":\"de\",\"potentialAction\":[{\"@type\":\"ReadAction\",\"target\":[\"https:\\\/\\\/www.tradmotion.at\\\/tradneu\\\/produkt\\\/die-jodelbox-geschenksidee\\\/\"]}]},{\"@type\":\"ImageObject\",\"inLanguage\":\"de\",\"@id\":\"https:\\\/\\\/www.tradmotion.at\\\/tradneu\\\/produkt\\\/die-jodelbox-geschenksidee\\\/#primaryimage\",\"url\":\"https:\\\/\\\/www.tradmotion.at\\\/tradneu\\\/wp-content\\\/uploads\\\/jodelbox.png\",\"contentUrl\":\"https:\\\/\\\/www.tradmotion.at\\\/tradneu\\\/wp-content\\\/uploads\\\/jodelbox.png\",\"width\":200,\"height\":284},{\"@type\":\"BreadcrumbList\",\"@id\":\"https:\\\/\\\/www.tradmotion.at\\\/tradneu\\\/produkt\\\/die-jodelbox-geschenksidee\\\/#breadcrumb\",\"itemListElement\":[{\"@type\":\"ListItem\",\"position\":1,\"name\":\"Home\",\"item\":\"https:\\\/\\\/www.tradmotion.at\\\/tradneu\\\/\"},{\"@type\":\"ListItem\",\"position\":2,\"name\":\"Shop\",\"item\":\"https:\\\/\\\/www.tradmotion.at\\\/tradneu\\\/shop\\\/\"},{\"@type\":\"ListItem\",\"position\":3,\"name\":\"Die Jodelbox &#8211; Geschenksidee\"}]},{\"@type\":\"WebSite\",\"@id\":\"https:\\\/\\\/www.tradmotion.at\\\/tradneu\\\/#website\",\"url\":\"https:\\\/\\\/www.tradmotion.at\\\/tradneu\\\/\",\"name\":\"Tradmotion\",\"description\":\"Tradition &amp; Emotion\",\"publisher\":{\"@id\":\"https:\\\/\\\/www.tradmotion.at\\\/tradneu\\\/#organization\"},\"potentialAction\":[{\"@type\":\"SearchAction\",\"target\":{\"@type\":\"EntryPoint\",\"urlTemplate\":\"https:\\\/\\\/www.tradmotion.at\\\/tradneu\\\/?s={search_term_string}\"},\"query-input\":{\"@type\":\"PropertyValueSpecification\",\"valueRequired\":true,\"valueName\":\"search_term_string\"}}],\"inLanguage\":\"de\"},{\"@type\":\"Organization\",\"@id\":\"https:\\\/\\\/www.tradmotion.at\\\/tradneu\\\/#organization\",\"name\":\"Tradmotion\",\"url\":\"https:\\\/\\\/www.tradmotion.at\\\/tradneu\\\/\",\"logo\":{\"@type\":\"ImageObject\",\"inLanguage\":\"de\",\"@id\":\"https:\\\/\\\/www.tradmotion.at\\\/tradneu\\\/#\\\/schema\\\/logo\\\/image\\\/\",\"url\":\"http:\\\/\\\/www.tradmotion.at\\\/tradneu\\\/wp-content\\\/uploads\\\/cropped-Logo_Tradmotion_red.png\",\"contentUrl\":\"http:\\\/\\\/www.tradmotion.at\\\/tradneu\\\/wp-content\\\/uploads\\\/cropped-Logo_Tradmotion_red.png\",\"width\":512,\"height\":512,\"caption\":\"Tradmotion\"},\"image\":{\"@id\":\"https:\\\/\\\/www.tradmotion.at\\\/tradneu\\\/#\\\/schema\\\/logo\\\/image\\\/\"}}]}<\/script>\n<!-- \/ Yoast SEO plugin. -->","yoast_head_json":{"title":"Die Jodelbox - Geschenksidee | Tradmotion","robots":{"index":"index","follow":"follow","max-snippet":"max-snippet:-1","max-image-preview":"max-image-preview:large","max-video-preview":"max-video-preview:-1"},"canonical":"https:\/\/www.tradmotion.at\/tradneu\/produkt\/die-jodelbox-geschenksidee\/","og_locale":"de_DE","og_type":"article","og_title":"Die Jodelbox - Geschenksidee | Tradmotion","og_description":"Das Jodeln in der Schmuckdose Das muss man seinen Freunden \u201eantun\u201c: Einen ganzen Tag lang sich seiner eigenen Stimme widmen, beim H\u00e4rtel-Jodelkurs einmal herzlich-heftig T\u00f6ne produzieren, frei heraus lachen und sich pl\u00f6tzlich selber als klingendes Instrument entdecken. Das ist ein unvergessliches Abenteuer und bleibt mit dem Jodel-Zertifikat in Erinnerung. Den Jodelkurs schenken mit allem drum und dran\u2026 Mit dem Wertgutschein [&hellip;]","og_url":"https:\/\/www.tradmotion.at\/tradneu\/produkt\/die-jodelbox-geschenksidee\/","og_site_name":"Tradmotion","article_modified_time":"2024-02-21T19:18:26+00:00","og_image":[{"width":200,"height":284,"url":"https:\/\/www.tradmotion.at\/tradneu\/wp-content\/uploads\/jodelbox.png","type":"image\/png"}],"twitter_misc":{"Gesch\u00e4tzte Lesezeit":"1\u00a0Minute"},"schema":{"@context":"https:\/\/schema.org","@graph":[{"@type":"WebPage","@id":"https:\/\/www.tradmotion.at\/tradneu\/produkt\/die-jodelbox-geschenksidee\/","url":"https:\/\/www.tradmotion.at\/tradneu\/produkt\/die-jodelbox-geschenksidee\/","name":"Die Jodelbox - Geschenksidee | Tradmotion","isPartOf":{"@id":"https:\/\/www.tradmotion.at\/tradneu\/#website"},"primaryImageOfPage":{"@id":"https:\/\/www.tradmotion.at\/tradneu\/produkt\/die-jodelbox-geschenksidee\/#primaryimage"},"image":{"@id":"https:\/\/www.tradmotion.at\/tradneu\/produkt\/die-jodelbox-geschenksidee\/#primaryimage"},"thumbnailUrl":"https:\/\/www.tradmotion.at\/tradneu\/wp-content\/uploads\/jodelbox.png","datePublished":"2013-11-12T11:15:15+00:00","dateModified":"2024-02-21T19:18:26+00:00","breadcrumb":{"@id":"https:\/\/www.tradmotion.at\/tradneu\/produkt\/die-jodelbox-geschenksidee\/#breadcrumb"},"inLanguage":"de","potentialAction":[{"@type":"ReadAction","target":["https:\/\/www.tradmotion.at\/tradneu\/produkt\/die-jodelbox-geschenksidee\/"]}]},{"@type":"ImageObject","inLanguage":"de","@id":"https:\/\/www.tradmotion.at\/tradneu\/produkt\/die-jodelbox-geschenksidee\/#primaryimage","url":"https:\/\/www.tradmotion.at\/tradneu\/wp-content\/uploads\/jodelbox.png","contentUrl":"https:\/\/www.tradmotion.at\/tradneu\/wp-content\/uploads\/jodelbox.png","width":200,"height":284},{"@type":"BreadcrumbList","@id":"https:\/\/www.tradmotion.at\/tradneu\/produkt\/die-jodelbox-geschenksidee\/#breadcrumb","itemListElement":[{"@type":"ListItem","position":1,"name":"Home","item":"https:\/\/www.tradmotion.at\/tradneu\/"},{"@type":"ListItem","position":2,"name":"Shop","item":"https:\/\/www.tradmotion.at\/tradneu\/shop\/"},{"@type":"ListItem","position":3,"name":"Die Jodelbox &#8211; Geschenksidee"}]},{"@type":"WebSite","@id":"https:\/\/www.tradmotion.at\/tradneu\/#website","url":"https:\/\/www.tradmotion.at\/tradneu\/","name":"Tradmotion","description":"Tradition &amp; Emotion","publisher":{"@id":"https:\/\/www.tradmotion.at\/tradneu\/#organization"},"potentialAction":[{"@type":"SearchAction","target":{"@type":"EntryPoint","urlTemplate":"https:\/\/www.tradmotion.at\/tradneu\/?s={search_term_string}"},"query-input":{"@type":"PropertyValueSpecification","valueRequired":true,"valueName":"search_term_string"}}],"inLanguage":"de"},{"@type":"Organization","@id":"https:\/\/www.tradmotion.at\/tradneu\/#organization","name":"Tradmotion","url":"https:\/\/www.tradmotion.at\/tradneu\/","logo":{"@type":"ImageObject","inLanguage":"de","@id":"https:\/\/www.tradmotion.at\/tradneu\/#\/schema\/logo\/image\/","url":"http:\/\/www.tradmotion.at\/tradneu\/wp-content\/uploads\/cropped-Logo_Tradmotion_red.png","contentUrl":"http:\/\/www.tradmotion.at\/tradneu\/wp-content\/uploads\/cropped-Logo_Tradmotion_red.png","width":512,"height":512,"caption":"Tradmotion"},"image":{"@id":"https:\/\/www.tradmotion.at\/tradneu\/#\/schema\/logo\/image\/"}}]}},"_links":{"self":[{"href":"https:\/\/www.tradmotion.at\/tradneu\/wp-json\/wp\/v2\/product\/4821","targetHints":{"allow":["GET"]}}],"collection":[{"href":"https:\/\/www.tradmotion.at\/tradneu\/wp-json\/wp\/v2\/product"}],"about":[{"href":"https:\/\/www.tradmotion.at\/tradneu\/wp-json\/wp\/v2\/types\/product"}],"replies":[{"embeddable":true,"href":"https:\/\/www.tradmotion.at\/tradneu\/wp-json\/wp\/v2\/comments?post=4821"}],"wp:featuredmedia":[{"embeddable":true,"href":"https:\/\/www.tradmotion.at\/tradneu\/wp-json\/wp\/v2\/media\/4912"}],"wp:attachment":[{"href":"https:\/\/www.tradmotion.at\/tradneu\/wp-json\/wp\/v2\/media?parent=4821"}],"wp:term":[{"taxonomy":"product_brand","embeddable":true,"href":"https:\/\/www.tradmotion.at\/tradneu\/wp-json\/wp\/v2\/product_brand?post=4821"},{"taxonomy":"product_cat","embeddable":true,"href":"https:\/\/www.tradmotion.at\/tradneu\/wp-json\/wp\/v2\/product_cat?post=4821"},{"taxonomy":"product_tag","embeddable":true,"href":"https:\/\/www.tradmotion.at\/tradneu\/wp-json\/wp\/v2\/product_tag?post=4821"}],"curies":[{"name":"wp","href":"https:\/\/api.w.org\/{rel}","templated":true}]}}