{"id":5473,"date":"2013-11-30T17:58:09","date_gmt":"2013-11-30T15:58:09","guid":{"rendered":"http:\/\/www.tradmotion.at\/tradneu\/?post_type=product&#038;p=5473"},"modified":"2021-05-11T08:28:39","modified_gmt":"2021-05-11T07:28:39","slug":"jodelgutschein","status":"publish","type":"product","link":"https:\/\/www.tradmotion.at\/tradneu\/produkt\/jodelgutschein\/","title":{"rendered":"Wertgutschein f\u00fcr Tradmotion Jodelkurse"},"content":{"rendered":"<p>Die beliebten JODELKURS GESCHENKGUTSCHEINE<\/p>\n<p>Ob Weihnachten, Geburtstag oder einfach zum Dankesch\u00f6n: Ein Jodelkursgutschein ist immer die ideale \u00dcberraschung. Einmal aus dem gro\u00dfen Terminangebot ausgesucht, wird der Jodelkurs zum ganz pers\u00f6nlichen Erlebnis und Erfolg die schlie\u00dflich zum Singen in froher Runde f\u00fchren. Ein Mehrwert f\u00fcr beide, f\u00fcr die Beschenkten und f\u00fcr die Gratulanten.<\/p>\n<p><strong>A) Wertgutschein: Bestellung im Bauchladen<\/strong><\/p>\n<p><strong> B) Sie m\u00f6chten jemanden zu einem der Kurse einladen<\/strong><\/p>\n<p><strong>Bestellung per email!<\/strong><br \/>\nDas machen wir gerne und gestalten den Gutschein mit dem Kurstitel, dem Datum, dem Namen des Beschenkten und Ihrer freundlichen Widmung.<\/p>\n<p>&nbsp;<\/p>\n","protected":false},"excerpt":{"rendered":"<p>Die beliebten JODELKURS GESCHENKGUTSCHEINE Ob Weihnachten, Geburtstag oder einfach zum Dankesch\u00f6n: Ein Jodelkursgutschein ist immer die ideale \u00dcberraschung. Einmal aus dem gro\u00dfen Terminangebot ausgesucht, wird der Jodelkurs zum ganz pers\u00f6nlichen Erlebnis und Erfolg die schlie\u00dflich zum Singen in froher Runde f\u00fchren. Ein Mehrwert f\u00fcr beide, f\u00fcr die Beschenkten und f\u00fcr die Gratulanten. A) Wertgutschein: Bestellung im Bauchladen B) Sie m\u00f6chten [&hellip;]<\/p>\n","protected":false},"featured_media":5474,"comment_status":"open","ping_status":"closed","template":"","meta":{"_monsterinsights_skip_tracking":false,"_monsterinsights_sitenote_active":false,"_monsterinsights_sitenote_note":"","_monsterinsights_sitenote_category":0},"product_brand":[],"product_cat":[164],"product_tag":[],"class_list":{"0":"post-5473","1":"product","2":"type-product","3":"status-publish","4":"has-post-thumbnail","6":"product_cat-unkategorisiert","8":"first","9":"instock","10":"shipping-taxable","11":"purchasable","12":"product-type-simple"},"yoast_head":"<!-- This site is optimized with the Yoast SEO plugin v27.3 - https:\/\/yoast.com\/product\/yoast-seo-wordpress\/ -->\n<title>Wertgutschein f\u00fcr Tradmotion Jodelkurse | Tradmotion<\/title>\n<meta name=\"robots\" content=\"index, follow, max-snippet:-1, max-image-preview:large, max-video-preview:-1\" \/>\n<link rel=\"canonical\" href=\"https:\/\/www.tradmotion.at\/tradneu\/produkt\/jodelgutschein\/\" \/>\n<meta property=\"og:locale\" content=\"de_DE\" \/>\n<meta property=\"og:type\" content=\"article\" \/>\n<meta property=\"og:title\" content=\"Wertgutschein f\u00fcr Tradmotion Jodelkurse | Tradmotion\" \/>\n<meta property=\"og:description\" content=\"Die beliebten JODELKURS GESCHENKGUTSCHEINE Ob Weihnachten, Geburtstag oder einfach zum Dankesch\u00f6n: Ein Jodelkursgutschein ist immer die ideale \u00dcberraschung. Einmal aus dem gro\u00dfen Terminangebot ausgesucht, wird der Jodelkurs zum ganz pers\u00f6nlichen Erlebnis und Erfolg die schlie\u00dflich zum Singen in froher Runde f\u00fchren. Ein Mehrwert f\u00fcr beide, f\u00fcr die Beschenkten und f\u00fcr die Gratulanten. A) Wertgutschein: Bestellung im Bauchladen B) Sie m\u00f6chten [&hellip;]\" \/>\n<meta property=\"og:url\" content=\"https:\/\/www.tradmotion.at\/tradneu\/produkt\/jodelgutschein\/\" \/>\n<meta property=\"og:site_name\" content=\"Tradmotion\" \/>\n<meta property=\"article:modified_time\" content=\"2021-05-11T07:28:39+00:00\" \/>\n<meta property=\"og:image\" content=\"https:\/\/www.tradmotion.at\/tradneu\/wp-content\/uploads\/Gutschein1.png\" \/>\n\t<meta property=\"og:image:width\" content=\"200\" \/>\n\t<meta property=\"og:image:height\" content=\"284\" \/>\n\t<meta property=\"og:image:type\" content=\"image\/png\" \/>\n<meta name=\"twitter:label1\" content=\"Gesch\u00e4tzte Lesezeit\" \/>\n\t<meta name=\"twitter:data1\" content=\"1\u00a0Minute\" \/>\n<script type=\"application\/ld+json\" class=\"yoast-schema-graph\">{\"@context\":\"https:\\\/\\\/schema.org\",\"@graph\":[{\"@type\":\"WebPage\",\"@id\":\"https:\\\/\\\/www.tradmotion.at\\\/tradneu\\\/produkt\\\/jodelgutschein\\\/\",\"url\":\"https:\\\/\\\/www.tradmotion.at\\\/tradneu\\\/produkt\\\/jodelgutschein\\\/\",\"name\":\"Wertgutschein f\u00fcr Tradmotion Jodelkurse | Tradmotion\",\"isPartOf\":{\"@id\":\"https:\\\/\\\/www.tradmotion.at\\\/tradneu\\\/#website\"},\"primaryImageOfPage\":{\"@id\":\"https:\\\/\\\/www.tradmotion.at\\\/tradneu\\\/produkt\\\/jodelgutschein\\\/#primaryimage\"},\"image\":{\"@id\":\"https:\\\/\\\/www.tradmotion.at\\\/tradneu\\\/produkt\\\/jodelgutschein\\\/#primaryimage\"},\"thumbnailUrl\":\"https:\\\/\\\/www.tradmotion.at\\\/tradneu\\\/wp-content\\\/uploads\\\/Gutschein1.png\",\"datePublished\":\"2013-11-30T15:58:09+00:00\",\"dateModified\":\"2021-05-11T07:28:39+00:00\",\"breadcrumb\":{\"@id\":\"https:\\\/\\\/www.tradmotion.at\\\/tradneu\\\/produkt\\\/jodelgutschein\\\/#breadcrumb\"},\"inLanguage\":\"de\",\"potentialAction\":[{\"@type\":\"ReadAction\",\"target\":[\"https:\\\/\\\/www.tradmotion.at\\\/tradneu\\\/produkt\\\/jodelgutschein\\\/\"]}]},{\"@type\":\"ImageObject\",\"inLanguage\":\"de\",\"@id\":\"https:\\\/\\\/www.tradmotion.at\\\/tradneu\\\/produkt\\\/jodelgutschein\\\/#primaryimage\",\"url\":\"https:\\\/\\\/www.tradmotion.at\\\/tradneu\\\/wp-content\\\/uploads\\\/Gutschein1.png\",\"contentUrl\":\"https:\\\/\\\/www.tradmotion.at\\\/tradneu\\\/wp-content\\\/uploads\\\/Gutschein1.png\",\"width\":200,\"height\":284},{\"@type\":\"BreadcrumbList\",\"@id\":\"https:\\\/\\\/www.tradmotion.at\\\/tradneu\\\/produkt\\\/jodelgutschein\\\/#breadcrumb\",\"itemListElement\":[{\"@type\":\"ListItem\",\"position\":1,\"name\":\"Home\",\"item\":\"https:\\\/\\\/www.tradmotion.at\\\/tradneu\\\/\"},{\"@type\":\"ListItem\",\"position\":2,\"name\":\"Shop\",\"item\":\"https:\\\/\\\/www.tradmotion.at\\\/tradneu\\\/shop\\\/\"},{\"@type\":\"ListItem\",\"position\":3,\"name\":\"Wertgutschein f\u00fcr Tradmotion Jodelkurse\"}]},{\"@type\":\"WebSite\",\"@id\":\"https:\\\/\\\/www.tradmotion.at\\\/tradneu\\\/#website\",\"url\":\"https:\\\/\\\/www.tradmotion.at\\\/tradneu\\\/\",\"name\":\"Tradmotion\",\"description\":\"Tradition &amp; Emotion\",\"publisher\":{\"@id\":\"https:\\\/\\\/www.tradmotion.at\\\/tradneu\\\/#organization\"},\"potentialAction\":[{\"@type\":\"SearchAction\",\"target\":{\"@type\":\"EntryPoint\",\"urlTemplate\":\"https:\\\/\\\/www.tradmotion.at\\\/tradneu\\\/?s={search_term_string}\"},\"query-input\":{\"@type\":\"PropertyValueSpecification\",\"valueRequired\":true,\"valueName\":\"search_term_string\"}}],\"inLanguage\":\"de\"},{\"@type\":\"Organization\",\"@id\":\"https:\\\/\\\/www.tradmotion.at\\\/tradneu\\\/#organization\",\"name\":\"Tradmotion\",\"url\":\"https:\\\/\\\/www.tradmotion.at\\\/tradneu\\\/\",\"logo\":{\"@type\":\"ImageObject\",\"inLanguage\":\"de\",\"@id\":\"https:\\\/\\\/www.tradmotion.at\\\/tradneu\\\/#\\\/schema\\\/logo\\\/image\\\/\",\"url\":\"http:\\\/\\\/www.tradmotion.at\\\/tradneu\\\/wp-content\\\/uploads\\\/cropped-Logo_Tradmotion_red.png\",\"contentUrl\":\"http:\\\/\\\/www.tradmotion.at\\\/tradneu\\\/wp-content\\\/uploads\\\/cropped-Logo_Tradmotion_red.png\",\"width\":512,\"height\":512,\"caption\":\"Tradmotion\"},\"image\":{\"@id\":\"https:\\\/\\\/www.tradmotion.at\\\/tradneu\\\/#\\\/schema\\\/logo\\\/image\\\/\"}}]}<\/script>\n<!-- \/ Yoast SEO plugin. -->","yoast_head_json":{"title":"Wertgutschein f\u00fcr Tradmotion Jodelkurse | Tradmotion","robots":{"index":"index","follow":"follow","max-snippet":"max-snippet:-1","max-image-preview":"max-image-preview:large","max-video-preview":"max-video-preview:-1"},"canonical":"https:\/\/www.tradmotion.at\/tradneu\/produkt\/jodelgutschein\/","og_locale":"de_DE","og_type":"article","og_title":"Wertgutschein f\u00fcr Tradmotion Jodelkurse | Tradmotion","og_description":"Die beliebten JODELKURS GESCHENKGUTSCHEINE Ob Weihnachten, Geburtstag oder einfach zum Dankesch\u00f6n: Ein Jodelkursgutschein ist immer die ideale \u00dcberraschung. Einmal aus dem gro\u00dfen Terminangebot ausgesucht, wird der Jodelkurs zum ganz pers\u00f6nlichen Erlebnis und Erfolg die schlie\u00dflich zum Singen in froher Runde f\u00fchren. Ein Mehrwert f\u00fcr beide, f\u00fcr die Beschenkten und f\u00fcr die Gratulanten. A) Wertgutschein: Bestellung im Bauchladen B) Sie m\u00f6chten [&hellip;]","og_url":"https:\/\/www.tradmotion.at\/tradneu\/produkt\/jodelgutschein\/","og_site_name":"Tradmotion","article_modified_time":"2021-05-11T07:28:39+00:00","og_image":[{"width":200,"height":284,"url":"https:\/\/www.tradmotion.at\/tradneu\/wp-content\/uploads\/Gutschein1.png","type":"image\/png"}],"twitter_misc":{"Gesch\u00e4tzte Lesezeit":"1\u00a0Minute"},"schema":{"@context":"https:\/\/schema.org","@graph":[{"@type":"WebPage","@id":"https:\/\/www.tradmotion.at\/tradneu\/produkt\/jodelgutschein\/","url":"https:\/\/www.tradmotion.at\/tradneu\/produkt\/jodelgutschein\/","name":"Wertgutschein f\u00fcr Tradmotion Jodelkurse | Tradmotion","isPartOf":{"@id":"https:\/\/www.tradmotion.at\/tradneu\/#website"},"primaryImageOfPage":{"@id":"https:\/\/www.tradmotion.at\/tradneu\/produkt\/jodelgutschein\/#primaryimage"},"image":{"@id":"https:\/\/www.tradmotion.at\/tradneu\/produkt\/jodelgutschein\/#primaryimage"},"thumbnailUrl":"https:\/\/www.tradmotion.at\/tradneu\/wp-content\/uploads\/Gutschein1.png","datePublished":"2013-11-30T15:58:09+00:00","dateModified":"2021-05-11T07:28:39+00:00","breadcrumb":{"@id":"https:\/\/www.tradmotion.at\/tradneu\/produkt\/jodelgutschein\/#breadcrumb"},"inLanguage":"de","potentialAction":[{"@type":"ReadAction","target":["https:\/\/www.tradmotion.at\/tradneu\/produkt\/jodelgutschein\/"]}]},{"@type":"ImageObject","inLanguage":"de","@id":"https:\/\/www.tradmotion.at\/tradneu\/produkt\/jodelgutschein\/#primaryimage","url":"https:\/\/www.tradmotion.at\/tradneu\/wp-content\/uploads\/Gutschein1.png","contentUrl":"https:\/\/www.tradmotion.at\/tradneu\/wp-content\/uploads\/Gutschein1.png","width":200,"height":284},{"@type":"BreadcrumbList","@id":"https:\/\/www.tradmotion.at\/tradneu\/produkt\/jodelgutschein\/#breadcrumb","itemListElement":[{"@type":"ListItem","position":1,"name":"Home","item":"https:\/\/www.tradmotion.at\/tradneu\/"},{"@type":"ListItem","position":2,"name":"Shop","item":"https:\/\/www.tradmotion.at\/tradneu\/shop\/"},{"@type":"ListItem","position":3,"name":"Wertgutschein f\u00fcr Tradmotion Jodelkurse"}]},{"@type":"WebSite","@id":"https:\/\/www.tradmotion.at\/tradneu\/#website","url":"https:\/\/www.tradmotion.at\/tradneu\/","name":"Tradmotion","description":"Tradition &amp; Emotion","publisher":{"@id":"https:\/\/www.tradmotion.at\/tradneu\/#organization"},"potentialAction":[{"@type":"SearchAction","target":{"@type":"EntryPoint","urlTemplate":"https:\/\/www.tradmotion.at\/tradneu\/?s={search_term_string}"},"query-input":{"@type":"PropertyValueSpecification","valueRequired":true,"valueName":"search_term_string"}}],"inLanguage":"de"},{"@type":"Organization","@id":"https:\/\/www.tradmotion.at\/tradneu\/#organization","name":"Tradmotion","url":"https:\/\/www.tradmotion.at\/tradneu\/","logo":{"@type":"ImageObject","inLanguage":"de","@id":"https:\/\/www.tradmotion.at\/tradneu\/#\/schema\/logo\/image\/","url":"http:\/\/www.tradmotion.at\/tradneu\/wp-content\/uploads\/cropped-Logo_Tradmotion_red.png","contentUrl":"http:\/\/www.tradmotion.at\/tradneu\/wp-content\/uploads\/cropped-Logo_Tradmotion_red.png","width":512,"height":512,"caption":"Tradmotion"},"image":{"@id":"https:\/\/www.tradmotion.at\/tradneu\/#\/schema\/logo\/image\/"}}]}},"_links":{"self":[{"href":"https:\/\/www.tradmotion.at\/tradneu\/wp-json\/wp\/v2\/product\/5473","targetHints":{"allow":["GET"]}}],"collection":[{"href":"https:\/\/www.tradmotion.at\/tradneu\/wp-json\/wp\/v2\/product"}],"about":[{"href":"https:\/\/www.tradmotion.at\/tradneu\/wp-json\/wp\/v2\/types\/product"}],"replies":[{"embeddable":true,"href":"https:\/\/www.tradmotion.at\/tradneu\/wp-json\/wp\/v2\/comments?post=5473"}],"wp:featuredmedia":[{"embeddable":true,"href":"https:\/\/www.tradmotion.at\/tradneu\/wp-json\/wp\/v2\/media\/5474"}],"wp:attachment":[{"href":"https:\/\/www.tradmotion.at\/tradneu\/wp-json\/wp\/v2\/media?parent=5473"}],"wp:term":[{"taxonomy":"product_brand","embeddable":true,"href":"https:\/\/www.tradmotion.at\/tradneu\/wp-json\/wp\/v2\/product_brand?post=5473"},{"taxonomy":"product_cat","embeddable":true,"href":"https:\/\/www.tradmotion.at\/tradneu\/wp-json\/wp\/v2\/product_cat?post=5473"},{"taxonomy":"product_tag","embeddable":true,"href":"https:\/\/www.tradmotion.at\/tradneu\/wp-json\/wp\/v2\/product_tag?post=5473"}],"curies":[{"name":"wp","href":"https:\/\/api.w.org\/{rel}","templated":true}]}}