{"id":6060,"date":"2015-04-20T18:36:51","date_gmt":"2015-04-20T16:36:51","guid":{"rendered":"http:\/\/www.tradmotion.at\/tradneu\/produkt\/wir-lernen-jodeln-hausuebungen-iii\/"},"modified":"2020-12-02T20:18:58","modified_gmt":"2020-12-02T19:18:58","slug":"wir-lernen-jodeln-hausuebungen-iii","status":"publish","type":"product","link":"https:\/\/www.tradmotion.at\/tradneu\/produkt\/wir-lernen-jodeln-hausuebungen-iii\/","title":{"rendered":"Wir lernen jodeln &#8211; Haus\u00fcbungen III"},"content":{"rendered":"<h1>Der dritte Band der Jodelschule<\/h1>\n<h4>\u2026ist der pers\u00f6nlichen Repertoire-Erweiterung gewidmet. Mit der Haus\u00fcbungen I und II wird eine exzellente Basis vermittelt. Und nun wird es beinahe spielend leicht, die weiteren Melodien zu \u00fcbernehmen.<br \/>\n\u2026dient der Wissensvermittlung \u00fcber das Jodeln und ist zudem eine praktische Unterweisung f\u00fcr das Jodeln.<br \/>\n\u2026ist mit der Jodel-CD, den Noten und den beiden Beitr\u00e4gen ein kompakter Lernbehelf.<br \/>\n\u2026ist mit den sch\u00f6nen Abbildungen auch ein besonders sch\u00f6nes Buch, das beim Lernen von Vorteil ist.<\/h4>\n<p>Aller guten Dinge sind also DREI und das satte GR\u00dcN steht f\u00fcr die Vielfalt, die ja nicht nur dem Farbton GR\u00dcN innewohnt, sondern auch den Jodlern, die sich in vielen Varianten verzweigen.<br \/>\nDiese Jodelschule setzt den erfolgreichen Weg der I. und II. Haus\u00fcbung fort und es mischen sich nunmehr sehr unterschiedliche Formen des Jodlers ins Repertoire. Es sind altehrw\u00fcrdige und auch neu entstandene, es sind kurze-lustige und lange- ausholende- schwerm\u00fctige dabei. Wer unsere lange Wunschliste f\u00fcr diese Ausgabe gesehen h\u00e4tte, w\u00e4re nunmehr \u00fcberrascht, dass es zu einer Auswahl kommen konnte. Es war nicht leicht aus der F\u00fclle auszuw\u00e4hlen, weil mit jedem Jodler Bilder aus dem Leben verbunden sind und uns jeder Jodler am Herzen liegt. Aus diesem Grunde haben wir die Speicherm\u00f6glichkeiten am Tontr\u00e4ger bestm\u00f6glich gen\u00fctzt. Dies schl\u00e4gt sich auch an der Anzahl der Jodler nieder. Dieses Heft ist daher das bisher reichhaltigste.<br \/>\nIm Bildteil w\u00fcrdigen wir alle jene S\u00e4ngerinnen und S\u00e4nger, die uns im Laufe des Lebens Melodien mitgegeben haben. Ihnen geb\u00fchrt eine tiefe Verneigung, weil sie \u2013 im wahrsten Sinnen des Wortes \u2013 etwas von sich hergegeben haben. Und das mit aller \u00dcberzeugung und mit uns zusammen in endlosen Stunden des nimmerm\u00fcden Klangspiels.<br \/>\nRudolf Pietsch haben wir als Autor gewonnen. Mit ihm haben wir ein Leben lang musiziert und gesungen. Er stellt in seinem Beitrag den Jodler als Ph\u00e4nomen \u00f6sterreichischer Musikkultur vor.<br \/>\nSchlie\u00dflich seien hier noch die Interpreten erw\u00e4hnt, die allesamt mit dem Jodeln aufgewachsen sind und schon aus diesem Grunde die idealen Voraussetzungen mitbringen. Beim Jodeln bedarf es des gesamten K\u00f6rpers, nur so kann sich eine Stimme \u00fcber die andere katapultieren, einem Drahtseilakt gleich und der Harmonie geweiht.<br \/>\nDas alles bezieht sich auf insgesamt 25 Jodler. Gebrauchsanleitung inbegriffen und nat\u00fcrlich ist die Jodler-Lern-CD mit extra abrufbaren Einzelstimmen dabei.<\/p>\n<p>Herausgegeben von Ingeborg Magdalena und Hermann H\u00e4rtel, Zitoll 2015\u2028A5\/ 60 Seiten \/ 4c \/ brosch\u00fcrt mit Jodel-Lern-CD<\/p>\n","protected":false},"excerpt":{"rendered":"<p>Der dritte Band der Jodelschule \u2026ist der pers\u00f6nlichen Repertoire-Erweiterung gewidmet. Mit der Haus\u00fcbungen I und II wird eine exzellente Basis vermittelt. Und nun wird es beinahe spielend leicht, die weiteren Melodien zu \u00fcbernehmen. \u2026dient der Wissensvermittlung \u00fcber das Jodeln und ist zudem eine praktische Unterweisung f\u00fcr das Jodeln. \u2026ist mit der Jodel-CD, den Noten und den beiden Beitr\u00e4gen ein kompakter [&hellip;]<\/p>\n","protected":false},"featured_media":6061,"comment_status":"open","ping_status":"closed","template":"","meta":{"_monsterinsights_skip_tracking":false,"_monsterinsights_sitenote_active":false,"_monsterinsights_sitenote_note":"","_monsterinsights_sitenote_category":0},"product_brand":[],"product_cat":[14],"product_tag":[],"class_list":{"0":"post-6060","1":"product","2":"type-product","3":"status-publish","4":"has-post-thumbnail","6":"product_cat-jodeln-lernen","8":"first","9":"instock","10":"shipping-taxable","11":"purchasable","12":"product-type-simple"},"yoast_head":"<!-- This site is optimized with the Yoast SEO plugin v27.3 - https:\/\/yoast.com\/product\/yoast-seo-wordpress\/ -->\n<title>Wir lernen jodeln Haus\u00fcbungen III<\/title>\n<meta name=\"description\" content=\"Band drei der erfolgreichen Buchreihe aus dem Hause H\u00e4rtel.\" \/>\n<meta name=\"robots\" content=\"index, follow, max-snippet:-1, max-image-preview:large, max-video-preview:-1\" \/>\n<link rel=\"canonical\" href=\"https:\/\/www.tradmotion.at\/tradneu\/produkt\/wir-lernen-jodeln-hausuebungen-iii\/\" \/>\n<meta property=\"og:locale\" content=\"de_DE\" \/>\n<meta property=\"og:type\" content=\"article\" \/>\n<meta property=\"og:title\" content=\"Wir lernen jodeln Haus\u00fcbungen III\" \/>\n<meta property=\"og:description\" content=\"Band drei der erfolgreichen Buchreihe aus dem Hause H\u00e4rtel.\" \/>\n<meta property=\"og:url\" content=\"https:\/\/www.tradmotion.at\/tradneu\/produkt\/wir-lernen-jodeln-hausuebungen-iii\/\" \/>\n<meta property=\"og:site_name\" content=\"Tradmotion\" \/>\n<meta property=\"article:modified_time\" content=\"2020-12-02T19:18:58+00:00\" \/>\n<meta property=\"og:image\" content=\"https:\/\/www.tradmotion.at\/tradneu\/wp-content\/uploads\/Jodelschule_3_Titelseite_Web.jpg\" \/>\n\t<meta property=\"og:image:width\" content=\"200\" \/>\n\t<meta property=\"og:image:height\" content=\"284\" \/>\n\t<meta property=\"og:image:type\" content=\"image\/jpeg\" \/>\n<meta name=\"twitter:label1\" content=\"Gesch\u00e4tzte Lesezeit\" \/>\n\t<meta name=\"twitter:data1\" content=\"2\u00a0Minuten\" \/>\n<script type=\"application\/ld+json\" class=\"yoast-schema-graph\">{\"@context\":\"https:\\\/\\\/schema.org\",\"@graph\":[{\"@type\":\"WebPage\",\"@id\":\"https:\\\/\\\/www.tradmotion.at\\\/tradneu\\\/produkt\\\/wir-lernen-jodeln-hausuebungen-iii\\\/\",\"url\":\"https:\\\/\\\/www.tradmotion.at\\\/tradneu\\\/produkt\\\/wir-lernen-jodeln-hausuebungen-iii\\\/\",\"name\":\"Wir lernen jodeln Haus\u00fcbungen III\",\"isPartOf\":{\"@id\":\"https:\\\/\\\/www.tradmotion.at\\\/tradneu\\\/#website\"},\"primaryImageOfPage\":{\"@id\":\"https:\\\/\\\/www.tradmotion.at\\\/tradneu\\\/produkt\\\/wir-lernen-jodeln-hausuebungen-iii\\\/#primaryimage\"},\"image\":{\"@id\":\"https:\\\/\\\/www.tradmotion.at\\\/tradneu\\\/produkt\\\/wir-lernen-jodeln-hausuebungen-iii\\\/#primaryimage\"},\"thumbnailUrl\":\"https:\\\/\\\/www.tradmotion.at\\\/tradneu\\\/wp-content\\\/uploads\\\/Jodelschule_3_Titelseite_Web.jpg\",\"datePublished\":\"2015-04-20T16:36:51+00:00\",\"dateModified\":\"2020-12-02T19:18:58+00:00\",\"description\":\"Band drei der erfolgreichen Buchreihe aus dem Hause H\u00e4rtel.\",\"breadcrumb\":{\"@id\":\"https:\\\/\\\/www.tradmotion.at\\\/tradneu\\\/produkt\\\/wir-lernen-jodeln-hausuebungen-iii\\\/#breadcrumb\"},\"inLanguage\":\"de\",\"potentialAction\":[{\"@type\":\"ReadAction\",\"target\":[\"https:\\\/\\\/www.tradmotion.at\\\/tradneu\\\/produkt\\\/wir-lernen-jodeln-hausuebungen-iii\\\/\"]}]},{\"@type\":\"ImageObject\",\"inLanguage\":\"de\",\"@id\":\"https:\\\/\\\/www.tradmotion.at\\\/tradneu\\\/produkt\\\/wir-lernen-jodeln-hausuebungen-iii\\\/#primaryimage\",\"url\":\"https:\\\/\\\/www.tradmotion.at\\\/tradneu\\\/wp-content\\\/uploads\\\/Jodelschule_3_Titelseite_Web.jpg\",\"contentUrl\":\"https:\\\/\\\/www.tradmotion.at\\\/tradneu\\\/wp-content\\\/uploads\\\/Jodelschule_3_Titelseite_Web.jpg\",\"width\":200,\"height\":284},{\"@type\":\"BreadcrumbList\",\"@id\":\"https:\\\/\\\/www.tradmotion.at\\\/tradneu\\\/produkt\\\/wir-lernen-jodeln-hausuebungen-iii\\\/#breadcrumb\",\"itemListElement\":[{\"@type\":\"ListItem\",\"position\":1,\"name\":\"Home\",\"item\":\"https:\\\/\\\/www.tradmotion.at\\\/tradneu\\\/\"},{\"@type\":\"ListItem\",\"position\":2,\"name\":\"Shop\",\"item\":\"https:\\\/\\\/www.tradmotion.at\\\/tradneu\\\/shop\\\/\"},{\"@type\":\"ListItem\",\"position\":3,\"name\":\"Wir lernen jodeln &#8211; Haus\u00fcbungen III\"}]},{\"@type\":\"WebSite\",\"@id\":\"https:\\\/\\\/www.tradmotion.at\\\/tradneu\\\/#website\",\"url\":\"https:\\\/\\\/www.tradmotion.at\\\/tradneu\\\/\",\"name\":\"Tradmotion\",\"description\":\"Tradition &amp; Emotion\",\"publisher\":{\"@id\":\"https:\\\/\\\/www.tradmotion.at\\\/tradneu\\\/#organization\"},\"potentialAction\":[{\"@type\":\"SearchAction\",\"target\":{\"@type\":\"EntryPoint\",\"urlTemplate\":\"https:\\\/\\\/www.tradmotion.at\\\/tradneu\\\/?s={search_term_string}\"},\"query-input\":{\"@type\":\"PropertyValueSpecification\",\"valueRequired\":true,\"valueName\":\"search_term_string\"}}],\"inLanguage\":\"de\"},{\"@type\":\"Organization\",\"@id\":\"https:\\\/\\\/www.tradmotion.at\\\/tradneu\\\/#organization\",\"name\":\"Tradmotion\",\"url\":\"https:\\\/\\\/www.tradmotion.at\\\/tradneu\\\/\",\"logo\":{\"@type\":\"ImageObject\",\"inLanguage\":\"de\",\"@id\":\"https:\\\/\\\/www.tradmotion.at\\\/tradneu\\\/#\\\/schema\\\/logo\\\/image\\\/\",\"url\":\"http:\\\/\\\/www.tradmotion.at\\\/tradneu\\\/wp-content\\\/uploads\\\/cropped-Logo_Tradmotion_red.png\",\"contentUrl\":\"http:\\\/\\\/www.tradmotion.at\\\/tradneu\\\/wp-content\\\/uploads\\\/cropped-Logo_Tradmotion_red.png\",\"width\":512,\"height\":512,\"caption\":\"Tradmotion\"},\"image\":{\"@id\":\"https:\\\/\\\/www.tradmotion.at\\\/tradneu\\\/#\\\/schema\\\/logo\\\/image\\\/\"}}]}<\/script>\n<!-- \/ Yoast SEO plugin. -->","yoast_head_json":{"title":"Wir lernen jodeln Haus\u00fcbungen III","description":"Band drei der erfolgreichen Buchreihe aus dem Hause H\u00e4rtel.","robots":{"index":"index","follow":"follow","max-snippet":"max-snippet:-1","max-image-preview":"max-image-preview:large","max-video-preview":"max-video-preview:-1"},"canonical":"https:\/\/www.tradmotion.at\/tradneu\/produkt\/wir-lernen-jodeln-hausuebungen-iii\/","og_locale":"de_DE","og_type":"article","og_title":"Wir lernen jodeln Haus\u00fcbungen III","og_description":"Band drei der erfolgreichen Buchreihe aus dem Hause H\u00e4rtel.","og_url":"https:\/\/www.tradmotion.at\/tradneu\/produkt\/wir-lernen-jodeln-hausuebungen-iii\/","og_site_name":"Tradmotion","article_modified_time":"2020-12-02T19:18:58+00:00","og_image":[{"width":200,"height":284,"url":"https:\/\/www.tradmotion.at\/tradneu\/wp-content\/uploads\/Jodelschule_3_Titelseite_Web.jpg","type":"image\/jpeg"}],"twitter_misc":{"Gesch\u00e4tzte Lesezeit":"2\u00a0Minuten"},"schema":{"@context":"https:\/\/schema.org","@graph":[{"@type":"WebPage","@id":"https:\/\/www.tradmotion.at\/tradneu\/produkt\/wir-lernen-jodeln-hausuebungen-iii\/","url":"https:\/\/www.tradmotion.at\/tradneu\/produkt\/wir-lernen-jodeln-hausuebungen-iii\/","name":"Wir lernen jodeln Haus\u00fcbungen III","isPartOf":{"@id":"https:\/\/www.tradmotion.at\/tradneu\/#website"},"primaryImageOfPage":{"@id":"https:\/\/www.tradmotion.at\/tradneu\/produkt\/wir-lernen-jodeln-hausuebungen-iii\/#primaryimage"},"image":{"@id":"https:\/\/www.tradmotion.at\/tradneu\/produkt\/wir-lernen-jodeln-hausuebungen-iii\/#primaryimage"},"thumbnailUrl":"https:\/\/www.tradmotion.at\/tradneu\/wp-content\/uploads\/Jodelschule_3_Titelseite_Web.jpg","datePublished":"2015-04-20T16:36:51+00:00","dateModified":"2020-12-02T19:18:58+00:00","description":"Band drei der erfolgreichen Buchreihe aus dem Hause H\u00e4rtel.","breadcrumb":{"@id":"https:\/\/www.tradmotion.at\/tradneu\/produkt\/wir-lernen-jodeln-hausuebungen-iii\/#breadcrumb"},"inLanguage":"de","potentialAction":[{"@type":"ReadAction","target":["https:\/\/www.tradmotion.at\/tradneu\/produkt\/wir-lernen-jodeln-hausuebungen-iii\/"]}]},{"@type":"ImageObject","inLanguage":"de","@id":"https:\/\/www.tradmotion.at\/tradneu\/produkt\/wir-lernen-jodeln-hausuebungen-iii\/#primaryimage","url":"https:\/\/www.tradmotion.at\/tradneu\/wp-content\/uploads\/Jodelschule_3_Titelseite_Web.jpg","contentUrl":"https:\/\/www.tradmotion.at\/tradneu\/wp-content\/uploads\/Jodelschule_3_Titelseite_Web.jpg","width":200,"height":284},{"@type":"BreadcrumbList","@id":"https:\/\/www.tradmotion.at\/tradneu\/produkt\/wir-lernen-jodeln-hausuebungen-iii\/#breadcrumb","itemListElement":[{"@type":"ListItem","position":1,"name":"Home","item":"https:\/\/www.tradmotion.at\/tradneu\/"},{"@type":"ListItem","position":2,"name":"Shop","item":"https:\/\/www.tradmotion.at\/tradneu\/shop\/"},{"@type":"ListItem","position":3,"name":"Wir lernen jodeln &#8211; Haus\u00fcbungen III"}]},{"@type":"WebSite","@id":"https:\/\/www.tradmotion.at\/tradneu\/#website","url":"https:\/\/www.tradmotion.at\/tradneu\/","name":"Tradmotion","description":"Tradition &amp; Emotion","publisher":{"@id":"https:\/\/www.tradmotion.at\/tradneu\/#organization"},"potentialAction":[{"@type":"SearchAction","target":{"@type":"EntryPoint","urlTemplate":"https:\/\/www.tradmotion.at\/tradneu\/?s={search_term_string}"},"query-input":{"@type":"PropertyValueSpecification","valueRequired":true,"valueName":"search_term_string"}}],"inLanguage":"de"},{"@type":"Organization","@id":"https:\/\/www.tradmotion.at\/tradneu\/#organization","name":"Tradmotion","url":"https:\/\/www.tradmotion.at\/tradneu\/","logo":{"@type":"ImageObject","inLanguage":"de","@id":"https:\/\/www.tradmotion.at\/tradneu\/#\/schema\/logo\/image\/","url":"http:\/\/www.tradmotion.at\/tradneu\/wp-content\/uploads\/cropped-Logo_Tradmotion_red.png","contentUrl":"http:\/\/www.tradmotion.at\/tradneu\/wp-content\/uploads\/cropped-Logo_Tradmotion_red.png","width":512,"height":512,"caption":"Tradmotion"},"image":{"@id":"https:\/\/www.tradmotion.at\/tradneu\/#\/schema\/logo\/image\/"}}]}},"_links":{"self":[{"href":"https:\/\/www.tradmotion.at\/tradneu\/wp-json\/wp\/v2\/product\/6060","targetHints":{"allow":["GET"]}}],"collection":[{"href":"https:\/\/www.tradmotion.at\/tradneu\/wp-json\/wp\/v2\/product"}],"about":[{"href":"https:\/\/www.tradmotion.at\/tradneu\/wp-json\/wp\/v2\/types\/product"}],"replies":[{"embeddable":true,"href":"https:\/\/www.tradmotion.at\/tradneu\/wp-json\/wp\/v2\/comments?post=6060"}],"wp:featuredmedia":[{"embeddable":true,"href":"https:\/\/www.tradmotion.at\/tradneu\/wp-json\/wp\/v2\/media\/6061"}],"wp:attachment":[{"href":"https:\/\/www.tradmotion.at\/tradneu\/wp-json\/wp\/v2\/media?parent=6060"}],"wp:term":[{"taxonomy":"product_brand","embeddable":true,"href":"https:\/\/www.tradmotion.at\/tradneu\/wp-json\/wp\/v2\/product_brand?post=6060"},{"taxonomy":"product_cat","embeddable":true,"href":"https:\/\/www.tradmotion.at\/tradneu\/wp-json\/wp\/v2\/product_cat?post=6060"},{"taxonomy":"product_tag","embeddable":true,"href":"https:\/\/www.tradmotion.at\/tradneu\/wp-json\/wp\/v2\/product_tag?post=6060"}],"curies":[{"name":"wp","href":"https:\/\/api.w.org\/{rel}","templated":true}]}}