{"id":6519,"date":"2015-12-15T11:06:16","date_gmt":"2015-12-15T09:06:16","guid":{"rendered":"http:\/\/www.tradmotion.at\/tradneu\/?post_type=product&#038;p=6519"},"modified":"2024-01-01T23:01:29","modified_gmt":"2024-01-01T22:01:29","slug":"die-schoenste-bescherung-sind-unsere-weihnachtslieder-weihnachten-zitoll","status":"publish","type":"product","link":"https:\/\/www.tradmotion.at\/tradneu\/produkt\/die-schoenste-bescherung-sind-unsere-weihnachtslieder-weihnachten-zitoll\/","title":{"rendered":"Die sch\u00f6nste Bescherung sind unsere Weihnachtslieder-Weihnachten in Zitoll"},"content":{"rendered":"<p>K\u00f6nnen Weihnachtslieder die Kindheit zur\u00fcckbringen? Ja, denn mit jedem Ton sind die Bilder einer geheimnisvollen Zeit wieder pr\u00e4sent und der Vanillegeschmack auf der Zunge. Dieses au\u00dfergew\u00f6hnliche Liederbuch beinhaltet die Lieblings-Weihnachtslieder der H\u00e4rtels und f\u00fchrt zur Erkenntnis: Eine Kindheit ohne Singen w\u00e4re beinahe so, wie Weihnachten ohne Schnee\u2026<\/p>\n<p>36 Lieder auf 52 Seiten und dazu reich bebildert<br \/>\nEinzelpreis: \u20ac 12,00<\/p>\n<h5><strong><span style=\"color: #800000;\">\u00a0<\/span><\/strong><\/h5>\n","protected":false},"excerpt":{"rendered":"<p>K\u00f6nnen Weihnachtslieder die Kindheit zur\u00fcckbringen? Ja, denn mit jedem Ton sind die Bilder einer geheimnisvollen Zeit wieder pr\u00e4sent und der Vanillegeschmack auf der Zunge. Dieses au\u00dfergew\u00f6hnliche Liederbuch beinhaltet die Lieblings-Weihnachtslieder der H\u00e4rtels und f\u00fchrt zur Erkenntnis: Eine Kindheit ohne Singen w\u00e4re beinahe so, wie Weihnachten ohne Schnee\u2026 36 Lieder auf 52 Seiten und dazu reich bebildert Einzelpreis: \u20ac 12,00 \u00a0<\/p>\n","protected":false},"featured_media":6522,"comment_status":"open","ping_status":"closed","template":"","meta":{"_monsterinsights_skip_tracking":false,"_monsterinsights_sitenote_active":false,"_monsterinsights_sitenote_note":"","_monsterinsights_sitenote_category":0},"product_brand":[],"product_cat":[164],"product_tag":[],"class_list":{"0":"post-6519","1":"product","2":"type-product","3":"status-publish","4":"has-post-thumbnail","6":"product_cat-unkategorisiert","8":"first","9":"instock","10":"shipping-taxable","11":"purchasable","12":"product-type-simple"},"yoast_head":"<!-- This site is optimized with the Yoast SEO plugin v27.3 - https:\/\/yoast.com\/product\/yoast-seo-wordpress\/ -->\n<title>Die sch\u00f6nste Bescherung sind unsere Weihnachtslieder-Weihnachten in Zitoll | Tradmotion<\/title>\n<meta name=\"robots\" content=\"index, follow, max-snippet:-1, max-image-preview:large, max-video-preview:-1\" \/>\n<link rel=\"canonical\" href=\"https:\/\/www.tradmotion.at\/tradneu\/produkt\/die-schoenste-bescherung-sind-unsere-weihnachtslieder-weihnachten-zitoll\/\" \/>\n<meta property=\"og:locale\" content=\"de_DE\" \/>\n<meta property=\"og:type\" content=\"article\" \/>\n<meta property=\"og:title\" content=\"Die sch\u00f6nste Bescherung sind unsere Weihnachtslieder-Weihnachten in Zitoll | Tradmotion\" \/>\n<meta property=\"og:description\" content=\"K\u00f6nnen Weihnachtslieder die Kindheit zur\u00fcckbringen? Ja, denn mit jedem Ton sind die Bilder einer geheimnisvollen Zeit wieder pr\u00e4sent und der Vanillegeschmack auf der Zunge. Dieses au\u00dfergew\u00f6hnliche Liederbuch beinhaltet die Lieblings-Weihnachtslieder der H\u00e4rtels und f\u00fchrt zur Erkenntnis: Eine Kindheit ohne Singen w\u00e4re beinahe so, wie Weihnachten ohne Schnee\u2026 36 Lieder auf 52 Seiten und dazu reich bebildert Einzelpreis: \u20ac 12,00 \u00a0\" \/>\n<meta property=\"og:url\" content=\"https:\/\/www.tradmotion.at\/tradneu\/produkt\/die-schoenste-bescherung-sind-unsere-weihnachtslieder-weihnachten-zitoll\/\" \/>\n<meta property=\"og:site_name\" content=\"Tradmotion\" \/>\n<meta property=\"article:modified_time\" content=\"2024-01-01T22:01:29+00:00\" \/>\n<meta property=\"og:image\" content=\"https:\/\/www.tradmotion.at\/tradneu\/wp-content\/uploads\/U1-TITEL2.jpg\" \/>\n\t<meta property=\"og:image:width\" content=\"600\" \/>\n\t<meta property=\"og:image:height\" content=\"851\" \/>\n\t<meta property=\"og:image:type\" content=\"image\/jpeg\" \/>\n<script type=\"application\/ld+json\" class=\"yoast-schema-graph\">{\"@context\":\"https:\\\/\\\/schema.org\",\"@graph\":[{\"@type\":\"WebPage\",\"@id\":\"https:\\\/\\\/www.tradmotion.at\\\/tradneu\\\/produkt\\\/die-schoenste-bescherung-sind-unsere-weihnachtslieder-weihnachten-zitoll\\\/\",\"url\":\"https:\\\/\\\/www.tradmotion.at\\\/tradneu\\\/produkt\\\/die-schoenste-bescherung-sind-unsere-weihnachtslieder-weihnachten-zitoll\\\/\",\"name\":\"Die sch\u00f6nste Bescherung sind unsere Weihnachtslieder-Weihnachten in Zitoll | Tradmotion\",\"isPartOf\":{\"@id\":\"https:\\\/\\\/www.tradmotion.at\\\/tradneu\\\/#website\"},\"primaryImageOfPage\":{\"@id\":\"https:\\\/\\\/www.tradmotion.at\\\/tradneu\\\/produkt\\\/die-schoenste-bescherung-sind-unsere-weihnachtslieder-weihnachten-zitoll\\\/#primaryimage\"},\"image\":{\"@id\":\"https:\\\/\\\/www.tradmotion.at\\\/tradneu\\\/produkt\\\/die-schoenste-bescherung-sind-unsere-weihnachtslieder-weihnachten-zitoll\\\/#primaryimage\"},\"thumbnailUrl\":\"https:\\\/\\\/www.tradmotion.at\\\/tradneu\\\/wp-content\\\/uploads\\\/U1-TITEL2.jpg\",\"datePublished\":\"2015-12-15T09:06:16+00:00\",\"dateModified\":\"2024-01-01T22:01:29+00:00\",\"breadcrumb\":{\"@id\":\"https:\\\/\\\/www.tradmotion.at\\\/tradneu\\\/produkt\\\/die-schoenste-bescherung-sind-unsere-weihnachtslieder-weihnachten-zitoll\\\/#breadcrumb\"},\"inLanguage\":\"de\",\"potentialAction\":[{\"@type\":\"ReadAction\",\"target\":[\"https:\\\/\\\/www.tradmotion.at\\\/tradneu\\\/produkt\\\/die-schoenste-bescherung-sind-unsere-weihnachtslieder-weihnachten-zitoll\\\/\"]}]},{\"@type\":\"ImageObject\",\"inLanguage\":\"de\",\"@id\":\"https:\\\/\\\/www.tradmotion.at\\\/tradneu\\\/produkt\\\/die-schoenste-bescherung-sind-unsere-weihnachtslieder-weihnachten-zitoll\\\/#primaryimage\",\"url\":\"https:\\\/\\\/www.tradmotion.at\\\/tradneu\\\/wp-content\\\/uploads\\\/U1-TITEL2.jpg\",\"contentUrl\":\"https:\\\/\\\/www.tradmotion.at\\\/tradneu\\\/wp-content\\\/uploads\\\/U1-TITEL2.jpg\",\"width\":600,\"height\":851},{\"@type\":\"BreadcrumbList\",\"@id\":\"https:\\\/\\\/www.tradmotion.at\\\/tradneu\\\/produkt\\\/die-schoenste-bescherung-sind-unsere-weihnachtslieder-weihnachten-zitoll\\\/#breadcrumb\",\"itemListElement\":[{\"@type\":\"ListItem\",\"position\":1,\"name\":\"Home\",\"item\":\"https:\\\/\\\/www.tradmotion.at\\\/tradneu\\\/\"},{\"@type\":\"ListItem\",\"position\":2,\"name\":\"Shop\",\"item\":\"https:\\\/\\\/www.tradmotion.at\\\/tradneu\\\/shop\\\/\"},{\"@type\":\"ListItem\",\"position\":3,\"name\":\"Die sch\u00f6nste Bescherung sind unsere Weihnachtslieder-Weihnachten in Zitoll\"}]},{\"@type\":\"WebSite\",\"@id\":\"https:\\\/\\\/www.tradmotion.at\\\/tradneu\\\/#website\",\"url\":\"https:\\\/\\\/www.tradmotion.at\\\/tradneu\\\/\",\"name\":\"Tradmotion\",\"description\":\"Tradition &amp; Emotion\",\"publisher\":{\"@id\":\"https:\\\/\\\/www.tradmotion.at\\\/tradneu\\\/#organization\"},\"potentialAction\":[{\"@type\":\"SearchAction\",\"target\":{\"@type\":\"EntryPoint\",\"urlTemplate\":\"https:\\\/\\\/www.tradmotion.at\\\/tradneu\\\/?s={search_term_string}\"},\"query-input\":{\"@type\":\"PropertyValueSpecification\",\"valueRequired\":true,\"valueName\":\"search_term_string\"}}],\"inLanguage\":\"de\"},{\"@type\":\"Organization\",\"@id\":\"https:\\\/\\\/www.tradmotion.at\\\/tradneu\\\/#organization\",\"name\":\"Tradmotion\",\"url\":\"https:\\\/\\\/www.tradmotion.at\\\/tradneu\\\/\",\"logo\":{\"@type\":\"ImageObject\",\"inLanguage\":\"de\",\"@id\":\"https:\\\/\\\/www.tradmotion.at\\\/tradneu\\\/#\\\/schema\\\/logo\\\/image\\\/\",\"url\":\"http:\\\/\\\/www.tradmotion.at\\\/tradneu\\\/wp-content\\\/uploads\\\/cropped-Logo_Tradmotion_red.png\",\"contentUrl\":\"http:\\\/\\\/www.tradmotion.at\\\/tradneu\\\/wp-content\\\/uploads\\\/cropped-Logo_Tradmotion_red.png\",\"width\":512,\"height\":512,\"caption\":\"Tradmotion\"},\"image\":{\"@id\":\"https:\\\/\\\/www.tradmotion.at\\\/tradneu\\\/#\\\/schema\\\/logo\\\/image\\\/\"}}]}<\/script>\n<!-- \/ Yoast SEO plugin. -->","yoast_head_json":{"title":"Die sch\u00f6nste Bescherung sind unsere Weihnachtslieder-Weihnachten in Zitoll | Tradmotion","robots":{"index":"index","follow":"follow","max-snippet":"max-snippet:-1","max-image-preview":"max-image-preview:large","max-video-preview":"max-video-preview:-1"},"canonical":"https:\/\/www.tradmotion.at\/tradneu\/produkt\/die-schoenste-bescherung-sind-unsere-weihnachtslieder-weihnachten-zitoll\/","og_locale":"de_DE","og_type":"article","og_title":"Die sch\u00f6nste Bescherung sind unsere Weihnachtslieder-Weihnachten in Zitoll | Tradmotion","og_description":"K\u00f6nnen Weihnachtslieder die Kindheit zur\u00fcckbringen? Ja, denn mit jedem Ton sind die Bilder einer geheimnisvollen Zeit wieder pr\u00e4sent und der Vanillegeschmack auf der Zunge. Dieses au\u00dfergew\u00f6hnliche Liederbuch beinhaltet die Lieblings-Weihnachtslieder der H\u00e4rtels und f\u00fchrt zur Erkenntnis: Eine Kindheit ohne Singen w\u00e4re beinahe so, wie Weihnachten ohne Schnee\u2026 36 Lieder auf 52 Seiten und dazu reich bebildert Einzelpreis: \u20ac 12,00 \u00a0","og_url":"https:\/\/www.tradmotion.at\/tradneu\/produkt\/die-schoenste-bescherung-sind-unsere-weihnachtslieder-weihnachten-zitoll\/","og_site_name":"Tradmotion","article_modified_time":"2024-01-01T22:01:29+00:00","og_image":[{"width":600,"height":851,"url":"https:\/\/www.tradmotion.at\/tradneu\/wp-content\/uploads\/U1-TITEL2.jpg","type":"image\/jpeg"}],"schema":{"@context":"https:\/\/schema.org","@graph":[{"@type":"WebPage","@id":"https:\/\/www.tradmotion.at\/tradneu\/produkt\/die-schoenste-bescherung-sind-unsere-weihnachtslieder-weihnachten-zitoll\/","url":"https:\/\/www.tradmotion.at\/tradneu\/produkt\/die-schoenste-bescherung-sind-unsere-weihnachtslieder-weihnachten-zitoll\/","name":"Die sch\u00f6nste Bescherung sind unsere Weihnachtslieder-Weihnachten in Zitoll | Tradmotion","isPartOf":{"@id":"https:\/\/www.tradmotion.at\/tradneu\/#website"},"primaryImageOfPage":{"@id":"https:\/\/www.tradmotion.at\/tradneu\/produkt\/die-schoenste-bescherung-sind-unsere-weihnachtslieder-weihnachten-zitoll\/#primaryimage"},"image":{"@id":"https:\/\/www.tradmotion.at\/tradneu\/produkt\/die-schoenste-bescherung-sind-unsere-weihnachtslieder-weihnachten-zitoll\/#primaryimage"},"thumbnailUrl":"https:\/\/www.tradmotion.at\/tradneu\/wp-content\/uploads\/U1-TITEL2.jpg","datePublished":"2015-12-15T09:06:16+00:00","dateModified":"2024-01-01T22:01:29+00:00","breadcrumb":{"@id":"https:\/\/www.tradmotion.at\/tradneu\/produkt\/die-schoenste-bescherung-sind-unsere-weihnachtslieder-weihnachten-zitoll\/#breadcrumb"},"inLanguage":"de","potentialAction":[{"@type":"ReadAction","target":["https:\/\/www.tradmotion.at\/tradneu\/produkt\/die-schoenste-bescherung-sind-unsere-weihnachtslieder-weihnachten-zitoll\/"]}]},{"@type":"ImageObject","inLanguage":"de","@id":"https:\/\/www.tradmotion.at\/tradneu\/produkt\/die-schoenste-bescherung-sind-unsere-weihnachtslieder-weihnachten-zitoll\/#primaryimage","url":"https:\/\/www.tradmotion.at\/tradneu\/wp-content\/uploads\/U1-TITEL2.jpg","contentUrl":"https:\/\/www.tradmotion.at\/tradneu\/wp-content\/uploads\/U1-TITEL2.jpg","width":600,"height":851},{"@type":"BreadcrumbList","@id":"https:\/\/www.tradmotion.at\/tradneu\/produkt\/die-schoenste-bescherung-sind-unsere-weihnachtslieder-weihnachten-zitoll\/#breadcrumb","itemListElement":[{"@type":"ListItem","position":1,"name":"Home","item":"https:\/\/www.tradmotion.at\/tradneu\/"},{"@type":"ListItem","position":2,"name":"Shop","item":"https:\/\/www.tradmotion.at\/tradneu\/shop\/"},{"@type":"ListItem","position":3,"name":"Die sch\u00f6nste Bescherung sind unsere Weihnachtslieder-Weihnachten in Zitoll"}]},{"@type":"WebSite","@id":"https:\/\/www.tradmotion.at\/tradneu\/#website","url":"https:\/\/www.tradmotion.at\/tradneu\/","name":"Tradmotion","description":"Tradition &amp; Emotion","publisher":{"@id":"https:\/\/www.tradmotion.at\/tradneu\/#organization"},"potentialAction":[{"@type":"SearchAction","target":{"@type":"EntryPoint","urlTemplate":"https:\/\/www.tradmotion.at\/tradneu\/?s={search_term_string}"},"query-input":{"@type":"PropertyValueSpecification","valueRequired":true,"valueName":"search_term_string"}}],"inLanguage":"de"},{"@type":"Organization","@id":"https:\/\/www.tradmotion.at\/tradneu\/#organization","name":"Tradmotion","url":"https:\/\/www.tradmotion.at\/tradneu\/","logo":{"@type":"ImageObject","inLanguage":"de","@id":"https:\/\/www.tradmotion.at\/tradneu\/#\/schema\/logo\/image\/","url":"http:\/\/www.tradmotion.at\/tradneu\/wp-content\/uploads\/cropped-Logo_Tradmotion_red.png","contentUrl":"http:\/\/www.tradmotion.at\/tradneu\/wp-content\/uploads\/cropped-Logo_Tradmotion_red.png","width":512,"height":512,"caption":"Tradmotion"},"image":{"@id":"https:\/\/www.tradmotion.at\/tradneu\/#\/schema\/logo\/image\/"}}]}},"_links":{"self":[{"href":"https:\/\/www.tradmotion.at\/tradneu\/wp-json\/wp\/v2\/product\/6519","targetHints":{"allow":["GET"]}}],"collection":[{"href":"https:\/\/www.tradmotion.at\/tradneu\/wp-json\/wp\/v2\/product"}],"about":[{"href":"https:\/\/www.tradmotion.at\/tradneu\/wp-json\/wp\/v2\/types\/product"}],"replies":[{"embeddable":true,"href":"https:\/\/www.tradmotion.at\/tradneu\/wp-json\/wp\/v2\/comments?post=6519"}],"wp:featuredmedia":[{"embeddable":true,"href":"https:\/\/www.tradmotion.at\/tradneu\/wp-json\/wp\/v2\/media\/6522"}],"wp:attachment":[{"href":"https:\/\/www.tradmotion.at\/tradneu\/wp-json\/wp\/v2\/media?parent=6519"}],"wp:term":[{"taxonomy":"product_brand","embeddable":true,"href":"https:\/\/www.tradmotion.at\/tradneu\/wp-json\/wp\/v2\/product_brand?post=6519"},{"taxonomy":"product_cat","embeddable":true,"href":"https:\/\/www.tradmotion.at\/tradneu\/wp-json\/wp\/v2\/product_cat?post=6519"},{"taxonomy":"product_tag","embeddable":true,"href":"https:\/\/www.tradmotion.at\/tradneu\/wp-json\/wp\/v2\/product_tag?post=6519"}],"curies":[{"name":"wp","href":"https:\/\/api.w.org\/{rel}","templated":true}]}}