{"id":6805,"date":"2016-09-04T21:03:00","date_gmt":"2016-09-04T19:03:00","guid":{"rendered":"http:\/\/www.tradmotion.at\/tradneu\/?post_type=product&#038;p=6805"},"modified":"2023-10-25T09:13:10","modified_gmt":"2023-10-25T08:13:10","slug":"das-nikolo-geheimnis","status":"publish","type":"product","link":"https:\/\/www.tradmotion.at\/tradneu\/produkt\/das-nikolo-geheimnis\/","title":{"rendered":"Das Nikolo Geheimnis"},"content":{"rendered":"<p>Hermann H\u00e4rtel und Hermann H\u00e4rtel<\/p>\n<p>Verlag Weishaupt 2016<\/p>\n<p>Das ist bibliographische sensationell: Der Autor Hermann H\u00e4rtel erhielt im Dezember 2014 einen handgeschriebenen Brief vom Heiligen Nikolaus und er beschlie\u00dft spontan, diesen Brief vollinhaltlich in einem Buch zu ver\u00f6ffentlichen. Und nun liegt das Buch vor Euch. Der Heilige Mann plaudert erstmals sehr offen \u00fcber seinen Aufstieg zum Markenf\u00fchrer und \u00fcber seine Kooperation mit dem Krampus. Er wendet sich in ber\u00fchrenden Worten an die Kinder selbst und meint, dass es zu wenig sei, nur am 5. Dezember an das Gute erinnert zu werden. Er h\u00e4lt ein Pl\u00e4doyer f\u00fcr 365 Tage des Guten und nennt die Kinder seine unmittelbaren Verb\u00fcndeten.<\/p>\n<p>Und w\u00e4hrend sich Kinder und deren Eltern an seinen weisen Worten aufrichten, knabbert die ganze Familie an Apfel, Nuss und dem Schokoladeheiligen. Das ist ein wahres Bild f\u00fcr G\u00f6tter und eines f\u00fcr den Maler Hermann H\u00e4rtel. Er verbildlicht und versinnbildlicht die Legende und pflegt mit feinen Strichen den Mythos vom ewig g\u00fcltigen Geheimnis. Er glaubt an den Nikolo, beugt sich \u00fcber die Staffelei und meint, dass es die Geheimnisse sind, die von den nackten Tatsachen nie und nimmer eingeholt werden k\u00f6nnen.<\/p>\n<p>22,5 x 28 cm, 33 Seiten, jede Seite farbig illustriert, Hardcover, gebunden,<\/p>\n<p>\u20ac 14,50<\/p>\n<p>&nbsp;<\/p>\n","protected":false},"excerpt":{"rendered":"<p>Hermann H\u00e4rtel\/Hermann H\u00e4rtel<\/p>\n<p>Weishaupt Verlag<\/p>\n<p>Das ist bibliographische sensationell: Der Autor Hermann H\u00e4rtel erhielt im Dezember 2014 einen handgeschriebenen Brief vom Heiligen Nikolaus und er beschlie\u00dft spontan, diesen Brief vollinhaltlich in einem Buch zu ver\u00f6ffentlichen. Und nun liegt das Buch vor Euch. Der Heilige Mann plaudert erstmals sehr offen \u00fcber seinen Aufstieg zum Markenf\u00fchrer und \u00fcber seine Kooperation mit dem Krampus. Er wendet sich in ber\u00fchrenden Worten an die Kinder selbst und meint, dass es zu wenig sei, nur am 5. Dezember an das Gute erinnert zu werden. Er h\u00e4lt ein Pl\u00e4doyer f\u00fcr 365 Tage des Guten und nennt die Kinder seine unmittelbaren Verb\u00fcndeten.<\/p>\n<p>Und w\u00e4hrend sich Kinder und deren Eltern an seinen weisen Worten aufrichten, knabbert die ganze Familie an Apfel, Nuss und dem Schokoladeheiligen. Das ist ein wahres Bild f\u00fcr G\u00f6tter und eines f\u00fcr den Maler Hermann H\u00e4rtel. Er verbildlicht und versinnbildlicht die Legende und pflegt mit feinen Strichen den Mythos vom ewig g\u00fcltigen Geheimnis. Er glaubt an den Nikolo, beugt sich \u00fcber die Staffelei und meint, dass es die Geheimnisse sind, die von den nackten Tatsachen nie und nimmer eingeholt werden k\u00f6nnen.<\/p>\n<p>&nbsp;<\/p>\n","protected":false},"featured_media":6808,"comment_status":"open","ping_status":"closed","template":"","meta":{"_monsterinsights_skip_tracking":false,"_monsterinsights_sitenote_active":false,"_monsterinsights_sitenote_note":"","_monsterinsights_sitenote_category":0},"product_brand":[],"product_cat":[164],"product_tag":[],"class_list":{"0":"post-6805","1":"product","2":"type-product","3":"status-publish","4":"has-post-thumbnail","6":"product_cat-unkategorisiert","8":"first","9":"instock","10":"shipping-taxable","11":"purchasable","12":"product-type-simple"},"yoast_head":"<!-- This site is optimized with the Yoast SEO plugin v27.3 - https:\/\/yoast.com\/product\/yoast-seo-wordpress\/ -->\n<title>Das Nikolo Geheimnis | Tradmotion<\/title>\n<meta name=\"robots\" content=\"index, follow, max-snippet:-1, max-image-preview:large, max-video-preview:-1\" \/>\n<link rel=\"canonical\" href=\"https:\/\/www.tradmotion.at\/tradneu\/produkt\/das-nikolo-geheimnis\/\" \/>\n<meta property=\"og:locale\" content=\"de_DE\" \/>\n<meta property=\"og:type\" content=\"article\" \/>\n<meta property=\"og:title\" content=\"Das Nikolo Geheimnis %\" \/>\n<meta property=\"og:description\" content=\"%\" \/>\n<meta property=\"og:url\" content=\"https:\/\/www.tradmotion.at\/tradneu\/produkt\/das-nikolo-geheimnis\/\" \/>\n<meta property=\"og:site_name\" content=\"Tradmotion\" \/>\n<meta property=\"article:modified_time\" content=\"2023-10-25T08:13:10+00:00\" \/>\n<meta property=\"og:image\" content=\"https:\/\/www.tradmotion.at\/tradneu\/wp-content\/uploads\/9783705903944_hp.jpg\" \/>\n\t<meta property=\"og:image:width\" content=\"587\" \/>\n\t<meta property=\"og:image:height\" content=\"768\" \/>\n\t<meta property=\"og:image:type\" content=\"image\/jpeg\" \/>\n<meta name=\"twitter:label1\" content=\"Gesch\u00e4tzte Lesezeit\" \/>\n\t<meta name=\"twitter:data1\" content=\"1\u00a0Minute\" \/>\n<script type=\"application\/ld+json\" class=\"yoast-schema-graph\">{\"@context\":\"https:\\\/\\\/schema.org\",\"@graph\":[{\"@type\":\"WebPage\",\"@id\":\"https:\\\/\\\/www.tradmotion.at\\\/tradneu\\\/produkt\\\/das-nikolo-geheimnis\\\/\",\"url\":\"https:\\\/\\\/www.tradmotion.at\\\/tradneu\\\/produkt\\\/das-nikolo-geheimnis\\\/\",\"name\":\"Das Nikolo Geheimnis | Tradmotion\",\"isPartOf\":{\"@id\":\"https:\\\/\\\/www.tradmotion.at\\\/tradneu\\\/#website\"},\"primaryImageOfPage\":{\"@id\":\"https:\\\/\\\/www.tradmotion.at\\\/tradneu\\\/produkt\\\/das-nikolo-geheimnis\\\/#primaryimage\"},\"image\":{\"@id\":\"https:\\\/\\\/www.tradmotion.at\\\/tradneu\\\/produkt\\\/das-nikolo-geheimnis\\\/#primaryimage\"},\"thumbnailUrl\":\"https:\\\/\\\/www.tradmotion.at\\\/tradneu\\\/wp-content\\\/uploads\\\/9783705903944_hp.jpg\",\"datePublished\":\"2016-09-04T19:03:00+00:00\",\"dateModified\":\"2023-10-25T08:13:10+00:00\",\"breadcrumb\":{\"@id\":\"https:\\\/\\\/www.tradmotion.at\\\/tradneu\\\/produkt\\\/das-nikolo-geheimnis\\\/#breadcrumb\"},\"inLanguage\":\"de\",\"potentialAction\":[{\"@type\":\"ReadAction\",\"target\":[\"https:\\\/\\\/www.tradmotion.at\\\/tradneu\\\/produkt\\\/das-nikolo-geheimnis\\\/\"]}]},{\"@type\":\"ImageObject\",\"inLanguage\":\"de\",\"@id\":\"https:\\\/\\\/www.tradmotion.at\\\/tradneu\\\/produkt\\\/das-nikolo-geheimnis\\\/#primaryimage\",\"url\":\"https:\\\/\\\/www.tradmotion.at\\\/tradneu\\\/wp-content\\\/uploads\\\/9783705903944_hp.jpg\",\"contentUrl\":\"https:\\\/\\\/www.tradmotion.at\\\/tradneu\\\/wp-content\\\/uploads\\\/9783705903944_hp.jpg\",\"width\":\"587\",\"height\":\"768\"},{\"@type\":\"BreadcrumbList\",\"@id\":\"https:\\\/\\\/www.tradmotion.at\\\/tradneu\\\/produkt\\\/das-nikolo-geheimnis\\\/#breadcrumb\",\"itemListElement\":[{\"@type\":\"ListItem\",\"position\":1,\"name\":\"Home\",\"item\":\"https:\\\/\\\/www.tradmotion.at\\\/tradneu\\\/\"},{\"@type\":\"ListItem\",\"position\":2,\"name\":\"Shop\",\"item\":\"https:\\\/\\\/www.tradmotion.at\\\/tradneu\\\/shop\\\/\"},{\"@type\":\"ListItem\",\"position\":3,\"name\":\"Das Nikolo Geheimnis\"}]},{\"@type\":\"WebSite\",\"@id\":\"https:\\\/\\\/www.tradmotion.at\\\/tradneu\\\/#website\",\"url\":\"https:\\\/\\\/www.tradmotion.at\\\/tradneu\\\/\",\"name\":\"Tradmotion\",\"description\":\"Tradition &amp; Emotion\",\"publisher\":{\"@id\":\"https:\\\/\\\/www.tradmotion.at\\\/tradneu\\\/#organization\"},\"potentialAction\":[{\"@type\":\"SearchAction\",\"target\":{\"@type\":\"EntryPoint\",\"urlTemplate\":\"https:\\\/\\\/www.tradmotion.at\\\/tradneu\\\/?s={search_term_string}\"},\"query-input\":{\"@type\":\"PropertyValueSpecification\",\"valueRequired\":true,\"valueName\":\"search_term_string\"}}],\"inLanguage\":\"de\"},{\"@type\":\"Organization\",\"@id\":\"https:\\\/\\\/www.tradmotion.at\\\/tradneu\\\/#organization\",\"name\":\"Tradmotion\",\"url\":\"https:\\\/\\\/www.tradmotion.at\\\/tradneu\\\/\",\"logo\":{\"@type\":\"ImageObject\",\"inLanguage\":\"de\",\"@id\":\"https:\\\/\\\/www.tradmotion.at\\\/tradneu\\\/#\\\/schema\\\/logo\\\/image\\\/\",\"url\":\"http:\\\/\\\/www.tradmotion.at\\\/tradneu\\\/wp-content\\\/uploads\\\/cropped-Logo_Tradmotion_red.png\",\"contentUrl\":\"http:\\\/\\\/www.tradmotion.at\\\/tradneu\\\/wp-content\\\/uploads\\\/cropped-Logo_Tradmotion_red.png\",\"width\":512,\"height\":512,\"caption\":\"Tradmotion\"},\"image\":{\"@id\":\"https:\\\/\\\/www.tradmotion.at\\\/tradneu\\\/#\\\/schema\\\/logo\\\/image\\\/\"}}]}<\/script>\n<!-- \/ Yoast SEO plugin. -->","yoast_head_json":{"title":"Das Nikolo Geheimnis | Tradmotion","robots":{"index":"index","follow":"follow","max-snippet":"max-snippet:-1","max-image-preview":"max-image-preview:large","max-video-preview":"max-video-preview:-1"},"canonical":"https:\/\/www.tradmotion.at\/tradneu\/produkt\/das-nikolo-geheimnis\/","og_locale":"de_DE","og_type":"article","og_title":"Das Nikolo Geheimnis %","og_description":"%","og_url":"https:\/\/www.tradmotion.at\/tradneu\/produkt\/das-nikolo-geheimnis\/","og_site_name":"Tradmotion","article_modified_time":"2023-10-25T08:13:10+00:00","og_image":[{"width":587,"height":768,"url":"https:\/\/www.tradmotion.at\/tradneu\/wp-content\/uploads\/9783705903944_hp.jpg","type":"image\/jpeg"}],"twitter_misc":{"Gesch\u00e4tzte Lesezeit":"1\u00a0Minute"},"schema":{"@context":"https:\/\/schema.org","@graph":[{"@type":"WebPage","@id":"https:\/\/www.tradmotion.at\/tradneu\/produkt\/das-nikolo-geheimnis\/","url":"https:\/\/www.tradmotion.at\/tradneu\/produkt\/das-nikolo-geheimnis\/","name":"Das Nikolo Geheimnis | Tradmotion","isPartOf":{"@id":"https:\/\/www.tradmotion.at\/tradneu\/#website"},"primaryImageOfPage":{"@id":"https:\/\/www.tradmotion.at\/tradneu\/produkt\/das-nikolo-geheimnis\/#primaryimage"},"image":{"@id":"https:\/\/www.tradmotion.at\/tradneu\/produkt\/das-nikolo-geheimnis\/#primaryimage"},"thumbnailUrl":"https:\/\/www.tradmotion.at\/tradneu\/wp-content\/uploads\/9783705903944_hp.jpg","datePublished":"2016-09-04T19:03:00+00:00","dateModified":"2023-10-25T08:13:10+00:00","breadcrumb":{"@id":"https:\/\/www.tradmotion.at\/tradneu\/produkt\/das-nikolo-geheimnis\/#breadcrumb"},"inLanguage":"de","potentialAction":[{"@type":"ReadAction","target":["https:\/\/www.tradmotion.at\/tradneu\/produkt\/das-nikolo-geheimnis\/"]}]},{"@type":"ImageObject","inLanguage":"de","@id":"https:\/\/www.tradmotion.at\/tradneu\/produkt\/das-nikolo-geheimnis\/#primaryimage","url":"https:\/\/www.tradmotion.at\/tradneu\/wp-content\/uploads\/9783705903944_hp.jpg","contentUrl":"https:\/\/www.tradmotion.at\/tradneu\/wp-content\/uploads\/9783705903944_hp.jpg","width":"587","height":"768"},{"@type":"BreadcrumbList","@id":"https:\/\/www.tradmotion.at\/tradneu\/produkt\/das-nikolo-geheimnis\/#breadcrumb","itemListElement":[{"@type":"ListItem","position":1,"name":"Home","item":"https:\/\/www.tradmotion.at\/tradneu\/"},{"@type":"ListItem","position":2,"name":"Shop","item":"https:\/\/www.tradmotion.at\/tradneu\/shop\/"},{"@type":"ListItem","position":3,"name":"Das Nikolo Geheimnis"}]},{"@type":"WebSite","@id":"https:\/\/www.tradmotion.at\/tradneu\/#website","url":"https:\/\/www.tradmotion.at\/tradneu\/","name":"Tradmotion","description":"Tradition &amp; Emotion","publisher":{"@id":"https:\/\/www.tradmotion.at\/tradneu\/#organization"},"potentialAction":[{"@type":"SearchAction","target":{"@type":"EntryPoint","urlTemplate":"https:\/\/www.tradmotion.at\/tradneu\/?s={search_term_string}"},"query-input":{"@type":"PropertyValueSpecification","valueRequired":true,"valueName":"search_term_string"}}],"inLanguage":"de"},{"@type":"Organization","@id":"https:\/\/www.tradmotion.at\/tradneu\/#organization","name":"Tradmotion","url":"https:\/\/www.tradmotion.at\/tradneu\/","logo":{"@type":"ImageObject","inLanguage":"de","@id":"https:\/\/www.tradmotion.at\/tradneu\/#\/schema\/logo\/image\/","url":"http:\/\/www.tradmotion.at\/tradneu\/wp-content\/uploads\/cropped-Logo_Tradmotion_red.png","contentUrl":"http:\/\/www.tradmotion.at\/tradneu\/wp-content\/uploads\/cropped-Logo_Tradmotion_red.png","width":512,"height":512,"caption":"Tradmotion"},"image":{"@id":"https:\/\/www.tradmotion.at\/tradneu\/#\/schema\/logo\/image\/"}}]}},"_links":{"self":[{"href":"https:\/\/www.tradmotion.at\/tradneu\/wp-json\/wp\/v2\/product\/6805","targetHints":{"allow":["GET"]}}],"collection":[{"href":"https:\/\/www.tradmotion.at\/tradneu\/wp-json\/wp\/v2\/product"}],"about":[{"href":"https:\/\/www.tradmotion.at\/tradneu\/wp-json\/wp\/v2\/types\/product"}],"replies":[{"embeddable":true,"href":"https:\/\/www.tradmotion.at\/tradneu\/wp-json\/wp\/v2\/comments?post=6805"}],"wp:featuredmedia":[{"embeddable":true,"href":"https:\/\/www.tradmotion.at\/tradneu\/wp-json\/wp\/v2\/media\/6808"}],"wp:attachment":[{"href":"https:\/\/www.tradmotion.at\/tradneu\/wp-json\/wp\/v2\/media?parent=6805"}],"wp:term":[{"taxonomy":"product_brand","embeddable":true,"href":"https:\/\/www.tradmotion.at\/tradneu\/wp-json\/wp\/v2\/product_brand?post=6805"},{"taxonomy":"product_cat","embeddable":true,"href":"https:\/\/www.tradmotion.at\/tradneu\/wp-json\/wp\/v2\/product_cat?post=6805"},{"taxonomy":"product_tag","embeddable":true,"href":"https:\/\/www.tradmotion.at\/tradneu\/wp-json\/wp\/v2\/product_tag?post=6805"}],"curies":[{"name":"wp","href":"https:\/\/api.w.org\/{rel}","templated":true}]}}