{"id":6938,"date":"2016-10-31T16:05:25","date_gmt":"2016-10-31T14:05:25","guid":{"rendered":"http:\/\/www.tradmotion.at\/tradneu\/?post_type=product&#038;p=6938"},"modified":"2023-10-25T09:14:36","modified_gmt":"2023-10-25T08:14:36","slug":"christkindl-und-nikolo-geheimnis-im-doppelpack","status":"publish","type":"product","link":"https:\/\/www.tradmotion.at\/tradneu\/produkt\/christkindl-und-nikolo-geheimnis-im-doppelpack\/","title":{"rendered":"Christkindl und Nikolo Geheimnis im Doppelpack"},"content":{"rendered":"<p><strong>DAS NIKOLO GEHEIMNIS<\/strong><br \/>\nDas ist bibliographische sensationell: Der Autor Hermann H\u00e4rtel erhielt im Dezember 2014 einen handgeschriebenen Brief vom Heiligen Nikolaus und er beschlie\u00dft spontan, diesen Brief vollinhaltlich in einem Buch zu ver\u00f6ffentlichen. Und nun liegt das Buch vor Euch. Der Heilige Mann plaudert erstmals sehr offen \u00fcber seinen Aufstieg zum Markenf\u00fchrer und \u00fcber seine Kooperation mit dem Krampus. Er wendet sich in ber\u00fchrenden Worten an die Kinder selbst und meint, dass es zu wenig sei, nur am 5. Dezember an das Gute erinnert zu werden. Er h\u00e4lt ein Pl\u00e4doyer f\u00fcr 365 Tage des Guten und nennt die Kinder seine unmittelbaren Verb\u00fcndeten.<\/p>\n<p>Und w\u00e4hrend sich Kinder und deren Eltern an seinen weisen Worten aufrichten, knabbert die ganze Familie an Apfel, Nuss und dem Schokoladeheiligen. Das ist ein wahres Bild f\u00fcr G\u00f6tter und eines f\u00fcr den Maler Hermann H\u00e4rtel. Er verbildlicht und versinnbildlicht die Legende und pflegt mit feinen Strichen den Mythos vom ewig g\u00fcltigen Geheimnis. Er glaubt an den Nikolo, beugt sich \u00fcber die Staffelei und meint, dass es die Geheimnisse sind, die von den nackten Tatsachen nie und nimmer eingeholt werden k\u00f6nnen.<\/p>\n<p><strong>DAS CHRISTKINDL GEHEIMNIS<\/strong><br \/>\nDer eine hei\u00dft Hermann H\u00e4rtel und ist akademischer Maler in Wien und freischaffender K\u00fcnstler, der andere hei\u00dft Hermann H\u00e4rtel, ist schreibender Musiker und mit seinem Label tradmotion Herausgeber zahlreicher Liederb\u00fccher und Instrumentalwerke. Er wohnt in Zitoll, das ist ein kleiner Ortsteil in Deutsch-Feistritz, n\u00f6rdlich der steirischen Landeshauptstadt Graz.<br \/>\nKurzum: Der eine malt, der andere schreibt. Beide k\u00f6nnen die Ahnenreihe zur\u00fcckverfolgen bis Klosterneuburg bei Wien, wo des einen Gro\u00dfvater und des anderen Vater die Jugendzeit verbracht haben. Beide zusammen, der Illustrator und der Autor des Buches aber lieben die feinen Nuancen des Lebens, finden sich in ihrer Liebe zur Pr\u00e4zision in Wort und Bild wieder. Hier spiegelt sich auch eine lange Familientradition wider, denn ihre Anverwandten waren allesamt mit k\u00fcnstlerischen Adern ausgestattet und ebenso Lebensk\u00fcnstler in mitunter schwierigen Zeiten.<br \/>\nEin Buch, das gro\u00dfe Menschen lesen sollten, um die kleinen Menschen an die Geschichte des Christkindes zu erinnern.<br \/>\nHeute ist das Christkind ein wenig in Bedr\u00e4ngnis geraten. Und zwar deshalb, weil wir alles \u00fcber das Christkind wissen und jedes Geheimnis l\u00fcften wollen. Zuletzt wurde es sogar in Schokolade gegossen, damit wir es begreifen und verkosten k\u00f6nnen. So ist es vom himmlischen Kind des christlichen Glaubens einfach zum Geschenkelieferanten geworden. Und selbst dabei wetteifert es mit dem \u201epummeligen Rotwangigen\u201c, der auch bei uns immer \u00f6fter die Bescherung in gro\u00dfem Stil vornimmt.<br \/>\nDas Buch, vom Autor Hermann H\u00e4rtel pointiert und liebevolle geschrieben und vom Maler Hermann H\u00e4rtel entz\u00fcckend illustriert, ist ein Brief an das Christkind. Es gibt schl\u00fcssige Hinweise, das Christkind wieder zu entdecken und erz\u00e4hlt seine Geschichte. Statt aber das Geheimnis zu l\u00fcften, fordert es auf, sich selbst ein Bild zu machen\u2026<\/p>\n","protected":false},"excerpt":{"rendered":"<p>DAS NIKOLO GEHEIMNIS Das ist bibliographische sensationell: Der Autor Hermann H\u00e4rtel erhielt im Dezember 2014 einen handgeschriebenen Brief vom Heiligen Nikolaus und er beschlie\u00dft spontan, diesen Brief vollinhaltlich in einem Buch zu ver\u00f6ffentlichen. Und nun liegt das Buch vor Euch. Der Heilige Mann plaudert erstmals sehr offen \u00fcber seinen Aufstieg zum Markenf\u00fchrer und \u00fcber seine Kooperation mit dem Krampus. Er [&hellip;]<\/p>\n","protected":false},"featured_media":6940,"comment_status":"open","ping_status":"closed","template":"","meta":{"_monsterinsights_skip_tracking":false,"_monsterinsights_sitenote_active":false,"_monsterinsights_sitenote_note":"","_monsterinsights_sitenote_category":0},"product_brand":[],"product_cat":[164],"product_tag":[],"class_list":{"0":"post-6938","1":"product","2":"type-product","3":"status-publish","4":"has-post-thumbnail","6":"product_cat-unkategorisiert","8":"first","9":"instock","10":"shipping-taxable","11":"purchasable","12":"product-type-simple"},"yoast_head":"<!-- This site is optimized with the Yoast SEO plugin v27.3 - https:\/\/yoast.com\/product\/yoast-seo-wordpress\/ -->\n<title>Christkindl und Nikolo Geheimnis im Doppelpack | Tradmotion<\/title>\n<meta name=\"robots\" content=\"index, follow, max-snippet:-1, max-image-preview:large, max-video-preview:-1\" \/>\n<link rel=\"canonical\" href=\"https:\/\/www.tradmotion.at\/tradneu\/produkt\/christkindl-und-nikolo-geheimnis-im-doppelpack\/\" \/>\n<meta property=\"og:locale\" content=\"de_DE\" \/>\n<meta property=\"og:type\" content=\"article\" \/>\n<meta property=\"og:title\" content=\"Christkindl und Nikolo Geheimnis im Doppelpack | Tradmotion\" \/>\n<meta property=\"og:description\" content=\"Ein sensationelles Angebot!!!\" \/>\n<meta property=\"og:url\" content=\"https:\/\/www.tradmotion.at\/tradneu\/produkt\/christkindl-und-nikolo-geheimnis-im-doppelpack\/\" \/>\n<meta property=\"og:site_name\" content=\"Tradmotion\" \/>\n<meta property=\"article:modified_time\" content=\"2023-10-25T08:14:36+00:00\" \/>\n<meta property=\"og:image\" content=\"https:\/\/www.tradmotion.at\/tradneu\/wp-content\/uploads\/NB_CH-DOPPELPACK-8.jpg\" \/>\n\t<meta property=\"og:image:width\" content=\"1024\" \/>\n\t<meta property=\"og:image:height\" content=\"576\" \/>\n\t<meta property=\"og:image:type\" content=\"image\/jpeg\" \/>\n<meta name=\"twitter:label1\" content=\"Gesch\u00e4tzte Lesezeit\" \/>\n\t<meta name=\"twitter:data1\" content=\"2\u00a0Minuten\" \/>\n<script type=\"application\/ld+json\" class=\"yoast-schema-graph\">{\"@context\":\"https:\\\/\\\/schema.org\",\"@graph\":[{\"@type\":\"WebPage\",\"@id\":\"https:\\\/\\\/www.tradmotion.at\\\/tradneu\\\/produkt\\\/christkindl-und-nikolo-geheimnis-im-doppelpack\\\/\",\"url\":\"https:\\\/\\\/www.tradmotion.at\\\/tradneu\\\/produkt\\\/christkindl-und-nikolo-geheimnis-im-doppelpack\\\/\",\"name\":\"Christkindl und Nikolo Geheimnis im Doppelpack | Tradmotion\",\"isPartOf\":{\"@id\":\"https:\\\/\\\/www.tradmotion.at\\\/tradneu\\\/#website\"},\"primaryImageOfPage\":{\"@id\":\"https:\\\/\\\/www.tradmotion.at\\\/tradneu\\\/produkt\\\/christkindl-und-nikolo-geheimnis-im-doppelpack\\\/#primaryimage\"},\"image\":{\"@id\":\"https:\\\/\\\/www.tradmotion.at\\\/tradneu\\\/produkt\\\/christkindl-und-nikolo-geheimnis-im-doppelpack\\\/#primaryimage\"},\"thumbnailUrl\":\"https:\\\/\\\/www.tradmotion.at\\\/tradneu\\\/wp-content\\\/uploads\\\/NB_CH-DOPPELPACK-8.jpg\",\"datePublished\":\"2016-10-31T14:05:25+00:00\",\"dateModified\":\"2023-10-25T08:14:36+00:00\",\"breadcrumb\":{\"@id\":\"https:\\\/\\\/www.tradmotion.at\\\/tradneu\\\/produkt\\\/christkindl-und-nikolo-geheimnis-im-doppelpack\\\/#breadcrumb\"},\"inLanguage\":\"de\",\"potentialAction\":[{\"@type\":\"ReadAction\",\"target\":[\"https:\\\/\\\/www.tradmotion.at\\\/tradneu\\\/produkt\\\/christkindl-und-nikolo-geheimnis-im-doppelpack\\\/\"]}]},{\"@type\":\"ImageObject\",\"inLanguage\":\"de\",\"@id\":\"https:\\\/\\\/www.tradmotion.at\\\/tradneu\\\/produkt\\\/christkindl-und-nikolo-geheimnis-im-doppelpack\\\/#primaryimage\",\"url\":\"https:\\\/\\\/www.tradmotion.at\\\/tradneu\\\/wp-content\\\/uploads\\\/NB_CH-DOPPELPACK-8.jpg\",\"contentUrl\":\"https:\\\/\\\/www.tradmotion.at\\\/tradneu\\\/wp-content\\\/uploads\\\/NB_CH-DOPPELPACK-8.jpg\",\"width\":\"1024\",\"height\":\"576\"},{\"@type\":\"BreadcrumbList\",\"@id\":\"https:\\\/\\\/www.tradmotion.at\\\/tradneu\\\/produkt\\\/christkindl-und-nikolo-geheimnis-im-doppelpack\\\/#breadcrumb\",\"itemListElement\":[{\"@type\":\"ListItem\",\"position\":1,\"name\":\"Home\",\"item\":\"https:\\\/\\\/www.tradmotion.at\\\/tradneu\\\/\"},{\"@type\":\"ListItem\",\"position\":2,\"name\":\"Shop\",\"item\":\"https:\\\/\\\/www.tradmotion.at\\\/tradneu\\\/shop\\\/\"},{\"@type\":\"ListItem\",\"position\":3,\"name\":\"Christkindl und Nikolo Geheimnis im Doppelpack\"}]},{\"@type\":\"WebSite\",\"@id\":\"https:\\\/\\\/www.tradmotion.at\\\/tradneu\\\/#website\",\"url\":\"https:\\\/\\\/www.tradmotion.at\\\/tradneu\\\/\",\"name\":\"Tradmotion\",\"description\":\"Tradition &amp; Emotion\",\"publisher\":{\"@id\":\"https:\\\/\\\/www.tradmotion.at\\\/tradneu\\\/#organization\"},\"potentialAction\":[{\"@type\":\"SearchAction\",\"target\":{\"@type\":\"EntryPoint\",\"urlTemplate\":\"https:\\\/\\\/www.tradmotion.at\\\/tradneu\\\/?s={search_term_string}\"},\"query-input\":{\"@type\":\"PropertyValueSpecification\",\"valueRequired\":true,\"valueName\":\"search_term_string\"}}],\"inLanguage\":\"de\"},{\"@type\":\"Organization\",\"@id\":\"https:\\\/\\\/www.tradmotion.at\\\/tradneu\\\/#organization\",\"name\":\"Tradmotion\",\"url\":\"https:\\\/\\\/www.tradmotion.at\\\/tradneu\\\/\",\"logo\":{\"@type\":\"ImageObject\",\"inLanguage\":\"de\",\"@id\":\"https:\\\/\\\/www.tradmotion.at\\\/tradneu\\\/#\\\/schema\\\/logo\\\/image\\\/\",\"url\":\"http:\\\/\\\/www.tradmotion.at\\\/tradneu\\\/wp-content\\\/uploads\\\/cropped-Logo_Tradmotion_red.png\",\"contentUrl\":\"http:\\\/\\\/www.tradmotion.at\\\/tradneu\\\/wp-content\\\/uploads\\\/cropped-Logo_Tradmotion_red.png\",\"width\":512,\"height\":512,\"caption\":\"Tradmotion\"},\"image\":{\"@id\":\"https:\\\/\\\/www.tradmotion.at\\\/tradneu\\\/#\\\/schema\\\/logo\\\/image\\\/\"}}]}<\/script>\n<!-- \/ Yoast SEO plugin. -->","yoast_head_json":{"title":"Christkindl und Nikolo Geheimnis im Doppelpack | Tradmotion","robots":{"index":"index","follow":"follow","max-snippet":"max-snippet:-1","max-image-preview":"max-image-preview:large","max-video-preview":"max-video-preview:-1"},"canonical":"https:\/\/www.tradmotion.at\/tradneu\/produkt\/christkindl-und-nikolo-geheimnis-im-doppelpack\/","og_locale":"de_DE","og_type":"article","og_title":"Christkindl und Nikolo Geheimnis im Doppelpack | Tradmotion","og_description":"Ein sensationelles Angebot!!!","og_url":"https:\/\/www.tradmotion.at\/tradneu\/produkt\/christkindl-und-nikolo-geheimnis-im-doppelpack\/","og_site_name":"Tradmotion","article_modified_time":"2023-10-25T08:14:36+00:00","og_image":[{"width":1024,"height":576,"url":"https:\/\/www.tradmotion.at\/tradneu\/wp-content\/uploads\/NB_CH-DOPPELPACK-8.jpg","type":"image\/jpeg"}],"twitter_misc":{"Gesch\u00e4tzte Lesezeit":"2\u00a0Minuten"},"schema":{"@context":"https:\/\/schema.org","@graph":[{"@type":"WebPage","@id":"https:\/\/www.tradmotion.at\/tradneu\/produkt\/christkindl-und-nikolo-geheimnis-im-doppelpack\/","url":"https:\/\/www.tradmotion.at\/tradneu\/produkt\/christkindl-und-nikolo-geheimnis-im-doppelpack\/","name":"Christkindl und Nikolo Geheimnis im Doppelpack | Tradmotion","isPartOf":{"@id":"https:\/\/www.tradmotion.at\/tradneu\/#website"},"primaryImageOfPage":{"@id":"https:\/\/www.tradmotion.at\/tradneu\/produkt\/christkindl-und-nikolo-geheimnis-im-doppelpack\/#primaryimage"},"image":{"@id":"https:\/\/www.tradmotion.at\/tradneu\/produkt\/christkindl-und-nikolo-geheimnis-im-doppelpack\/#primaryimage"},"thumbnailUrl":"https:\/\/www.tradmotion.at\/tradneu\/wp-content\/uploads\/NB_CH-DOPPELPACK-8.jpg","datePublished":"2016-10-31T14:05:25+00:00","dateModified":"2023-10-25T08:14:36+00:00","breadcrumb":{"@id":"https:\/\/www.tradmotion.at\/tradneu\/produkt\/christkindl-und-nikolo-geheimnis-im-doppelpack\/#breadcrumb"},"inLanguage":"de","potentialAction":[{"@type":"ReadAction","target":["https:\/\/www.tradmotion.at\/tradneu\/produkt\/christkindl-und-nikolo-geheimnis-im-doppelpack\/"]}]},{"@type":"ImageObject","inLanguage":"de","@id":"https:\/\/www.tradmotion.at\/tradneu\/produkt\/christkindl-und-nikolo-geheimnis-im-doppelpack\/#primaryimage","url":"https:\/\/www.tradmotion.at\/tradneu\/wp-content\/uploads\/NB_CH-DOPPELPACK-8.jpg","contentUrl":"https:\/\/www.tradmotion.at\/tradneu\/wp-content\/uploads\/NB_CH-DOPPELPACK-8.jpg","width":"1024","height":"576"},{"@type":"BreadcrumbList","@id":"https:\/\/www.tradmotion.at\/tradneu\/produkt\/christkindl-und-nikolo-geheimnis-im-doppelpack\/#breadcrumb","itemListElement":[{"@type":"ListItem","position":1,"name":"Home","item":"https:\/\/www.tradmotion.at\/tradneu\/"},{"@type":"ListItem","position":2,"name":"Shop","item":"https:\/\/www.tradmotion.at\/tradneu\/shop\/"},{"@type":"ListItem","position":3,"name":"Christkindl und Nikolo Geheimnis im Doppelpack"}]},{"@type":"WebSite","@id":"https:\/\/www.tradmotion.at\/tradneu\/#website","url":"https:\/\/www.tradmotion.at\/tradneu\/","name":"Tradmotion","description":"Tradition &amp; Emotion","publisher":{"@id":"https:\/\/www.tradmotion.at\/tradneu\/#organization"},"potentialAction":[{"@type":"SearchAction","target":{"@type":"EntryPoint","urlTemplate":"https:\/\/www.tradmotion.at\/tradneu\/?s={search_term_string}"},"query-input":{"@type":"PropertyValueSpecification","valueRequired":true,"valueName":"search_term_string"}}],"inLanguage":"de"},{"@type":"Organization","@id":"https:\/\/www.tradmotion.at\/tradneu\/#organization","name":"Tradmotion","url":"https:\/\/www.tradmotion.at\/tradneu\/","logo":{"@type":"ImageObject","inLanguage":"de","@id":"https:\/\/www.tradmotion.at\/tradneu\/#\/schema\/logo\/image\/","url":"http:\/\/www.tradmotion.at\/tradneu\/wp-content\/uploads\/cropped-Logo_Tradmotion_red.png","contentUrl":"http:\/\/www.tradmotion.at\/tradneu\/wp-content\/uploads\/cropped-Logo_Tradmotion_red.png","width":512,"height":512,"caption":"Tradmotion"},"image":{"@id":"https:\/\/www.tradmotion.at\/tradneu\/#\/schema\/logo\/image\/"}}]}},"_links":{"self":[{"href":"https:\/\/www.tradmotion.at\/tradneu\/wp-json\/wp\/v2\/product\/6938","targetHints":{"allow":["GET"]}}],"collection":[{"href":"https:\/\/www.tradmotion.at\/tradneu\/wp-json\/wp\/v2\/product"}],"about":[{"href":"https:\/\/www.tradmotion.at\/tradneu\/wp-json\/wp\/v2\/types\/product"}],"replies":[{"embeddable":true,"href":"https:\/\/www.tradmotion.at\/tradneu\/wp-json\/wp\/v2\/comments?post=6938"}],"wp:featuredmedia":[{"embeddable":true,"href":"https:\/\/www.tradmotion.at\/tradneu\/wp-json\/wp\/v2\/media\/6940"}],"wp:attachment":[{"href":"https:\/\/www.tradmotion.at\/tradneu\/wp-json\/wp\/v2\/media?parent=6938"}],"wp:term":[{"taxonomy":"product_brand","embeddable":true,"href":"https:\/\/www.tradmotion.at\/tradneu\/wp-json\/wp\/v2\/product_brand?post=6938"},{"taxonomy":"product_cat","embeddable":true,"href":"https:\/\/www.tradmotion.at\/tradneu\/wp-json\/wp\/v2\/product_cat?post=6938"},{"taxonomy":"product_tag","embeddable":true,"href":"https:\/\/www.tradmotion.at\/tradneu\/wp-json\/wp\/v2\/product_tag?post=6938"}],"curies":[{"name":"wp","href":"https:\/\/api.w.org\/{rel}","templated":true}]}}