{"id":7600,"date":"2019-05-13T07:03:43","date_gmt":"2019-05-13T05:03:43","guid":{"rendered":"http:\/\/www.tradmotion.at\/tradneu\/?post_type=product&#038;p=7600"},"modified":"2026-02-23T21:25:25","modified_gmt":"2026-02-23T20:25:25","slug":"mein-herz-ist-im-hochland","status":"publish","type":"product","link":"https:\/\/www.tradmotion.at\/tradneu\/produkt\/mein-herz-ist-im-hochland\/","title":{"rendered":"Mein Herz ist im Hochland\/CD"},"content":{"rendered":"<p>Die Almlieder haben es den beiden angetan, weil sie das Gef\u00fchl von gleichzeitiger Fernsicht und Bodenhaftung am besten \u00fcbersetzen. Es ist die Dualit\u00e4t von Musik und Sprache, die eine sp\u00fcrbare Wahrhaftigkeit in sich birgt. Die Melodien mutieren zu wahren Hymnen, die im Kontrast zur urbanen Welt stehen. Die Liedertexte aber sind von erstaunlicher Poesie. Sie lassen kr\u00e4ftige Bilder entstehen, von einer Welt der Notwendigkeiten, vom Zusammenleben zwischen Mensch und Tier, von schwerer Arbeit, aber auch von der Lust am Leben selbst. Almlieder sind die klingende Ergriffenheit, weil uns die Almb\u00f6den als letztes Refugium geblieben sind &#8211; als einzigartige Kuranstalt f\u00fcr die Seele. Diese Tonproduktion ist ein Pl\u00e4doyer f\u00fcr den Erhalt unserer Almen und daf\u00fcr, sich das Singen wieder anzueignen.<\/p>\n<p>Hubert Pabi ist Pferdez\u00fcchter und begeisterter Almgeher im heimatlichen Gleinalmgebiet. Was er sich an Liedern angeeignet hat, ben\u00fctzt er, um seine Zuneigung auszudr\u00fccken. Am besten gelingt dies, wenn er andere Almbesucher einl\u00e4dt mit ihm zu singen. So l\u00e4sst sich das Abschiednehmen noch stundenlang hinaus z\u00f6gern.<\/p>\n<p>Marie Theres H\u00e4rtel ist seine Nichte. Sie ist als Berufsmusikerin und Komponistin auch in vielen anderen Genres der Musik daheim. Ihre musikalischen Wurzeln aber hat sie in ihrer steirischen Heimat, im Gleinalmgebiet. Und diesen Wurzeln bleibt sie treu.<\/p>\n<p>Almliada-CD mit 16 Liedern<br \/>\nPreis: \u20ac 15.\u2014zuz\u00fcgl. Versand<br \/>\nBezug \u00fcber: www.tradmotion.at<\/p>\n<p>INHALT:<br \/>\n1. I h\u00e5b scho drei Summa \/\/\/ trad.<br \/>\n2. Auf da \u00c5lm, d\u00e5 is es lustig \/\/\/ Text &amp; Musik: A. G\u00fcnther<br \/>\n3. Mein Herz ist im Hochland \/\/\/ Text: R. Burns &amp; Musik: trad.<br \/>\n4. Walzkogellied \/\/\/ Text &amp; Musik: Marie-Theres H\u00e4rtel<br \/>\n5. F\u00e5hr ma\u2019s auffi \/\/\/ trad.<br \/>\n6. Bei mein\u2018 Diandl ihrn Fensta \/\/\/ trad.<br \/>\n7. Mia gf\u00e5llt h\u00e5lt nix so guat \/\/\/ trad.<br \/>\n8. Blaue Fensta, greane Gatta \/\/\/ Text &amp; Musik: J. Klinger<br \/>\n9. W\u00e5nn da Schnee von da \u00c5lma weggageht \/\/\/ trad.<br \/>\n10. Andulko \u0161af\u00e1\u0159ov\u00e1. \/\/\/ trad.<br \/>\n11. Wenn auf Bergesh\u00f6hn die Alpenrosen bl\u00fchn \/\/\/ Text &amp; Musik: H. Viehauser<br \/>\n12. Schilchertal-Lied \/\/\/ trad.<br \/>\n13. Die hohe \u00c5lm wird a schon grean \/\/\/ trad.<br \/>\n14. I h\u00e5bs a Dianderl gliabt \/\/\/ trad.<br \/>\n15. W\u00e5nn i auf d\u2019\u00c5lma geh \/\/\/Text: M. Kartsch &amp; Musik: J. E. Schm\u00f6lzer<br \/>\n16. Hoch vom \u00d6tscher drobm \/\/\/ trad.<\/p>\n","protected":false},"excerpt":{"rendered":"<p>Die Almlieder haben es den beiden angetan, weil sie das Gef\u00fchl von gleichzeitiger Fernsicht und Bodenhaftung am besten \u00fcbersetzen. Es ist die Dualit\u00e4t von Musik und Sprache, die eine sp\u00fcrbare Wahrhaftigkeit in sich birgt. Die Melodien mutieren zu wahren Hymnen, die im Kontrast zur urbanen Welt stehen. Die Liedertexte aber sind von erstaunlicher Poesie. Sie lassen kr\u00e4ftige Bilder entstehen, von [&hellip;]<\/p>\n","protected":false},"featured_media":7601,"comment_status":"open","ping_status":"closed","template":"","meta":{"_monsterinsights_skip_tracking":false,"_monsterinsights_sitenote_active":false,"_monsterinsights_sitenote_note":"","_monsterinsights_sitenote_category":0},"product_brand":[],"product_cat":[126],"product_tag":[129,128],"class_list":{"0":"post-7600","1":"product","2":"type-product","3":"status-publish","4":"has-post-thumbnail","6":"product_cat-cd","7":"product_tag-stimme","8":"product_tag-almlieder","10":"first","11":"instock","12":"shipping-taxable","13":"purchasable","14":"product-type-simple"},"yoast_head":"<!-- This site is optimized with the Yoast SEO plugin v27.3 - https:\/\/yoast.com\/product\/yoast-seo-wordpress\/ -->\n<title>Mein Herz ist im Hochland\/CD | Tradmotion<\/title>\n<meta name=\"robots\" content=\"index, follow, max-snippet:-1, max-image-preview:large, max-video-preview:-1\" \/>\n<link rel=\"canonical\" href=\"https:\/\/www.tradmotion.at\/tradneu\/produkt\/mein-herz-ist-im-hochland\/\" \/>\n<meta property=\"og:locale\" content=\"de_DE\" \/>\n<meta property=\"og:type\" content=\"article\" \/>\n<meta property=\"og:title\" content=\"Mein Herz ist im Hochland\/CD | Tradmotion\" \/>\n<meta property=\"og:description\" content=\"Die Almlieder haben es den beiden angetan, weil sie das Gef\u00fchl von gleichzeitiger Fernsicht und Bodenhaftung am besten \u00fcbersetzen. Es ist die Dualit\u00e4t von Musik und Sprache, die eine sp\u00fcrbare Wahrhaftigkeit in sich birgt. Die Melodien mutieren zu wahren Hymnen, die im Kontrast zur urbanen Welt stehen. Die Liedertexte aber sind von erstaunlicher Poesie. Sie lassen kr\u00e4ftige Bilder entstehen, von [&hellip;]\" \/>\n<meta property=\"og:url\" content=\"https:\/\/www.tradmotion.at\/tradneu\/produkt\/mein-herz-ist-im-hochland\/\" \/>\n<meta property=\"og:site_name\" content=\"Tradmotion\" \/>\n<meta property=\"article:modified_time\" content=\"2026-02-23T20:25:25+00:00\" \/>\n<meta property=\"og:image\" content=\"https:\/\/www.tradmotion.at\/tradneu\/wp-content\/uploads\/MeinHerzIstImHochland_vorn_klein.jpg\" \/>\n\t<meta property=\"og:image:width\" content=\"800\" \/>\n\t<meta property=\"og:image:height\" content=\"722\" \/>\n\t<meta property=\"og:image:type\" content=\"image\/jpeg\" \/>\n<meta name=\"twitter:label1\" content=\"Gesch\u00e4tzte Lesezeit\" \/>\n\t<meta name=\"twitter:data1\" content=\"2\u00a0Minuten\" \/>\n<script type=\"application\/ld+json\" class=\"yoast-schema-graph\">{\"@context\":\"https:\\\/\\\/schema.org\",\"@graph\":[{\"@type\":\"WebPage\",\"@id\":\"https:\\\/\\\/www.tradmotion.at\\\/tradneu\\\/produkt\\\/mein-herz-ist-im-hochland\\\/\",\"url\":\"https:\\\/\\\/www.tradmotion.at\\\/tradneu\\\/produkt\\\/mein-herz-ist-im-hochland\\\/\",\"name\":\"Mein Herz ist im Hochland\\\/CD | Tradmotion\",\"isPartOf\":{\"@id\":\"https:\\\/\\\/www.tradmotion.at\\\/tradneu\\\/#website\"},\"primaryImageOfPage\":{\"@id\":\"https:\\\/\\\/www.tradmotion.at\\\/tradneu\\\/produkt\\\/mein-herz-ist-im-hochland\\\/#primaryimage\"},\"image\":{\"@id\":\"https:\\\/\\\/www.tradmotion.at\\\/tradneu\\\/produkt\\\/mein-herz-ist-im-hochland\\\/#primaryimage\"},\"thumbnailUrl\":\"https:\\\/\\\/www.tradmotion.at\\\/tradneu\\\/wp-content\\\/uploads\\\/MeinHerzIstImHochland_vorn_klein.jpg\",\"datePublished\":\"2019-05-13T05:03:43+00:00\",\"dateModified\":\"2026-02-23T20:25:25+00:00\",\"breadcrumb\":{\"@id\":\"https:\\\/\\\/www.tradmotion.at\\\/tradneu\\\/produkt\\\/mein-herz-ist-im-hochland\\\/#breadcrumb\"},\"inLanguage\":\"de\",\"potentialAction\":[{\"@type\":\"ReadAction\",\"target\":[\"https:\\\/\\\/www.tradmotion.at\\\/tradneu\\\/produkt\\\/mein-herz-ist-im-hochland\\\/\"]}]},{\"@type\":\"ImageObject\",\"inLanguage\":\"de\",\"@id\":\"https:\\\/\\\/www.tradmotion.at\\\/tradneu\\\/produkt\\\/mein-herz-ist-im-hochland\\\/#primaryimage\",\"url\":\"https:\\\/\\\/www.tradmotion.at\\\/tradneu\\\/wp-content\\\/uploads\\\/MeinHerzIstImHochland_vorn_klein.jpg\",\"contentUrl\":\"https:\\\/\\\/www.tradmotion.at\\\/tradneu\\\/wp-content\\\/uploads\\\/MeinHerzIstImHochland_vorn_klein.jpg\",\"width\":\"800\",\"height\":\"722\"},{\"@type\":\"BreadcrumbList\",\"@id\":\"https:\\\/\\\/www.tradmotion.at\\\/tradneu\\\/produkt\\\/mein-herz-ist-im-hochland\\\/#breadcrumb\",\"itemListElement\":[{\"@type\":\"ListItem\",\"position\":1,\"name\":\"Home\",\"item\":\"https:\\\/\\\/www.tradmotion.at\\\/tradneu\\\/\"},{\"@type\":\"ListItem\",\"position\":2,\"name\":\"Shop\",\"item\":\"https:\\\/\\\/www.tradmotion.at\\\/tradneu\\\/shop\\\/\"},{\"@type\":\"ListItem\",\"position\":3,\"name\":\"Mein Herz ist im Hochland\\\/CD\"}]},{\"@type\":\"WebSite\",\"@id\":\"https:\\\/\\\/www.tradmotion.at\\\/tradneu\\\/#website\",\"url\":\"https:\\\/\\\/www.tradmotion.at\\\/tradneu\\\/\",\"name\":\"Tradmotion\",\"description\":\"Tradition &amp; Emotion\",\"publisher\":{\"@id\":\"https:\\\/\\\/www.tradmotion.at\\\/tradneu\\\/#organization\"},\"potentialAction\":[{\"@type\":\"SearchAction\",\"target\":{\"@type\":\"EntryPoint\",\"urlTemplate\":\"https:\\\/\\\/www.tradmotion.at\\\/tradneu\\\/?s={search_term_string}\"},\"query-input\":{\"@type\":\"PropertyValueSpecification\",\"valueRequired\":true,\"valueName\":\"search_term_string\"}}],\"inLanguage\":\"de\"},{\"@type\":\"Organization\",\"@id\":\"https:\\\/\\\/www.tradmotion.at\\\/tradneu\\\/#organization\",\"name\":\"Tradmotion\",\"url\":\"https:\\\/\\\/www.tradmotion.at\\\/tradneu\\\/\",\"logo\":{\"@type\":\"ImageObject\",\"inLanguage\":\"de\",\"@id\":\"https:\\\/\\\/www.tradmotion.at\\\/tradneu\\\/#\\\/schema\\\/logo\\\/image\\\/\",\"url\":\"http:\\\/\\\/www.tradmotion.at\\\/tradneu\\\/wp-content\\\/uploads\\\/cropped-Logo_Tradmotion_red.png\",\"contentUrl\":\"http:\\\/\\\/www.tradmotion.at\\\/tradneu\\\/wp-content\\\/uploads\\\/cropped-Logo_Tradmotion_red.png\",\"width\":512,\"height\":512,\"caption\":\"Tradmotion\"},\"image\":{\"@id\":\"https:\\\/\\\/www.tradmotion.at\\\/tradneu\\\/#\\\/schema\\\/logo\\\/image\\\/\"}}]}<\/script>\n<!-- \/ Yoast SEO plugin. -->","yoast_head_json":{"title":"Mein Herz ist im Hochland\/CD | Tradmotion","robots":{"index":"index","follow":"follow","max-snippet":"max-snippet:-1","max-image-preview":"max-image-preview:large","max-video-preview":"max-video-preview:-1"},"canonical":"https:\/\/www.tradmotion.at\/tradneu\/produkt\/mein-herz-ist-im-hochland\/","og_locale":"de_DE","og_type":"article","og_title":"Mein Herz ist im Hochland\/CD | Tradmotion","og_description":"Die Almlieder haben es den beiden angetan, weil sie das Gef\u00fchl von gleichzeitiger Fernsicht und Bodenhaftung am besten \u00fcbersetzen. Es ist die Dualit\u00e4t von Musik und Sprache, die eine sp\u00fcrbare Wahrhaftigkeit in sich birgt. Die Melodien mutieren zu wahren Hymnen, die im Kontrast zur urbanen Welt stehen. Die Liedertexte aber sind von erstaunlicher Poesie. Sie lassen kr\u00e4ftige Bilder entstehen, von [&hellip;]","og_url":"https:\/\/www.tradmotion.at\/tradneu\/produkt\/mein-herz-ist-im-hochland\/","og_site_name":"Tradmotion","article_modified_time":"2026-02-23T20:25:25+00:00","og_image":[{"width":800,"height":722,"url":"https:\/\/www.tradmotion.at\/tradneu\/wp-content\/uploads\/MeinHerzIstImHochland_vorn_klein.jpg","type":"image\/jpeg"}],"twitter_misc":{"Gesch\u00e4tzte Lesezeit":"2\u00a0Minuten"},"schema":{"@context":"https:\/\/schema.org","@graph":[{"@type":"WebPage","@id":"https:\/\/www.tradmotion.at\/tradneu\/produkt\/mein-herz-ist-im-hochland\/","url":"https:\/\/www.tradmotion.at\/tradneu\/produkt\/mein-herz-ist-im-hochland\/","name":"Mein Herz ist im Hochland\/CD | Tradmotion","isPartOf":{"@id":"https:\/\/www.tradmotion.at\/tradneu\/#website"},"primaryImageOfPage":{"@id":"https:\/\/www.tradmotion.at\/tradneu\/produkt\/mein-herz-ist-im-hochland\/#primaryimage"},"image":{"@id":"https:\/\/www.tradmotion.at\/tradneu\/produkt\/mein-herz-ist-im-hochland\/#primaryimage"},"thumbnailUrl":"https:\/\/www.tradmotion.at\/tradneu\/wp-content\/uploads\/MeinHerzIstImHochland_vorn_klein.jpg","datePublished":"2019-05-13T05:03:43+00:00","dateModified":"2026-02-23T20:25:25+00:00","breadcrumb":{"@id":"https:\/\/www.tradmotion.at\/tradneu\/produkt\/mein-herz-ist-im-hochland\/#breadcrumb"},"inLanguage":"de","potentialAction":[{"@type":"ReadAction","target":["https:\/\/www.tradmotion.at\/tradneu\/produkt\/mein-herz-ist-im-hochland\/"]}]},{"@type":"ImageObject","inLanguage":"de","@id":"https:\/\/www.tradmotion.at\/tradneu\/produkt\/mein-herz-ist-im-hochland\/#primaryimage","url":"https:\/\/www.tradmotion.at\/tradneu\/wp-content\/uploads\/MeinHerzIstImHochland_vorn_klein.jpg","contentUrl":"https:\/\/www.tradmotion.at\/tradneu\/wp-content\/uploads\/MeinHerzIstImHochland_vorn_klein.jpg","width":"800","height":"722"},{"@type":"BreadcrumbList","@id":"https:\/\/www.tradmotion.at\/tradneu\/produkt\/mein-herz-ist-im-hochland\/#breadcrumb","itemListElement":[{"@type":"ListItem","position":1,"name":"Home","item":"https:\/\/www.tradmotion.at\/tradneu\/"},{"@type":"ListItem","position":2,"name":"Shop","item":"https:\/\/www.tradmotion.at\/tradneu\/shop\/"},{"@type":"ListItem","position":3,"name":"Mein Herz ist im Hochland\/CD"}]},{"@type":"WebSite","@id":"https:\/\/www.tradmotion.at\/tradneu\/#website","url":"https:\/\/www.tradmotion.at\/tradneu\/","name":"Tradmotion","description":"Tradition &amp; Emotion","publisher":{"@id":"https:\/\/www.tradmotion.at\/tradneu\/#organization"},"potentialAction":[{"@type":"SearchAction","target":{"@type":"EntryPoint","urlTemplate":"https:\/\/www.tradmotion.at\/tradneu\/?s={search_term_string}"},"query-input":{"@type":"PropertyValueSpecification","valueRequired":true,"valueName":"search_term_string"}}],"inLanguage":"de"},{"@type":"Organization","@id":"https:\/\/www.tradmotion.at\/tradneu\/#organization","name":"Tradmotion","url":"https:\/\/www.tradmotion.at\/tradneu\/","logo":{"@type":"ImageObject","inLanguage":"de","@id":"https:\/\/www.tradmotion.at\/tradneu\/#\/schema\/logo\/image\/","url":"http:\/\/www.tradmotion.at\/tradneu\/wp-content\/uploads\/cropped-Logo_Tradmotion_red.png","contentUrl":"http:\/\/www.tradmotion.at\/tradneu\/wp-content\/uploads\/cropped-Logo_Tradmotion_red.png","width":512,"height":512,"caption":"Tradmotion"},"image":{"@id":"https:\/\/www.tradmotion.at\/tradneu\/#\/schema\/logo\/image\/"}}]}},"_links":{"self":[{"href":"https:\/\/www.tradmotion.at\/tradneu\/wp-json\/wp\/v2\/product\/7600","targetHints":{"allow":["GET"]}}],"collection":[{"href":"https:\/\/www.tradmotion.at\/tradneu\/wp-json\/wp\/v2\/product"}],"about":[{"href":"https:\/\/www.tradmotion.at\/tradneu\/wp-json\/wp\/v2\/types\/product"}],"replies":[{"embeddable":true,"href":"https:\/\/www.tradmotion.at\/tradneu\/wp-json\/wp\/v2\/comments?post=7600"}],"wp:featuredmedia":[{"embeddable":true,"href":"https:\/\/www.tradmotion.at\/tradneu\/wp-json\/wp\/v2\/media\/7601"}],"wp:attachment":[{"href":"https:\/\/www.tradmotion.at\/tradneu\/wp-json\/wp\/v2\/media?parent=7600"}],"wp:term":[{"taxonomy":"product_brand","embeddable":true,"href":"https:\/\/www.tradmotion.at\/tradneu\/wp-json\/wp\/v2\/product_brand?post=7600"},{"taxonomy":"product_cat","embeddable":true,"href":"https:\/\/www.tradmotion.at\/tradneu\/wp-json\/wp\/v2\/product_cat?post=7600"},{"taxonomy":"product_tag","embeddable":true,"href":"https:\/\/www.tradmotion.at\/tradneu\/wp-json\/wp\/v2\/product_tag?post=7600"}],"curies":[{"name":"wp","href":"https:\/\/api.w.org\/{rel}","templated":true}]}}