{"id":7901,"date":"2021-05-23T17:05:49","date_gmt":"2021-05-23T16:05:49","guid":{"rendered":"http:\/\/www.tradmotion.at\/tradneu\/?post_type=product&#038;p=7901"},"modified":"2021-06-01T20:34:06","modified_gmt":"2021-06-01T19:34:06","slug":"haertel-truebsbach-great-again","status":"publish","type":"product","link":"https:\/\/www.tradmotion.at\/tradneu\/produkt\/haertel-truebsbach-great-again\/","title":{"rendered":"H\u00e4rtel Tr\u00fcbsbach GREAT AGAIN"},"content":{"rendered":"<p>Es begann mit einem zweiw\u00f6chigen Aufenthalt auf einer einsamen Alm in der Steiermark. Damals war das Wetter regnerisch, und so kam es, dass wir mit unseren Instrumenten in der kleinen H\u00fctte festsa\u00dfen. Zum Gl\u00fcck! Denn damals entstanden die ersten Kompositionen. Die Zeit im Lockdown, die Ausgangssperren, das Ausharren zu Hause  erinnerten uns sehr an damals..<br \/>\nWir begannen zu t\u00fcfteln, zu komponieren und zu proben, um unsere musikalischen Geschichten in ungew\u00f6hnliche<br \/>\nKl\u00e4nge zu verwandeln. Die Idee, diese aufzunehmen, tief verwurzelt in unserer musikalischen Heimat dem Jazz und<br \/>\nder alpenl\u00e4ndischen Volksmusik, nahm Form an. Dank Corona haben wir die Mu\u00dfe gefunden \u201eGreat Again\u201c zu<br \/>\nwerden und freuen uns, Euch einen pers\u00f6nlichen Lichtblick in einem kulturell speziellen Jahr zu pr\u00e4sentieren.<\/p>\n<p>Marie Theres H\u00e4rtel und Florian Tr\u00fcbsbach   (vla, vl, sax, fl, cl, zither, voc, schwegel\u2026\u2026.)<\/p>\n","protected":false},"excerpt":{"rendered":"<p>Es begann mit einem zweiw\u00f6chigen Aufenthalt auf einer einsamen Alm in der Steiermark. Damals war das Wetter regnerisch, und so kam es, dass wir mit unseren Instrumenten in der kleinen H\u00fctte festsa\u00dfen. Zum Gl\u00fcck! Denn damals entstanden die ersten Kompositionen. Die Zeit im Lockdown, die Ausgangssperren, das Ausharren zu Hause erinnerten uns sehr an damals.. Wir begannen zu t\u00fcfteln, zu [&hellip;]<\/p>\n","protected":false},"featured_media":7902,"comment_status":"closed","ping_status":"closed","template":"","meta":{"_monsterinsights_skip_tracking":false,"_monsterinsights_sitenote_active":false,"_monsterinsights_sitenote_note":"","_monsterinsights_sitenote_category":0},"product_brand":[],"product_cat":[126],"product_tag":[134],"class_list":{"0":"post-7901","1":"product","2":"type-product","3":"status-publish","4":"has-post-thumbnail","6":"product_cat-cd","7":"product_tag-jazz","9":"first","10":"instock","11":"shipping-taxable","12":"purchasable","13":"product-type-simple"},"yoast_head":"<!-- This site is optimized with the Yoast SEO plugin v27.3 - https:\/\/yoast.com\/product\/yoast-seo-wordpress\/ -->\n<title>H\u00e4rtel Tr\u00fcbsbach GREAT AGAIN | Tradmotion<\/title>\n<meta name=\"robots\" content=\"index, follow, max-snippet:-1, max-image-preview:large, max-video-preview:-1\" \/>\n<link rel=\"canonical\" href=\"https:\/\/www.tradmotion.at\/tradneu\/produkt\/haertel-truebsbach-great-again\/\" \/>\n<meta property=\"og:locale\" content=\"de_DE\" \/>\n<meta property=\"og:type\" content=\"article\" \/>\n<meta property=\"og:title\" content=\"H\u00e4rtel Tr\u00fcbsbach GREAT AGAIN | Tradmotion\" \/>\n<meta property=\"og:description\" content=\"Es begann mit einem zweiw\u00f6chigen Aufenthalt auf einer einsamen Alm in der Steiermark. Damals war das Wetter regnerisch, und so kam es, dass wir mit unseren Instrumenten in der kleinen H\u00fctte festsa\u00dfen. Zum Gl\u00fcck! Denn damals entstanden die ersten Kompositionen. Die Zeit im Lockdown, die Ausgangssperren, das Ausharren zu Hause erinnerten uns sehr an damals.. Wir begannen zu t\u00fcfteln, zu [&hellip;]\" \/>\n<meta property=\"og:url\" content=\"https:\/\/www.tradmotion.at\/tradneu\/produkt\/haertel-truebsbach-great-again\/\" \/>\n<meta property=\"og:site_name\" content=\"Tradmotion\" \/>\n<meta property=\"article:modified_time\" content=\"2021-06-01T19:34:06+00:00\" \/>\n<meta property=\"og:image\" content=\"https:\/\/www.tradmotion.at\/tradneu\/wp-content\/uploads\/image-7.jpg\" \/>\n\t<meta property=\"og:image:width\" content=\"666\" \/>\n\t<meta property=\"og:image:height\" content=\"599\" \/>\n\t<meta property=\"og:image:type\" content=\"image\/jpeg\" \/>\n<meta name=\"twitter:label1\" content=\"Gesch\u00e4tzte Lesezeit\" \/>\n\t<meta name=\"twitter:data1\" content=\"1\u00a0Minute\" \/>\n<script type=\"application\/ld+json\" class=\"yoast-schema-graph\">{\"@context\":\"https:\\\/\\\/schema.org\",\"@graph\":[{\"@type\":\"WebPage\",\"@id\":\"https:\\\/\\\/www.tradmotion.at\\\/tradneu\\\/produkt\\\/haertel-truebsbach-great-again\\\/\",\"url\":\"https:\\\/\\\/www.tradmotion.at\\\/tradneu\\\/produkt\\\/haertel-truebsbach-great-again\\\/\",\"name\":\"H\u00e4rtel Tr\u00fcbsbach GREAT AGAIN | Tradmotion\",\"isPartOf\":{\"@id\":\"https:\\\/\\\/www.tradmotion.at\\\/tradneu\\\/#website\"},\"primaryImageOfPage\":{\"@id\":\"https:\\\/\\\/www.tradmotion.at\\\/tradneu\\\/produkt\\\/haertel-truebsbach-great-again\\\/#primaryimage\"},\"image\":{\"@id\":\"https:\\\/\\\/www.tradmotion.at\\\/tradneu\\\/produkt\\\/haertel-truebsbach-great-again\\\/#primaryimage\"},\"thumbnailUrl\":\"https:\\\/\\\/www.tradmotion.at\\\/tradneu\\\/wp-content\\\/uploads\\\/image-7.jpg\",\"datePublished\":\"2021-05-23T16:05:49+00:00\",\"dateModified\":\"2021-06-01T19:34:06+00:00\",\"breadcrumb\":{\"@id\":\"https:\\\/\\\/www.tradmotion.at\\\/tradneu\\\/produkt\\\/haertel-truebsbach-great-again\\\/#breadcrumb\"},\"inLanguage\":\"de\",\"potentialAction\":[{\"@type\":\"ReadAction\",\"target\":[\"https:\\\/\\\/www.tradmotion.at\\\/tradneu\\\/produkt\\\/haertel-truebsbach-great-again\\\/\"]}]},{\"@type\":\"ImageObject\",\"inLanguage\":\"de\",\"@id\":\"https:\\\/\\\/www.tradmotion.at\\\/tradneu\\\/produkt\\\/haertel-truebsbach-great-again\\\/#primaryimage\",\"url\":\"https:\\\/\\\/www.tradmotion.at\\\/tradneu\\\/wp-content\\\/uploads\\\/image-7.jpg\",\"contentUrl\":\"https:\\\/\\\/www.tradmotion.at\\\/tradneu\\\/wp-content\\\/uploads\\\/image-7.jpg\",\"width\":666,\"height\":599},{\"@type\":\"BreadcrumbList\",\"@id\":\"https:\\\/\\\/www.tradmotion.at\\\/tradneu\\\/produkt\\\/haertel-truebsbach-great-again\\\/#breadcrumb\",\"itemListElement\":[{\"@type\":\"ListItem\",\"position\":1,\"name\":\"Home\",\"item\":\"https:\\\/\\\/www.tradmotion.at\\\/tradneu\\\/\"},{\"@type\":\"ListItem\",\"position\":2,\"name\":\"Shop\",\"item\":\"https:\\\/\\\/www.tradmotion.at\\\/tradneu\\\/shop\\\/\"},{\"@type\":\"ListItem\",\"position\":3,\"name\":\"H\u00e4rtel Tr\u00fcbsbach GREAT AGAIN\"}]},{\"@type\":\"WebSite\",\"@id\":\"https:\\\/\\\/www.tradmotion.at\\\/tradneu\\\/#website\",\"url\":\"https:\\\/\\\/www.tradmotion.at\\\/tradneu\\\/\",\"name\":\"Tradmotion\",\"description\":\"Tradition &amp; Emotion\",\"publisher\":{\"@id\":\"https:\\\/\\\/www.tradmotion.at\\\/tradneu\\\/#organization\"},\"potentialAction\":[{\"@type\":\"SearchAction\",\"target\":{\"@type\":\"EntryPoint\",\"urlTemplate\":\"https:\\\/\\\/www.tradmotion.at\\\/tradneu\\\/?s={search_term_string}\"},\"query-input\":{\"@type\":\"PropertyValueSpecification\",\"valueRequired\":true,\"valueName\":\"search_term_string\"}}],\"inLanguage\":\"de\"},{\"@type\":\"Organization\",\"@id\":\"https:\\\/\\\/www.tradmotion.at\\\/tradneu\\\/#organization\",\"name\":\"Tradmotion\",\"url\":\"https:\\\/\\\/www.tradmotion.at\\\/tradneu\\\/\",\"logo\":{\"@type\":\"ImageObject\",\"inLanguage\":\"de\",\"@id\":\"https:\\\/\\\/www.tradmotion.at\\\/tradneu\\\/#\\\/schema\\\/logo\\\/image\\\/\",\"url\":\"http:\\\/\\\/www.tradmotion.at\\\/tradneu\\\/wp-content\\\/uploads\\\/cropped-Logo_Tradmotion_red.png\",\"contentUrl\":\"http:\\\/\\\/www.tradmotion.at\\\/tradneu\\\/wp-content\\\/uploads\\\/cropped-Logo_Tradmotion_red.png\",\"width\":512,\"height\":512,\"caption\":\"Tradmotion\"},\"image\":{\"@id\":\"https:\\\/\\\/www.tradmotion.at\\\/tradneu\\\/#\\\/schema\\\/logo\\\/image\\\/\"}}]}<\/script>\n<!-- \/ Yoast SEO plugin. -->","yoast_head_json":{"title":"H\u00e4rtel Tr\u00fcbsbach GREAT AGAIN | Tradmotion","robots":{"index":"index","follow":"follow","max-snippet":"max-snippet:-1","max-image-preview":"max-image-preview:large","max-video-preview":"max-video-preview:-1"},"canonical":"https:\/\/www.tradmotion.at\/tradneu\/produkt\/haertel-truebsbach-great-again\/","og_locale":"de_DE","og_type":"article","og_title":"H\u00e4rtel Tr\u00fcbsbach GREAT AGAIN | Tradmotion","og_description":"Es begann mit einem zweiw\u00f6chigen Aufenthalt auf einer einsamen Alm in der Steiermark. Damals war das Wetter regnerisch, und so kam es, dass wir mit unseren Instrumenten in der kleinen H\u00fctte festsa\u00dfen. Zum Gl\u00fcck! Denn damals entstanden die ersten Kompositionen. Die Zeit im Lockdown, die Ausgangssperren, das Ausharren zu Hause erinnerten uns sehr an damals.. Wir begannen zu t\u00fcfteln, zu [&hellip;]","og_url":"https:\/\/www.tradmotion.at\/tradneu\/produkt\/haertel-truebsbach-great-again\/","og_site_name":"Tradmotion","article_modified_time":"2021-06-01T19:34:06+00:00","og_image":[{"width":666,"height":599,"url":"https:\/\/www.tradmotion.at\/tradneu\/wp-content\/uploads\/image-7.jpg","type":"image\/jpeg"}],"twitter_misc":{"Gesch\u00e4tzte Lesezeit":"1\u00a0Minute"},"schema":{"@context":"https:\/\/schema.org","@graph":[{"@type":"WebPage","@id":"https:\/\/www.tradmotion.at\/tradneu\/produkt\/haertel-truebsbach-great-again\/","url":"https:\/\/www.tradmotion.at\/tradneu\/produkt\/haertel-truebsbach-great-again\/","name":"H\u00e4rtel Tr\u00fcbsbach GREAT AGAIN | Tradmotion","isPartOf":{"@id":"https:\/\/www.tradmotion.at\/tradneu\/#website"},"primaryImageOfPage":{"@id":"https:\/\/www.tradmotion.at\/tradneu\/produkt\/haertel-truebsbach-great-again\/#primaryimage"},"image":{"@id":"https:\/\/www.tradmotion.at\/tradneu\/produkt\/haertel-truebsbach-great-again\/#primaryimage"},"thumbnailUrl":"https:\/\/www.tradmotion.at\/tradneu\/wp-content\/uploads\/image-7.jpg","datePublished":"2021-05-23T16:05:49+00:00","dateModified":"2021-06-01T19:34:06+00:00","breadcrumb":{"@id":"https:\/\/www.tradmotion.at\/tradneu\/produkt\/haertel-truebsbach-great-again\/#breadcrumb"},"inLanguage":"de","potentialAction":[{"@type":"ReadAction","target":["https:\/\/www.tradmotion.at\/tradneu\/produkt\/haertel-truebsbach-great-again\/"]}]},{"@type":"ImageObject","inLanguage":"de","@id":"https:\/\/www.tradmotion.at\/tradneu\/produkt\/haertel-truebsbach-great-again\/#primaryimage","url":"https:\/\/www.tradmotion.at\/tradneu\/wp-content\/uploads\/image-7.jpg","contentUrl":"https:\/\/www.tradmotion.at\/tradneu\/wp-content\/uploads\/image-7.jpg","width":666,"height":599},{"@type":"BreadcrumbList","@id":"https:\/\/www.tradmotion.at\/tradneu\/produkt\/haertel-truebsbach-great-again\/#breadcrumb","itemListElement":[{"@type":"ListItem","position":1,"name":"Home","item":"https:\/\/www.tradmotion.at\/tradneu\/"},{"@type":"ListItem","position":2,"name":"Shop","item":"https:\/\/www.tradmotion.at\/tradneu\/shop\/"},{"@type":"ListItem","position":3,"name":"H\u00e4rtel Tr\u00fcbsbach GREAT AGAIN"}]},{"@type":"WebSite","@id":"https:\/\/www.tradmotion.at\/tradneu\/#website","url":"https:\/\/www.tradmotion.at\/tradneu\/","name":"Tradmotion","description":"Tradition &amp; Emotion","publisher":{"@id":"https:\/\/www.tradmotion.at\/tradneu\/#organization"},"potentialAction":[{"@type":"SearchAction","target":{"@type":"EntryPoint","urlTemplate":"https:\/\/www.tradmotion.at\/tradneu\/?s={search_term_string}"},"query-input":{"@type":"PropertyValueSpecification","valueRequired":true,"valueName":"search_term_string"}}],"inLanguage":"de"},{"@type":"Organization","@id":"https:\/\/www.tradmotion.at\/tradneu\/#organization","name":"Tradmotion","url":"https:\/\/www.tradmotion.at\/tradneu\/","logo":{"@type":"ImageObject","inLanguage":"de","@id":"https:\/\/www.tradmotion.at\/tradneu\/#\/schema\/logo\/image\/","url":"http:\/\/www.tradmotion.at\/tradneu\/wp-content\/uploads\/cropped-Logo_Tradmotion_red.png","contentUrl":"http:\/\/www.tradmotion.at\/tradneu\/wp-content\/uploads\/cropped-Logo_Tradmotion_red.png","width":512,"height":512,"caption":"Tradmotion"},"image":{"@id":"https:\/\/www.tradmotion.at\/tradneu\/#\/schema\/logo\/image\/"}}]}},"_links":{"self":[{"href":"https:\/\/www.tradmotion.at\/tradneu\/wp-json\/wp\/v2\/product\/7901","targetHints":{"allow":["GET"]}}],"collection":[{"href":"https:\/\/www.tradmotion.at\/tradneu\/wp-json\/wp\/v2\/product"}],"about":[{"href":"https:\/\/www.tradmotion.at\/tradneu\/wp-json\/wp\/v2\/types\/product"}],"replies":[{"embeddable":true,"href":"https:\/\/www.tradmotion.at\/tradneu\/wp-json\/wp\/v2\/comments?post=7901"}],"wp:featuredmedia":[{"embeddable":true,"href":"https:\/\/www.tradmotion.at\/tradneu\/wp-json\/wp\/v2\/media\/7902"}],"wp:attachment":[{"href":"https:\/\/www.tradmotion.at\/tradneu\/wp-json\/wp\/v2\/media?parent=7901"}],"wp:term":[{"taxonomy":"product_brand","embeddable":true,"href":"https:\/\/www.tradmotion.at\/tradneu\/wp-json\/wp\/v2\/product_brand?post=7901"},{"taxonomy":"product_cat","embeddable":true,"href":"https:\/\/www.tradmotion.at\/tradneu\/wp-json\/wp\/v2\/product_cat?post=7901"},{"taxonomy":"product_tag","embeddable":true,"href":"https:\/\/www.tradmotion.at\/tradneu\/wp-json\/wp\/v2\/product_tag?post=7901"}],"curies":[{"name":"wp","href":"https:\/\/api.w.org\/{rel}","templated":true}]}}