{"id":8057,"date":"2022-11-19T22:10:16","date_gmt":"2022-11-19T21:10:16","guid":{"rendered":"https:\/\/www.tradmotion.at\/tradneu\/?post_type=product&#038;p=8057"},"modified":"2024-08-06T20:12:56","modified_gmt":"2024-08-06T19:12:56","slug":"haertel-quintett-session-eins","status":"publish","type":"product","link":"https:\/\/www.tradmotion.at\/tradneu\/produkt\/haertel-quintett-session-eins\/","title":{"rendered":"H\u00e4rtel Quintett Session 1"},"content":{"rendered":"<p>5 Geschwister-ein Sound<\/p>\n<p>Hermann H\u00e4rtel jun. -Geige, Gitarre, Bass, Kontra<\/p>\n<p>Marie Theres H\u00e4rtel-Bratsche, Geige, Klarinette<\/p>\n<p>Vinzenz H\u00e4rtel-Harmonika, Fl\u00fcgelhorn, Trompete, Geige, Bratsche<\/p>\n<p>Linde H\u00e4rtel-Cello, Bratsche, Geige<\/p>\n<p>Matthias H\u00e4rtel-Bass, Nyckelharpa, Geige<\/p>\n","protected":false},"excerpt":{"rendered":"<p>5 Geschwister-ein Sound Hermann H\u00e4rtel jun. -Geige, Gitarre, Bass, Kontra Marie Theres H\u00e4rtel-Bratsche, Geige, Klarinette Vinzenz H\u00e4rtel-Harmonika, Fl\u00fcgelhorn, Trompete, Geige, Bratsche Linde H\u00e4rtel-Cello, Bratsche, Geige Matthias H\u00e4rtel-Bass, Nyckelharpa, Geige<\/p>\n","protected":false},"featured_media":8058,"comment_status":"closed","ping_status":"closed","template":"","meta":{"_monsterinsights_skip_tracking":false,"_monsterinsights_sitenote_active":false,"_monsterinsights_sitenote_note":"","_monsterinsights_sitenote_category":0},"product_brand":[],"product_cat":[126],"product_tag":[],"class_list":{"0":"post-8057","1":"product","2":"type-product","3":"status-publish","4":"has-post-thumbnail","6":"product_cat-cd","8":"first","9":"instock","10":"shipping-taxable","11":"purchasable","12":"product-type-simple"},"yoast_head":"<!-- This site is optimized with the Yoast SEO plugin v27.3 - https:\/\/yoast.com\/product\/yoast-seo-wordpress\/ -->\n<title>H\u00e4rtel Quintett Session 1 | Tradmotion<\/title>\n<meta name=\"robots\" content=\"index, follow, max-snippet:-1, max-image-preview:large, max-video-preview:-1\" \/>\n<link rel=\"canonical\" href=\"https:\/\/www.tradmotion.at\/tradneu\/produkt\/haertel-quintett-session-eins\/\" \/>\n<meta property=\"og:locale\" content=\"de_DE\" \/>\n<meta property=\"og:type\" content=\"article\" \/>\n<meta property=\"og:title\" content=\"H\u00e4rtel Quintett Session 1 | Tradmotion\" \/>\n<meta property=\"og:description\" content=\"5 Geschwister-ein Sound Hermann H\u00e4rtel jun. -Geige, Gitarre, Bass, Kontra Marie Theres H\u00e4rtel-Bratsche, Geige, Klarinette Vinzenz H\u00e4rtel-Harmonika, Fl\u00fcgelhorn, Trompete, Geige, Bratsche Linde H\u00e4rtel-Cello, Bratsche, Geige Matthias H\u00e4rtel-Bass, Nyckelharpa, Geige\" \/>\n<meta property=\"og:url\" content=\"https:\/\/www.tradmotion.at\/tradneu\/produkt\/haertel-quintett-session-eins\/\" \/>\n<meta property=\"og:site_name\" content=\"Tradmotion\" \/>\n<meta property=\"article:modified_time\" content=\"2024-08-06T19:12:56+00:00\" \/>\n<meta property=\"og:image\" content=\"https:\/\/www.tradmotion.at\/tradneu\/wp-content\/uploads\/HaertelCD.jpg\" \/>\n\t<meta property=\"og:image:width\" content=\"792\" \/>\n\t<meta property=\"og:image:height\" content=\"709\" \/>\n\t<meta property=\"og:image:type\" content=\"image\/jpeg\" \/>\n<meta name=\"twitter:label1\" content=\"Gesch\u00e4tzte Lesezeit\" \/>\n\t<meta name=\"twitter:data1\" content=\"1\u00a0Minute\" \/>\n<script type=\"application\/ld+json\" class=\"yoast-schema-graph\">{\"@context\":\"https:\\\/\\\/schema.org\",\"@graph\":[{\"@type\":\"WebPage\",\"@id\":\"https:\\\/\\\/www.tradmotion.at\\\/tradneu\\\/produkt\\\/haertel-quintett-session-eins\\\/\",\"url\":\"https:\\\/\\\/www.tradmotion.at\\\/tradneu\\\/produkt\\\/haertel-quintett-session-eins\\\/\",\"name\":\"H\u00e4rtel Quintett Session 1 | Tradmotion\",\"isPartOf\":{\"@id\":\"https:\\\/\\\/www.tradmotion.at\\\/tradneu\\\/#website\"},\"primaryImageOfPage\":{\"@id\":\"https:\\\/\\\/www.tradmotion.at\\\/tradneu\\\/produkt\\\/haertel-quintett-session-eins\\\/#primaryimage\"},\"image\":{\"@id\":\"https:\\\/\\\/www.tradmotion.at\\\/tradneu\\\/produkt\\\/haertel-quintett-session-eins\\\/#primaryimage\"},\"thumbnailUrl\":\"https:\\\/\\\/www.tradmotion.at\\\/tradneu\\\/wp-content\\\/uploads\\\/HaertelCD.jpg\",\"datePublished\":\"2022-11-19T21:10:16+00:00\",\"dateModified\":\"2024-08-06T19:12:56+00:00\",\"breadcrumb\":{\"@id\":\"https:\\\/\\\/www.tradmotion.at\\\/tradneu\\\/produkt\\\/haertel-quintett-session-eins\\\/#breadcrumb\"},\"inLanguage\":\"de\",\"potentialAction\":[{\"@type\":\"ReadAction\",\"target\":[\"https:\\\/\\\/www.tradmotion.at\\\/tradneu\\\/produkt\\\/haertel-quintett-session-eins\\\/\"]}]},{\"@type\":\"ImageObject\",\"inLanguage\":\"de\",\"@id\":\"https:\\\/\\\/www.tradmotion.at\\\/tradneu\\\/produkt\\\/haertel-quintett-session-eins\\\/#primaryimage\",\"url\":\"https:\\\/\\\/www.tradmotion.at\\\/tradneu\\\/wp-content\\\/uploads\\\/HaertelCD.jpg\",\"contentUrl\":\"https:\\\/\\\/www.tradmotion.at\\\/tradneu\\\/wp-content\\\/uploads\\\/HaertelCD.jpg\",\"width\":792,\"height\":709},{\"@type\":\"BreadcrumbList\",\"@id\":\"https:\\\/\\\/www.tradmotion.at\\\/tradneu\\\/produkt\\\/haertel-quintett-session-eins\\\/#breadcrumb\",\"itemListElement\":[{\"@type\":\"ListItem\",\"position\":1,\"name\":\"Home\",\"item\":\"https:\\\/\\\/www.tradmotion.at\\\/tradneu\\\/\"},{\"@type\":\"ListItem\",\"position\":2,\"name\":\"Shop\",\"item\":\"https:\\\/\\\/www.tradmotion.at\\\/tradneu\\\/shop\\\/\"},{\"@type\":\"ListItem\",\"position\":3,\"name\":\"H\u00e4rtel Quintett Session 1\"}]},{\"@type\":\"WebSite\",\"@id\":\"https:\\\/\\\/www.tradmotion.at\\\/tradneu\\\/#website\",\"url\":\"https:\\\/\\\/www.tradmotion.at\\\/tradneu\\\/\",\"name\":\"Tradmotion\",\"description\":\"Tradition &amp; Emotion\",\"publisher\":{\"@id\":\"https:\\\/\\\/www.tradmotion.at\\\/tradneu\\\/#organization\"},\"potentialAction\":[{\"@type\":\"SearchAction\",\"target\":{\"@type\":\"EntryPoint\",\"urlTemplate\":\"https:\\\/\\\/www.tradmotion.at\\\/tradneu\\\/?s={search_term_string}\"},\"query-input\":{\"@type\":\"PropertyValueSpecification\",\"valueRequired\":true,\"valueName\":\"search_term_string\"}}],\"inLanguage\":\"de\"},{\"@type\":\"Organization\",\"@id\":\"https:\\\/\\\/www.tradmotion.at\\\/tradneu\\\/#organization\",\"name\":\"Tradmotion\",\"url\":\"https:\\\/\\\/www.tradmotion.at\\\/tradneu\\\/\",\"logo\":{\"@type\":\"ImageObject\",\"inLanguage\":\"de\",\"@id\":\"https:\\\/\\\/www.tradmotion.at\\\/tradneu\\\/#\\\/schema\\\/logo\\\/image\\\/\",\"url\":\"http:\\\/\\\/www.tradmotion.at\\\/tradneu\\\/wp-content\\\/uploads\\\/cropped-Logo_Tradmotion_red.png\",\"contentUrl\":\"http:\\\/\\\/www.tradmotion.at\\\/tradneu\\\/wp-content\\\/uploads\\\/cropped-Logo_Tradmotion_red.png\",\"width\":512,\"height\":512,\"caption\":\"Tradmotion\"},\"image\":{\"@id\":\"https:\\\/\\\/www.tradmotion.at\\\/tradneu\\\/#\\\/schema\\\/logo\\\/image\\\/\"}}]}<\/script>\n<!-- \/ Yoast SEO plugin. -->","yoast_head_json":{"title":"H\u00e4rtel Quintett Session 1 | Tradmotion","robots":{"index":"index","follow":"follow","max-snippet":"max-snippet:-1","max-image-preview":"max-image-preview:large","max-video-preview":"max-video-preview:-1"},"canonical":"https:\/\/www.tradmotion.at\/tradneu\/produkt\/haertel-quintett-session-eins\/","og_locale":"de_DE","og_type":"article","og_title":"H\u00e4rtel Quintett Session 1 | Tradmotion","og_description":"5 Geschwister-ein Sound Hermann H\u00e4rtel jun. -Geige, Gitarre, Bass, Kontra Marie Theres H\u00e4rtel-Bratsche, Geige, Klarinette Vinzenz H\u00e4rtel-Harmonika, Fl\u00fcgelhorn, Trompete, Geige, Bratsche Linde H\u00e4rtel-Cello, Bratsche, Geige Matthias H\u00e4rtel-Bass, Nyckelharpa, Geige","og_url":"https:\/\/www.tradmotion.at\/tradneu\/produkt\/haertel-quintett-session-eins\/","og_site_name":"Tradmotion","article_modified_time":"2024-08-06T19:12:56+00:00","og_image":[{"width":792,"height":709,"url":"https:\/\/www.tradmotion.at\/tradneu\/wp-content\/uploads\/HaertelCD.jpg","type":"image\/jpeg"}],"twitter_misc":{"Gesch\u00e4tzte Lesezeit":"1\u00a0Minute"},"schema":{"@context":"https:\/\/schema.org","@graph":[{"@type":"WebPage","@id":"https:\/\/www.tradmotion.at\/tradneu\/produkt\/haertel-quintett-session-eins\/","url":"https:\/\/www.tradmotion.at\/tradneu\/produkt\/haertel-quintett-session-eins\/","name":"H\u00e4rtel Quintett Session 1 | Tradmotion","isPartOf":{"@id":"https:\/\/www.tradmotion.at\/tradneu\/#website"},"primaryImageOfPage":{"@id":"https:\/\/www.tradmotion.at\/tradneu\/produkt\/haertel-quintett-session-eins\/#primaryimage"},"image":{"@id":"https:\/\/www.tradmotion.at\/tradneu\/produkt\/haertel-quintett-session-eins\/#primaryimage"},"thumbnailUrl":"https:\/\/www.tradmotion.at\/tradneu\/wp-content\/uploads\/HaertelCD.jpg","datePublished":"2022-11-19T21:10:16+00:00","dateModified":"2024-08-06T19:12:56+00:00","breadcrumb":{"@id":"https:\/\/www.tradmotion.at\/tradneu\/produkt\/haertel-quintett-session-eins\/#breadcrumb"},"inLanguage":"de","potentialAction":[{"@type":"ReadAction","target":["https:\/\/www.tradmotion.at\/tradneu\/produkt\/haertel-quintett-session-eins\/"]}]},{"@type":"ImageObject","inLanguage":"de","@id":"https:\/\/www.tradmotion.at\/tradneu\/produkt\/haertel-quintett-session-eins\/#primaryimage","url":"https:\/\/www.tradmotion.at\/tradneu\/wp-content\/uploads\/HaertelCD.jpg","contentUrl":"https:\/\/www.tradmotion.at\/tradneu\/wp-content\/uploads\/HaertelCD.jpg","width":792,"height":709},{"@type":"BreadcrumbList","@id":"https:\/\/www.tradmotion.at\/tradneu\/produkt\/haertel-quintett-session-eins\/#breadcrumb","itemListElement":[{"@type":"ListItem","position":1,"name":"Home","item":"https:\/\/www.tradmotion.at\/tradneu\/"},{"@type":"ListItem","position":2,"name":"Shop","item":"https:\/\/www.tradmotion.at\/tradneu\/shop\/"},{"@type":"ListItem","position":3,"name":"H\u00e4rtel Quintett Session 1"}]},{"@type":"WebSite","@id":"https:\/\/www.tradmotion.at\/tradneu\/#website","url":"https:\/\/www.tradmotion.at\/tradneu\/","name":"Tradmotion","description":"Tradition &amp; Emotion","publisher":{"@id":"https:\/\/www.tradmotion.at\/tradneu\/#organization"},"potentialAction":[{"@type":"SearchAction","target":{"@type":"EntryPoint","urlTemplate":"https:\/\/www.tradmotion.at\/tradneu\/?s={search_term_string}"},"query-input":{"@type":"PropertyValueSpecification","valueRequired":true,"valueName":"search_term_string"}}],"inLanguage":"de"},{"@type":"Organization","@id":"https:\/\/www.tradmotion.at\/tradneu\/#organization","name":"Tradmotion","url":"https:\/\/www.tradmotion.at\/tradneu\/","logo":{"@type":"ImageObject","inLanguage":"de","@id":"https:\/\/www.tradmotion.at\/tradneu\/#\/schema\/logo\/image\/","url":"http:\/\/www.tradmotion.at\/tradneu\/wp-content\/uploads\/cropped-Logo_Tradmotion_red.png","contentUrl":"http:\/\/www.tradmotion.at\/tradneu\/wp-content\/uploads\/cropped-Logo_Tradmotion_red.png","width":512,"height":512,"caption":"Tradmotion"},"image":{"@id":"https:\/\/www.tradmotion.at\/tradneu\/#\/schema\/logo\/image\/"}}]}},"_links":{"self":[{"href":"https:\/\/www.tradmotion.at\/tradneu\/wp-json\/wp\/v2\/product\/8057","targetHints":{"allow":["GET"]}}],"collection":[{"href":"https:\/\/www.tradmotion.at\/tradneu\/wp-json\/wp\/v2\/product"}],"about":[{"href":"https:\/\/www.tradmotion.at\/tradneu\/wp-json\/wp\/v2\/types\/product"}],"replies":[{"embeddable":true,"href":"https:\/\/www.tradmotion.at\/tradneu\/wp-json\/wp\/v2\/comments?post=8057"}],"wp:featuredmedia":[{"embeddable":true,"href":"https:\/\/www.tradmotion.at\/tradneu\/wp-json\/wp\/v2\/media\/8058"}],"wp:attachment":[{"href":"https:\/\/www.tradmotion.at\/tradneu\/wp-json\/wp\/v2\/media?parent=8057"}],"wp:term":[{"taxonomy":"product_brand","embeddable":true,"href":"https:\/\/www.tradmotion.at\/tradneu\/wp-json\/wp\/v2\/product_brand?post=8057"},{"taxonomy":"product_cat","embeddable":true,"href":"https:\/\/www.tradmotion.at\/tradneu\/wp-json\/wp\/v2\/product_cat?post=8057"},{"taxonomy":"product_tag","embeddable":true,"href":"https:\/\/www.tradmotion.at\/tradneu\/wp-json\/wp\/v2\/product_tag?post=8057"}],"curies":[{"name":"wp","href":"https:\/\/api.w.org\/{rel}","templated":true}]}}