{"id":8301,"date":"2024-08-27T16:21:22","date_gmt":"2024-08-27T15:21:22","guid":{"rendered":"https:\/\/www.tradmotion.at\/tradneu\/?post_type=product&#038;p=8301"},"modified":"2024-09-03T20:11:45","modified_gmt":"2024-09-03T19:11:45","slug":"haertels-kleines-credo","status":"publish","type":"product","link":"https:\/\/www.tradmotion.at\/tradneu\/produkt\/haertels-kleines-credo\/","title":{"rendered":"H\u00c4RTELS KLEINES CREDO"},"content":{"rendered":"<p>Ein Gro\u00dfteil dieser Texte ist seiner langj\u00e4hrigen T\u00e4tigkeit als Kolumnist beim Pfarrblatt seiner Heimatgemeinde geschuldet. Bei der Auswahl greift er aber beinahe drei\u00dfig Jahre zur\u00fcck, f\u00fcgt jene Themen aneinander, die ihm<\/p>\n<p>schon immer am Herzen lagen und nunmehr der Leserschaft ein buntes Bild seiner Gedankeng\u00e4nge bieten. Gleichzeitig verweist Hermann H\u00e4rtel auf seine im Laufe der Jahre erstellte Bibliografie unter <a href=\"http:\/\/www.hermannhaertel.eu\/lesesaal\">www.hermannhaertel.eu\/lesesaal<\/a>, die seine beinahe 40-j\u00e4hrige publizistische T\u00e4tigkeit dokumentiert.<\/p>\n<p>Der Sammelband<\/p>\n<p>\u201eH\u00e4rtels kleines Credo\u201c erscheint zu Hermann H\u00e4rtels 75. Geburtstag.<\/p>\n<p>&nbsp;<\/p>\n<p>\u201eH\u00e4rtels kleines Credo\u201c<\/p>\n<p>Ein Sammelband auserw\u00e4hlter Kolumnen von Hermann H\u00e4rtel mit einem Vorwort von Abt Mag. Philipp Helm, Stift Rein und einem Klappentext von Isolde Seirer-Melinz<\/p>\n<p>&nbsp;<\/p>\n<p>Format 21&#215;21, Umschlag: 4\/4-f\u00e4rbig<\/p>\n<p>Innenteil: sorgf\u00e4ltig grafisch gestaltet von Christian Seirer.<\/p>\n<p>ISBN 978-3-200-09901-2<\/p>\n<p>&nbsp;<\/p>\n","protected":false},"excerpt":{"rendered":"<p>Ein Gro\u00dfteil dieser Texte ist seiner langj\u00e4hrigen T\u00e4tigkeit als Kolumnist beim Pfarrblatt seiner Heimatgemeinde geschuldet. Bei der Auswahl greift er aber beinahe drei\u00dfig Jahre zur\u00fcck, f\u00fcgt jene Themen aneinander, die ihm schon immer am Herzen lagen und nunmehr der Leserschaft ein buntes Bild seiner Gedankeng\u00e4nge bieten. Gleichzeitig verweist Hermann H\u00e4rtel auf seine im Laufe der Jahre erstellte Bibliografie unter www.hermannhaertel.eu\/lesesaal, [&hellip;]<\/p>\n","protected":false},"featured_media":8303,"comment_status":"closed","ping_status":"closed","template":"","meta":{"_monsterinsights_skip_tracking":false,"_monsterinsights_sitenote_active":false,"_monsterinsights_sitenote_note":"","_monsterinsights_sitenote_category":0},"product_brand":[],"product_cat":[],"product_tag":[],"class_list":{"0":"post-8301","1":"product","2":"type-product","3":"status-publish","4":"has-post-thumbnail","7":"first","8":"instock","9":"shipping-taxable","10":"purchasable","11":"product-type-simple"},"yoast_head":"<!-- This site is optimized with the Yoast SEO plugin v27.3 - https:\/\/yoast.com\/product\/yoast-seo-wordpress\/ -->\n<title>H\u00c4RTELS KLEINES CREDO | Tradmotion<\/title>\n<meta name=\"robots\" content=\"index, follow, max-snippet:-1, max-image-preview:large, max-video-preview:-1\" \/>\n<link rel=\"canonical\" href=\"https:\/\/www.tradmotion.at\/tradneu\/produkt\/haertels-kleines-credo\/\" \/>\n<meta property=\"og:locale\" content=\"de_DE\" \/>\n<meta property=\"og:type\" content=\"article\" \/>\n<meta property=\"og:title\" content=\"H\u00c4RTELS KLEINES CREDO | Tradmotion\" \/>\n<meta property=\"og:description\" content=\"Ein Gro\u00dfteil dieser Texte ist seiner langj\u00e4hrigen T\u00e4tigkeit als Kolumnist beim Pfarrblatt seiner Heimatgemeinde geschuldet. Bei der Auswahl greift er aber beinahe drei\u00dfig Jahre zur\u00fcck, f\u00fcgt jene Themen aneinander, die ihm schon immer am Herzen lagen und nunmehr der Leserschaft ein buntes Bild seiner Gedankeng\u00e4nge bieten. Gleichzeitig verweist Hermann H\u00e4rtel auf seine im Laufe der Jahre erstellte Bibliografie unter www.hermannhaertel.eu\/lesesaal, [&hellip;]\" \/>\n<meta property=\"og:url\" content=\"https:\/\/www.tradmotion.at\/tradneu\/produkt\/haertels-kleines-credo\/\" \/>\n<meta property=\"og:site_name\" content=\"Tradmotion\" \/>\n<meta property=\"article:modified_time\" content=\"2024-09-03T19:11:45+00:00\" \/>\n<meta property=\"og:image\" content=\"https:\/\/www.tradmotion.at\/tradneu\/wp-content\/uploads\/Umschlag-Ha\u0308rtels-kleines-Credo-final_1.jpg\" \/>\n\t<meta property=\"og:image:width\" content=\"2488\" \/>\n\t<meta property=\"og:image:height\" content=\"2504\" \/>\n\t<meta property=\"og:image:type\" content=\"image\/jpeg\" \/>\n<meta name=\"twitter:label1\" content=\"Gesch\u00e4tzte Lesezeit\" \/>\n\t<meta name=\"twitter:data1\" content=\"1\u00a0Minute\" \/>\n<script type=\"application\/ld+json\" class=\"yoast-schema-graph\">{\"@context\":\"https:\\\/\\\/schema.org\",\"@graph\":[{\"@type\":\"WebPage\",\"@id\":\"https:\\\/\\\/www.tradmotion.at\\\/tradneu\\\/produkt\\\/haertels-kleines-credo\\\/\",\"url\":\"https:\\\/\\\/www.tradmotion.at\\\/tradneu\\\/produkt\\\/haertels-kleines-credo\\\/\",\"name\":\"H\u00c4RTELS KLEINES CREDO | Tradmotion\",\"isPartOf\":{\"@id\":\"https:\\\/\\\/www.tradmotion.at\\\/tradneu\\\/#website\"},\"primaryImageOfPage\":{\"@id\":\"https:\\\/\\\/www.tradmotion.at\\\/tradneu\\\/produkt\\\/haertels-kleines-credo\\\/#primaryimage\"},\"image\":{\"@id\":\"https:\\\/\\\/www.tradmotion.at\\\/tradneu\\\/produkt\\\/haertels-kleines-credo\\\/#primaryimage\"},\"thumbnailUrl\":\"https:\\\/\\\/www.tradmotion.at\\\/tradneu\\\/wp-content\\\/uploads\\\/Umschlag-Ha\u0308rtels-kleines-Credo-final_1.jpg\",\"datePublished\":\"2024-08-27T15:21:22+00:00\",\"dateModified\":\"2024-09-03T19:11:45+00:00\",\"breadcrumb\":{\"@id\":\"https:\\\/\\\/www.tradmotion.at\\\/tradneu\\\/produkt\\\/haertels-kleines-credo\\\/#breadcrumb\"},\"inLanguage\":\"de\",\"potentialAction\":[{\"@type\":\"ReadAction\",\"target\":[\"https:\\\/\\\/www.tradmotion.at\\\/tradneu\\\/produkt\\\/haertels-kleines-credo\\\/\"]}]},{\"@type\":\"ImageObject\",\"inLanguage\":\"de\",\"@id\":\"https:\\\/\\\/www.tradmotion.at\\\/tradneu\\\/produkt\\\/haertels-kleines-credo\\\/#primaryimage\",\"url\":\"https:\\\/\\\/www.tradmotion.at\\\/tradneu\\\/wp-content\\\/uploads\\\/Umschlag-Ha\u0308rtels-kleines-Credo-final_1.jpg\",\"contentUrl\":\"https:\\\/\\\/www.tradmotion.at\\\/tradneu\\\/wp-content\\\/uploads\\\/Umschlag-Ha\u0308rtels-kleines-Credo-final_1.jpg\",\"width\":2488,\"height\":2504},{\"@type\":\"BreadcrumbList\",\"@id\":\"https:\\\/\\\/www.tradmotion.at\\\/tradneu\\\/produkt\\\/haertels-kleines-credo\\\/#breadcrumb\",\"itemListElement\":[{\"@type\":\"ListItem\",\"position\":1,\"name\":\"Home\",\"item\":\"https:\\\/\\\/www.tradmotion.at\\\/tradneu\\\/\"},{\"@type\":\"ListItem\",\"position\":2,\"name\":\"Shop\",\"item\":\"https:\\\/\\\/www.tradmotion.at\\\/tradneu\\\/shop\\\/\"},{\"@type\":\"ListItem\",\"position\":3,\"name\":\"H\u00c4RTELS KLEINES CREDO\"}]},{\"@type\":\"WebSite\",\"@id\":\"https:\\\/\\\/www.tradmotion.at\\\/tradneu\\\/#website\",\"url\":\"https:\\\/\\\/www.tradmotion.at\\\/tradneu\\\/\",\"name\":\"Tradmotion\",\"description\":\"Tradition &amp; Emotion\",\"publisher\":{\"@id\":\"https:\\\/\\\/www.tradmotion.at\\\/tradneu\\\/#organization\"},\"potentialAction\":[{\"@type\":\"SearchAction\",\"target\":{\"@type\":\"EntryPoint\",\"urlTemplate\":\"https:\\\/\\\/www.tradmotion.at\\\/tradneu\\\/?s={search_term_string}\"},\"query-input\":{\"@type\":\"PropertyValueSpecification\",\"valueRequired\":true,\"valueName\":\"search_term_string\"}}],\"inLanguage\":\"de\"},{\"@type\":\"Organization\",\"@id\":\"https:\\\/\\\/www.tradmotion.at\\\/tradneu\\\/#organization\",\"name\":\"Tradmotion\",\"url\":\"https:\\\/\\\/www.tradmotion.at\\\/tradneu\\\/\",\"logo\":{\"@type\":\"ImageObject\",\"inLanguage\":\"de\",\"@id\":\"https:\\\/\\\/www.tradmotion.at\\\/tradneu\\\/#\\\/schema\\\/logo\\\/image\\\/\",\"url\":\"http:\\\/\\\/www.tradmotion.at\\\/tradneu\\\/wp-content\\\/uploads\\\/cropped-Logo_Tradmotion_red.png\",\"contentUrl\":\"http:\\\/\\\/www.tradmotion.at\\\/tradneu\\\/wp-content\\\/uploads\\\/cropped-Logo_Tradmotion_red.png\",\"width\":512,\"height\":512,\"caption\":\"Tradmotion\"},\"image\":{\"@id\":\"https:\\\/\\\/www.tradmotion.at\\\/tradneu\\\/#\\\/schema\\\/logo\\\/image\\\/\"}}]}<\/script>\n<!-- \/ Yoast SEO plugin. -->","yoast_head_json":{"title":"H\u00c4RTELS KLEINES CREDO | Tradmotion","robots":{"index":"index","follow":"follow","max-snippet":"max-snippet:-1","max-image-preview":"max-image-preview:large","max-video-preview":"max-video-preview:-1"},"canonical":"https:\/\/www.tradmotion.at\/tradneu\/produkt\/haertels-kleines-credo\/","og_locale":"de_DE","og_type":"article","og_title":"H\u00c4RTELS KLEINES CREDO | Tradmotion","og_description":"Ein Gro\u00dfteil dieser Texte ist seiner langj\u00e4hrigen T\u00e4tigkeit als Kolumnist beim Pfarrblatt seiner Heimatgemeinde geschuldet. Bei der Auswahl greift er aber beinahe drei\u00dfig Jahre zur\u00fcck, f\u00fcgt jene Themen aneinander, die ihm schon immer am Herzen lagen und nunmehr der Leserschaft ein buntes Bild seiner Gedankeng\u00e4nge bieten. Gleichzeitig verweist Hermann H\u00e4rtel auf seine im Laufe der Jahre erstellte Bibliografie unter www.hermannhaertel.eu\/lesesaal, [&hellip;]","og_url":"https:\/\/www.tradmotion.at\/tradneu\/produkt\/haertels-kleines-credo\/","og_site_name":"Tradmotion","article_modified_time":"2024-09-03T19:11:45+00:00","og_image":[{"width":2488,"height":2504,"url":"https:\/\/www.tradmotion.at\/tradneu\/wp-content\/uploads\/Umschlag-Ha\u0308rtels-kleines-Credo-final_1.jpg","type":"image\/jpeg"}],"twitter_misc":{"Gesch\u00e4tzte Lesezeit":"1\u00a0Minute"},"schema":{"@context":"https:\/\/schema.org","@graph":[{"@type":"WebPage","@id":"https:\/\/www.tradmotion.at\/tradneu\/produkt\/haertels-kleines-credo\/","url":"https:\/\/www.tradmotion.at\/tradneu\/produkt\/haertels-kleines-credo\/","name":"H\u00c4RTELS KLEINES CREDO | Tradmotion","isPartOf":{"@id":"https:\/\/www.tradmotion.at\/tradneu\/#website"},"primaryImageOfPage":{"@id":"https:\/\/www.tradmotion.at\/tradneu\/produkt\/haertels-kleines-credo\/#primaryimage"},"image":{"@id":"https:\/\/www.tradmotion.at\/tradneu\/produkt\/haertels-kleines-credo\/#primaryimage"},"thumbnailUrl":"https:\/\/www.tradmotion.at\/tradneu\/wp-content\/uploads\/Umschlag-Ha\u0308rtels-kleines-Credo-final_1.jpg","datePublished":"2024-08-27T15:21:22+00:00","dateModified":"2024-09-03T19:11:45+00:00","breadcrumb":{"@id":"https:\/\/www.tradmotion.at\/tradneu\/produkt\/haertels-kleines-credo\/#breadcrumb"},"inLanguage":"de","potentialAction":[{"@type":"ReadAction","target":["https:\/\/www.tradmotion.at\/tradneu\/produkt\/haertels-kleines-credo\/"]}]},{"@type":"ImageObject","inLanguage":"de","@id":"https:\/\/www.tradmotion.at\/tradneu\/produkt\/haertels-kleines-credo\/#primaryimage","url":"https:\/\/www.tradmotion.at\/tradneu\/wp-content\/uploads\/Umschlag-Ha\u0308rtels-kleines-Credo-final_1.jpg","contentUrl":"https:\/\/www.tradmotion.at\/tradneu\/wp-content\/uploads\/Umschlag-Ha\u0308rtels-kleines-Credo-final_1.jpg","width":2488,"height":2504},{"@type":"BreadcrumbList","@id":"https:\/\/www.tradmotion.at\/tradneu\/produkt\/haertels-kleines-credo\/#breadcrumb","itemListElement":[{"@type":"ListItem","position":1,"name":"Home","item":"https:\/\/www.tradmotion.at\/tradneu\/"},{"@type":"ListItem","position":2,"name":"Shop","item":"https:\/\/www.tradmotion.at\/tradneu\/shop\/"},{"@type":"ListItem","position":3,"name":"H\u00c4RTELS KLEINES CREDO"}]},{"@type":"WebSite","@id":"https:\/\/www.tradmotion.at\/tradneu\/#website","url":"https:\/\/www.tradmotion.at\/tradneu\/","name":"Tradmotion","description":"Tradition &amp; Emotion","publisher":{"@id":"https:\/\/www.tradmotion.at\/tradneu\/#organization"},"potentialAction":[{"@type":"SearchAction","target":{"@type":"EntryPoint","urlTemplate":"https:\/\/www.tradmotion.at\/tradneu\/?s={search_term_string}"},"query-input":{"@type":"PropertyValueSpecification","valueRequired":true,"valueName":"search_term_string"}}],"inLanguage":"de"},{"@type":"Organization","@id":"https:\/\/www.tradmotion.at\/tradneu\/#organization","name":"Tradmotion","url":"https:\/\/www.tradmotion.at\/tradneu\/","logo":{"@type":"ImageObject","inLanguage":"de","@id":"https:\/\/www.tradmotion.at\/tradneu\/#\/schema\/logo\/image\/","url":"http:\/\/www.tradmotion.at\/tradneu\/wp-content\/uploads\/cropped-Logo_Tradmotion_red.png","contentUrl":"http:\/\/www.tradmotion.at\/tradneu\/wp-content\/uploads\/cropped-Logo_Tradmotion_red.png","width":512,"height":512,"caption":"Tradmotion"},"image":{"@id":"https:\/\/www.tradmotion.at\/tradneu\/#\/schema\/logo\/image\/"}}]}},"_links":{"self":[{"href":"https:\/\/www.tradmotion.at\/tradneu\/wp-json\/wp\/v2\/product\/8301","targetHints":{"allow":["GET"]}}],"collection":[{"href":"https:\/\/www.tradmotion.at\/tradneu\/wp-json\/wp\/v2\/product"}],"about":[{"href":"https:\/\/www.tradmotion.at\/tradneu\/wp-json\/wp\/v2\/types\/product"}],"replies":[{"embeddable":true,"href":"https:\/\/www.tradmotion.at\/tradneu\/wp-json\/wp\/v2\/comments?post=8301"}],"wp:featuredmedia":[{"embeddable":true,"href":"https:\/\/www.tradmotion.at\/tradneu\/wp-json\/wp\/v2\/media\/8303"}],"wp:attachment":[{"href":"https:\/\/www.tradmotion.at\/tradneu\/wp-json\/wp\/v2\/media?parent=8301"}],"wp:term":[{"taxonomy":"product_brand","embeddable":true,"href":"https:\/\/www.tradmotion.at\/tradneu\/wp-json\/wp\/v2\/product_brand?post=8301"},{"taxonomy":"product_cat","embeddable":true,"href":"https:\/\/www.tradmotion.at\/tradneu\/wp-json\/wp\/v2\/product_cat?post=8301"},{"taxonomy":"product_tag","embeddable":true,"href":"https:\/\/www.tradmotion.at\/tradneu\/wp-json\/wp\/v2\/product_tag?post=8301"}],"curies":[{"name":"wp","href":"https:\/\/api.w.org\/{rel}","templated":true}]}}