{"id":8456,"date":"2026-01-02T20:52:04","date_gmt":"2026-01-02T19:52:04","guid":{"rendered":"https:\/\/www.tradmotion.at\/tradneu\/?post_type=product&#038;p=8456"},"modified":"2026-02-23T21:26:08","modified_gmt":"2026-02-23T20:26:08","slug":"dachsteinklang","status":"publish","type":"product","link":"https:\/\/www.tradmotion.at\/tradneu\/produkt\/dachsteinklang\/","title":{"rendered":"DACHSTEINKLANG"},"content":{"rendered":"<p>Die Komposition mit ihren 8 S\u00e4tzen\u00a0<em>Dachstein Ouvert\u00fcre, Dohlen fliagn, GletscherEis, \u00dcbern Dachstein, Urgro\u00dfvater, Aufi, Bergseelen<\/em>\u00a0und\u00a0<em>Almsommer\u00a0<\/em>bringt all das zum Klingen, was wir mit Berg, Natur, Gefahr und Almfrieden verbinden. H\u00e4rtels Mitmusiker, im Jazz beheimatet, allesamt auch leidenschaftliche Bergsteiger, geben den verschiedenen musikalischen Dialekten der Dachsteinregion\u00a0 den jeweils eigenen, dennoch ganz neuen Klang. V\u00f6llig frei, losgel\u00f6st von Formen des Jazz oder der klassischen Kammermusik, tauchen sie f\u00fcr Augenblicke in den volksmusikalischen Background der Komponistin ein.<\/p>\n<p>In seltener Besetzung, auf wenige Musiker verteilt, ist in ausgesprochen vielschichtiger Instrumentierung\u00a0 eine zeitgen\u00f6ssische, vollkommen gegenw\u00e4rtige Musik entstanden \u2013 \u201eeine kammermusikalische Alpensinfonie\u201c.<\/p>\n<p>&nbsp;<\/p>\n<p>Es spielen:<\/p>\n<p>Johannes Dickbauer\u00a0(AUT)\u00a0&#8211; Violine, Schwegel<\/p>\n<p>Barbara Grahor-Vovk\u00a0(SLO)\u00a0&#8211; Viola, Violine, Schwegel<\/p>\n<p>Marie-Theres H\u00e4rtel\u00a0(AUT)\u00a0&#8211; Viola, Schwegel<\/p>\n<p>Florian Tr\u00fcbsbach\u00a0(DE)\u00a0&#8211; Saxophon, Fl\u00f6te, Klarinette, Oboe, Schwegel<\/p>\n<p>Andreas Tschopp\u00a0(CH)\u00a0&#8211; Posaune, Schwegel, Kuduhorn<\/p>\n<p>Johannes B\u00e4r\u00a0(AUT)\u00a0&#8211; Tuba, Trompete, Posaune, Schwegel<\/p>\n<p>Andreas Kurz\u00a0(DE)\u00a0&#8211; Bass, Schwegel<\/p>\n<p>&nbsp;<\/p>\n<p>&nbsp;<\/p>\n<p>&nbsp;<\/p>\n<p>&nbsp;<\/p>\n<p>Homepage:\u00a0<a href=\"https:\/\/www.mariethereshaertel.com\/die-dachsteinband\/\">www.mariethereshaertel.com\/die-dachsteinband\/<\/a><\/p>\n","protected":false},"excerpt":{"rendered":"<p>Die Komposition mit ihren 8 S\u00e4tzen\u00a0Dachstein Ouvert\u00fcre, Dohlen fliagn, GletscherEis, \u00dcbern Dachstein, Urgro\u00dfvater, Aufi, Bergseelen\u00a0und\u00a0Almsommer\u00a0bringt all das zum Klingen, was wir mit Berg, Natur, Gefahr und Almfrieden verbinden. H\u00e4rtels Mitmusiker, im Jazz beheimatet, allesamt auch leidenschaftliche Bergsteiger, geben den verschiedenen musikalischen Dialekten der Dachsteinregion\u00a0 den jeweils eigenen, dennoch ganz neuen Klang. V\u00f6llig frei, losgel\u00f6st von Formen des Jazz oder der [&hellip;]<\/p>\n","protected":false},"featured_media":0,"comment_status":"closed","ping_status":"closed","template":"","meta":{"_monsterinsights_skip_tracking":false,"_monsterinsights_sitenote_active":false,"_monsterinsights_sitenote_note":"","_monsterinsights_sitenote_category":0},"product_brand":[],"product_cat":[126],"product_tag":[],"class_list":{"0":"post-8456","1":"product","2":"type-product","3":"status-publish","5":"product_cat-cd","7":"first","8":"instock","9":"shipping-taxable","10":"purchasable","11":"product-type-simple"},"yoast_head":"<!-- This site is optimized with the Yoast SEO plugin v27.3 - https:\/\/yoast.com\/product\/yoast-seo-wordpress\/ -->\n<title>DACHSTEINKLANG | Tradmotion<\/title>\n<meta name=\"robots\" content=\"index, follow, max-snippet:-1, max-image-preview:large, max-video-preview:-1\" \/>\n<link rel=\"canonical\" href=\"https:\/\/www.tradmotion.at\/tradneu\/produkt\/dachsteinklang\/\" \/>\n<meta property=\"og:locale\" content=\"de_DE\" \/>\n<meta property=\"og:type\" content=\"article\" \/>\n<meta property=\"og:title\" content=\"DACHSTEINKLANG | Tradmotion\" \/>\n<meta property=\"og:description\" content=\"Die Komposition mit ihren 8 S\u00e4tzen\u00a0Dachstein Ouvert\u00fcre, Dohlen fliagn, GletscherEis, \u00dcbern Dachstein, Urgro\u00dfvater, Aufi, Bergseelen\u00a0und\u00a0Almsommer\u00a0bringt all das zum Klingen, was wir mit Berg, Natur, Gefahr und Almfrieden verbinden. H\u00e4rtels Mitmusiker, im Jazz beheimatet, allesamt auch leidenschaftliche Bergsteiger, geben den verschiedenen musikalischen Dialekten der Dachsteinregion\u00a0 den jeweils eigenen, dennoch ganz neuen Klang. V\u00f6llig frei, losgel\u00f6st von Formen des Jazz oder der [&hellip;]\" \/>\n<meta property=\"og:url\" content=\"https:\/\/www.tradmotion.at\/tradneu\/produkt\/dachsteinklang\/\" \/>\n<meta property=\"og:site_name\" content=\"Tradmotion\" \/>\n<meta property=\"article:modified_time\" content=\"2026-02-23T20:26:08+00:00\" \/>\n<meta name=\"twitter:label1\" content=\"Gesch\u00e4tzte Lesezeit\" \/>\n\t<meta name=\"twitter:data1\" content=\"1\u00a0Minute\" \/>\n<script type=\"application\/ld+json\" class=\"yoast-schema-graph\">{\"@context\":\"https:\\\/\\\/schema.org\",\"@graph\":[{\"@type\":\"WebPage\",\"@id\":\"https:\\\/\\\/www.tradmotion.at\\\/tradneu\\\/produkt\\\/dachsteinklang\\\/\",\"url\":\"https:\\\/\\\/www.tradmotion.at\\\/tradneu\\\/produkt\\\/dachsteinklang\\\/\",\"name\":\"DACHSTEINKLANG | Tradmotion\",\"isPartOf\":{\"@id\":\"https:\\\/\\\/www.tradmotion.at\\\/tradneu\\\/#website\"},\"datePublished\":\"2026-01-02T19:52:04+00:00\",\"dateModified\":\"2026-02-23T20:26:08+00:00\",\"breadcrumb\":{\"@id\":\"https:\\\/\\\/www.tradmotion.at\\\/tradneu\\\/produkt\\\/dachsteinklang\\\/#breadcrumb\"},\"inLanguage\":\"de\",\"potentialAction\":[{\"@type\":\"ReadAction\",\"target\":[\"https:\\\/\\\/www.tradmotion.at\\\/tradneu\\\/produkt\\\/dachsteinklang\\\/\"]}]},{\"@type\":\"BreadcrumbList\",\"@id\":\"https:\\\/\\\/www.tradmotion.at\\\/tradneu\\\/produkt\\\/dachsteinklang\\\/#breadcrumb\",\"itemListElement\":[{\"@type\":\"ListItem\",\"position\":1,\"name\":\"Home\",\"item\":\"https:\\\/\\\/www.tradmotion.at\\\/tradneu\\\/\"},{\"@type\":\"ListItem\",\"position\":2,\"name\":\"Shop\",\"item\":\"https:\\\/\\\/www.tradmotion.at\\\/tradneu\\\/shop\\\/\"},{\"@type\":\"ListItem\",\"position\":3,\"name\":\"DACHSTEINKLANG\"}]},{\"@type\":\"WebSite\",\"@id\":\"https:\\\/\\\/www.tradmotion.at\\\/tradneu\\\/#website\",\"url\":\"https:\\\/\\\/www.tradmotion.at\\\/tradneu\\\/\",\"name\":\"Tradmotion\",\"description\":\"Tradition &amp; Emotion\",\"publisher\":{\"@id\":\"https:\\\/\\\/www.tradmotion.at\\\/tradneu\\\/#organization\"},\"potentialAction\":[{\"@type\":\"SearchAction\",\"target\":{\"@type\":\"EntryPoint\",\"urlTemplate\":\"https:\\\/\\\/www.tradmotion.at\\\/tradneu\\\/?s={search_term_string}\"},\"query-input\":{\"@type\":\"PropertyValueSpecification\",\"valueRequired\":true,\"valueName\":\"search_term_string\"}}],\"inLanguage\":\"de\"},{\"@type\":\"Organization\",\"@id\":\"https:\\\/\\\/www.tradmotion.at\\\/tradneu\\\/#organization\",\"name\":\"Tradmotion\",\"url\":\"https:\\\/\\\/www.tradmotion.at\\\/tradneu\\\/\",\"logo\":{\"@type\":\"ImageObject\",\"inLanguage\":\"de\",\"@id\":\"https:\\\/\\\/www.tradmotion.at\\\/tradneu\\\/#\\\/schema\\\/logo\\\/image\\\/\",\"url\":\"http:\\\/\\\/www.tradmotion.at\\\/tradneu\\\/wp-content\\\/uploads\\\/cropped-Logo_Tradmotion_red.png\",\"contentUrl\":\"http:\\\/\\\/www.tradmotion.at\\\/tradneu\\\/wp-content\\\/uploads\\\/cropped-Logo_Tradmotion_red.png\",\"width\":512,\"height\":512,\"caption\":\"Tradmotion\"},\"image\":{\"@id\":\"https:\\\/\\\/www.tradmotion.at\\\/tradneu\\\/#\\\/schema\\\/logo\\\/image\\\/\"}}]}<\/script>\n<!-- \/ Yoast SEO plugin. -->","yoast_head_json":{"title":"DACHSTEINKLANG | Tradmotion","robots":{"index":"index","follow":"follow","max-snippet":"max-snippet:-1","max-image-preview":"max-image-preview:large","max-video-preview":"max-video-preview:-1"},"canonical":"https:\/\/www.tradmotion.at\/tradneu\/produkt\/dachsteinklang\/","og_locale":"de_DE","og_type":"article","og_title":"DACHSTEINKLANG | Tradmotion","og_description":"Die Komposition mit ihren 8 S\u00e4tzen\u00a0Dachstein Ouvert\u00fcre, Dohlen fliagn, GletscherEis, \u00dcbern Dachstein, Urgro\u00dfvater, Aufi, Bergseelen\u00a0und\u00a0Almsommer\u00a0bringt all das zum Klingen, was wir mit Berg, Natur, Gefahr und Almfrieden verbinden. H\u00e4rtels Mitmusiker, im Jazz beheimatet, allesamt auch leidenschaftliche Bergsteiger, geben den verschiedenen musikalischen Dialekten der Dachsteinregion\u00a0 den jeweils eigenen, dennoch ganz neuen Klang. V\u00f6llig frei, losgel\u00f6st von Formen des Jazz oder der [&hellip;]","og_url":"https:\/\/www.tradmotion.at\/tradneu\/produkt\/dachsteinklang\/","og_site_name":"Tradmotion","article_modified_time":"2026-02-23T20:26:08+00:00","twitter_misc":{"Gesch\u00e4tzte Lesezeit":"1\u00a0Minute"},"schema":{"@context":"https:\/\/schema.org","@graph":[{"@type":"WebPage","@id":"https:\/\/www.tradmotion.at\/tradneu\/produkt\/dachsteinklang\/","url":"https:\/\/www.tradmotion.at\/tradneu\/produkt\/dachsteinklang\/","name":"DACHSTEINKLANG | Tradmotion","isPartOf":{"@id":"https:\/\/www.tradmotion.at\/tradneu\/#website"},"datePublished":"2026-01-02T19:52:04+00:00","dateModified":"2026-02-23T20:26:08+00:00","breadcrumb":{"@id":"https:\/\/www.tradmotion.at\/tradneu\/produkt\/dachsteinklang\/#breadcrumb"},"inLanguage":"de","potentialAction":[{"@type":"ReadAction","target":["https:\/\/www.tradmotion.at\/tradneu\/produkt\/dachsteinklang\/"]}]},{"@type":"BreadcrumbList","@id":"https:\/\/www.tradmotion.at\/tradneu\/produkt\/dachsteinklang\/#breadcrumb","itemListElement":[{"@type":"ListItem","position":1,"name":"Home","item":"https:\/\/www.tradmotion.at\/tradneu\/"},{"@type":"ListItem","position":2,"name":"Shop","item":"https:\/\/www.tradmotion.at\/tradneu\/shop\/"},{"@type":"ListItem","position":3,"name":"DACHSTEINKLANG"}]},{"@type":"WebSite","@id":"https:\/\/www.tradmotion.at\/tradneu\/#website","url":"https:\/\/www.tradmotion.at\/tradneu\/","name":"Tradmotion","description":"Tradition &amp; Emotion","publisher":{"@id":"https:\/\/www.tradmotion.at\/tradneu\/#organization"},"potentialAction":[{"@type":"SearchAction","target":{"@type":"EntryPoint","urlTemplate":"https:\/\/www.tradmotion.at\/tradneu\/?s={search_term_string}"},"query-input":{"@type":"PropertyValueSpecification","valueRequired":true,"valueName":"search_term_string"}}],"inLanguage":"de"},{"@type":"Organization","@id":"https:\/\/www.tradmotion.at\/tradneu\/#organization","name":"Tradmotion","url":"https:\/\/www.tradmotion.at\/tradneu\/","logo":{"@type":"ImageObject","inLanguage":"de","@id":"https:\/\/www.tradmotion.at\/tradneu\/#\/schema\/logo\/image\/","url":"http:\/\/www.tradmotion.at\/tradneu\/wp-content\/uploads\/cropped-Logo_Tradmotion_red.png","contentUrl":"http:\/\/www.tradmotion.at\/tradneu\/wp-content\/uploads\/cropped-Logo_Tradmotion_red.png","width":512,"height":512,"caption":"Tradmotion"},"image":{"@id":"https:\/\/www.tradmotion.at\/tradneu\/#\/schema\/logo\/image\/"}}]}},"_links":{"self":[{"href":"https:\/\/www.tradmotion.at\/tradneu\/wp-json\/wp\/v2\/product\/8456","targetHints":{"allow":["GET"]}}],"collection":[{"href":"https:\/\/www.tradmotion.at\/tradneu\/wp-json\/wp\/v2\/product"}],"about":[{"href":"https:\/\/www.tradmotion.at\/tradneu\/wp-json\/wp\/v2\/types\/product"}],"replies":[{"embeddable":true,"href":"https:\/\/www.tradmotion.at\/tradneu\/wp-json\/wp\/v2\/comments?post=8456"}],"wp:attachment":[{"href":"https:\/\/www.tradmotion.at\/tradneu\/wp-json\/wp\/v2\/media?parent=8456"}],"wp:term":[{"taxonomy":"product_brand","embeddable":true,"href":"https:\/\/www.tradmotion.at\/tradneu\/wp-json\/wp\/v2\/product_brand?post=8456"},{"taxonomy":"product_cat","embeddable":true,"href":"https:\/\/www.tradmotion.at\/tradneu\/wp-json\/wp\/v2\/product_cat?post=8456"},{"taxonomy":"product_tag","embeddable":true,"href":"https:\/\/www.tradmotion.at\/tradneu\/wp-json\/wp\/v2\/product_tag?post=8456"}],"curies":[{"name":"wp","href":"https:\/\/api.w.org\/{rel}","templated":true}]}}