{"id":8461,"date":"2026-02-23T20:56:13","date_gmt":"2026-02-23T19:56:13","guid":{"rendered":"https:\/\/www.tradmotion.at\/tradneu\/?post_type=product&#038;p=8461"},"modified":"2026-02-23T21:02:23","modified_gmt":"2026-02-23T20:02:23","slug":"folklore-international-band-3_flohmarkt","status":"publish","type":"product","link":"https:\/\/www.tradmotion.at\/tradneu\/produkt\/folklore-international-band-3_flohmarkt\/","title":{"rendered":"FLOHMARKT_FOLKLORE INTERNATIONAL BAND 3"},"content":{"rendered":"<p>GEBRAUCHT<\/p>\n<p>f\u00fcr: f\u00fcr 2 Altblockfl\u00f6ten (Violinen, Querfl\u00f6ten) mit optionaler 3. Stimme<\/p>\n<p>Produkttyp: Spielpartitur<\/p>\n<p>Autor\u2009\/\u2009Komponist: <a href=\"https:\/\/www.stretta-music.at\/author-christa-roelcke\">Christa Roelcke<\/a><\/p>\n<p>Bearbeiter: <a href=\"https:\/\/www.stretta-music.at\/author-christa-roelcke\">Christa Roelcke<\/a><\/p>\n<p>Herausgeber: Roelcke, Christa<\/p>\n<p>Verlag\u2009\/\u2009Hersteller:<a href=\"https:\/\/www.stretta-music.at\/publisher-universal-edition\">Universal Edition<\/a><\/p>\n<p>UE 19806<\/p>\n","protected":false},"excerpt":{"rendered":"<p>GEBRAUCHT f\u00fcr: f\u00fcr 2 Altblockfl\u00f6ten (Violinen, Querfl\u00f6ten) mit optionaler 3. Stimme Produkttyp: Spielpartitur Autor\u2009\/\u2009Komponist: Christa Roelcke Bearbeiter: Christa Roelcke Herausgeber: Roelcke, Christa Verlag\u2009\/\u2009Hersteller:Universal Edition UE 19806<\/p>\n","protected":false},"featured_media":8462,"comment_status":"closed","ping_status":"closed","template":"","meta":{"_monsterinsights_skip_tracking":false,"_monsterinsights_sitenote_active":false,"_monsterinsights_sitenote_note":"","_monsterinsights_sitenote_category":0},"product_brand":[],"product_cat":[],"product_tag":[],"class_list":{"0":"post-8461","1":"product","2":"type-product","3":"status-publish","4":"has-post-thumbnail","7":"first","8":"instock","9":"shipping-taxable","10":"purchasable","11":"product-type-simple"},"yoast_head":"<!-- This site is optimized with the Yoast SEO plugin v27.3 - https:\/\/yoast.com\/product\/yoast-seo-wordpress\/ -->\n<title>FLOHMARKT_FOLKLORE INTERNATIONAL BAND 3 | Tradmotion<\/title>\n<meta name=\"robots\" content=\"index, follow, max-snippet:-1, max-image-preview:large, max-video-preview:-1\" \/>\n<link rel=\"canonical\" href=\"https:\/\/www.tradmotion.at\/tradneu\/produkt\/folklore-international-band-3_flohmarkt\/\" \/>\n<meta property=\"og:locale\" content=\"de_DE\" \/>\n<meta property=\"og:type\" content=\"article\" \/>\n<meta property=\"og:title\" content=\"FLOHMARKT_FOLKLORE INTERNATIONAL BAND 3 | Tradmotion\" \/>\n<meta property=\"og:description\" content=\"GEBRAUCHT f\u00fcr: f\u00fcr 2 Altblockfl\u00f6ten (Violinen, Querfl\u00f6ten) mit optionaler 3. Stimme Produkttyp: Spielpartitur Autor\u2009\/\u2009Komponist: Christa Roelcke Bearbeiter: Christa Roelcke Herausgeber: Roelcke, Christa Verlag\u2009\/\u2009Hersteller:Universal Edition UE 19806\" \/>\n<meta property=\"og:url\" content=\"https:\/\/www.tradmotion.at\/tradneu\/produkt\/folklore-international-band-3_flohmarkt\/\" \/>\n<meta property=\"og:site_name\" content=\"Tradmotion\" \/>\n<meta property=\"article:modified_time\" content=\"2026-02-23T20:02:23+00:00\" \/>\n<meta property=\"og:image\" content=\"https:\/\/www.tradmotion.at\/tradneu\/wp-content\/uploads\/20260223_204212-scaled.jpg\" \/>\n\t<meta property=\"og:image:width\" content=\"1920\" \/>\n\t<meta property=\"og:image:height\" content=\"2560\" \/>\n\t<meta property=\"og:image:type\" content=\"image\/jpeg\" \/>\n<meta name=\"twitter:label1\" content=\"Gesch\u00e4tzte Lesezeit\" \/>\n\t<meta name=\"twitter:data1\" content=\"1\u00a0Minute\" \/>\n<script type=\"application\/ld+json\" class=\"yoast-schema-graph\">{\"@context\":\"https:\\\/\\\/schema.org\",\"@graph\":[{\"@type\":\"WebPage\",\"@id\":\"https:\\\/\\\/www.tradmotion.at\\\/tradneu\\\/produkt\\\/folklore-international-band-3_flohmarkt\\\/\",\"url\":\"https:\\\/\\\/www.tradmotion.at\\\/tradneu\\\/produkt\\\/folklore-international-band-3_flohmarkt\\\/\",\"name\":\"FLOHMARKT_FOLKLORE INTERNATIONAL BAND 3 | Tradmotion\",\"isPartOf\":{\"@id\":\"https:\\\/\\\/www.tradmotion.at\\\/tradneu\\\/#website\"},\"primaryImageOfPage\":{\"@id\":\"https:\\\/\\\/www.tradmotion.at\\\/tradneu\\\/produkt\\\/folklore-international-band-3_flohmarkt\\\/#primaryimage\"},\"image\":{\"@id\":\"https:\\\/\\\/www.tradmotion.at\\\/tradneu\\\/produkt\\\/folklore-international-band-3_flohmarkt\\\/#primaryimage\"},\"thumbnailUrl\":\"https:\\\/\\\/www.tradmotion.at\\\/tradneu\\\/wp-content\\\/uploads\\\/20260223_204212-scaled.jpg\",\"datePublished\":\"2026-02-23T19:56:13+00:00\",\"dateModified\":\"2026-02-23T20:02:23+00:00\",\"breadcrumb\":{\"@id\":\"https:\\\/\\\/www.tradmotion.at\\\/tradneu\\\/produkt\\\/folklore-international-band-3_flohmarkt\\\/#breadcrumb\"},\"inLanguage\":\"de\",\"potentialAction\":[{\"@type\":\"ReadAction\",\"target\":[\"https:\\\/\\\/www.tradmotion.at\\\/tradneu\\\/produkt\\\/folklore-international-band-3_flohmarkt\\\/\"]}]},{\"@type\":\"ImageObject\",\"inLanguage\":\"de\",\"@id\":\"https:\\\/\\\/www.tradmotion.at\\\/tradneu\\\/produkt\\\/folklore-international-band-3_flohmarkt\\\/#primaryimage\",\"url\":\"https:\\\/\\\/www.tradmotion.at\\\/tradneu\\\/wp-content\\\/uploads\\\/20260223_204212-scaled.jpg\",\"contentUrl\":\"https:\\\/\\\/www.tradmotion.at\\\/tradneu\\\/wp-content\\\/uploads\\\/20260223_204212-scaled.jpg\",\"width\":1920,\"height\":2560},{\"@type\":\"BreadcrumbList\",\"@id\":\"https:\\\/\\\/www.tradmotion.at\\\/tradneu\\\/produkt\\\/folklore-international-band-3_flohmarkt\\\/#breadcrumb\",\"itemListElement\":[{\"@type\":\"ListItem\",\"position\":1,\"name\":\"Home\",\"item\":\"https:\\\/\\\/www.tradmotion.at\\\/tradneu\\\/\"},{\"@type\":\"ListItem\",\"position\":2,\"name\":\"Shop\",\"item\":\"https:\\\/\\\/www.tradmotion.at\\\/tradneu\\\/shop\\\/\"},{\"@type\":\"ListItem\",\"position\":3,\"name\":\"FLOHMARKT_FOLKLORE INTERNATIONAL BAND 3\"}]},{\"@type\":\"WebSite\",\"@id\":\"https:\\\/\\\/www.tradmotion.at\\\/tradneu\\\/#website\",\"url\":\"https:\\\/\\\/www.tradmotion.at\\\/tradneu\\\/\",\"name\":\"Tradmotion\",\"description\":\"Tradition &amp; Emotion\",\"publisher\":{\"@id\":\"https:\\\/\\\/www.tradmotion.at\\\/tradneu\\\/#organization\"},\"potentialAction\":[{\"@type\":\"SearchAction\",\"target\":{\"@type\":\"EntryPoint\",\"urlTemplate\":\"https:\\\/\\\/www.tradmotion.at\\\/tradneu\\\/?s={search_term_string}\"},\"query-input\":{\"@type\":\"PropertyValueSpecification\",\"valueRequired\":true,\"valueName\":\"search_term_string\"}}],\"inLanguage\":\"de\"},{\"@type\":\"Organization\",\"@id\":\"https:\\\/\\\/www.tradmotion.at\\\/tradneu\\\/#organization\",\"name\":\"Tradmotion\",\"url\":\"https:\\\/\\\/www.tradmotion.at\\\/tradneu\\\/\",\"logo\":{\"@type\":\"ImageObject\",\"inLanguage\":\"de\",\"@id\":\"https:\\\/\\\/www.tradmotion.at\\\/tradneu\\\/#\\\/schema\\\/logo\\\/image\\\/\",\"url\":\"http:\\\/\\\/www.tradmotion.at\\\/tradneu\\\/wp-content\\\/uploads\\\/cropped-Logo_Tradmotion_red.png\",\"contentUrl\":\"http:\\\/\\\/www.tradmotion.at\\\/tradneu\\\/wp-content\\\/uploads\\\/cropped-Logo_Tradmotion_red.png\",\"width\":512,\"height\":512,\"caption\":\"Tradmotion\"},\"image\":{\"@id\":\"https:\\\/\\\/www.tradmotion.at\\\/tradneu\\\/#\\\/schema\\\/logo\\\/image\\\/\"}}]}<\/script>\n<!-- \/ Yoast SEO plugin. -->","yoast_head_json":{"title":"FLOHMARKT_FOLKLORE INTERNATIONAL BAND 3 | Tradmotion","robots":{"index":"index","follow":"follow","max-snippet":"max-snippet:-1","max-image-preview":"max-image-preview:large","max-video-preview":"max-video-preview:-1"},"canonical":"https:\/\/www.tradmotion.at\/tradneu\/produkt\/folklore-international-band-3_flohmarkt\/","og_locale":"de_DE","og_type":"article","og_title":"FLOHMARKT_FOLKLORE INTERNATIONAL BAND 3 | Tradmotion","og_description":"GEBRAUCHT f\u00fcr: f\u00fcr 2 Altblockfl\u00f6ten (Violinen, Querfl\u00f6ten) mit optionaler 3. Stimme Produkttyp: Spielpartitur Autor\u2009\/\u2009Komponist: Christa Roelcke Bearbeiter: Christa Roelcke Herausgeber: Roelcke, Christa Verlag\u2009\/\u2009Hersteller:Universal Edition UE 19806","og_url":"https:\/\/www.tradmotion.at\/tradneu\/produkt\/folklore-international-band-3_flohmarkt\/","og_site_name":"Tradmotion","article_modified_time":"2026-02-23T20:02:23+00:00","og_image":[{"width":1920,"height":2560,"url":"https:\/\/www.tradmotion.at\/tradneu\/wp-content\/uploads\/20260223_204212-scaled.jpg","type":"image\/jpeg"}],"twitter_misc":{"Gesch\u00e4tzte Lesezeit":"1\u00a0Minute"},"schema":{"@context":"https:\/\/schema.org","@graph":[{"@type":"WebPage","@id":"https:\/\/www.tradmotion.at\/tradneu\/produkt\/folklore-international-band-3_flohmarkt\/","url":"https:\/\/www.tradmotion.at\/tradneu\/produkt\/folklore-international-band-3_flohmarkt\/","name":"FLOHMARKT_FOLKLORE INTERNATIONAL BAND 3 | Tradmotion","isPartOf":{"@id":"https:\/\/www.tradmotion.at\/tradneu\/#website"},"primaryImageOfPage":{"@id":"https:\/\/www.tradmotion.at\/tradneu\/produkt\/folklore-international-band-3_flohmarkt\/#primaryimage"},"image":{"@id":"https:\/\/www.tradmotion.at\/tradneu\/produkt\/folklore-international-band-3_flohmarkt\/#primaryimage"},"thumbnailUrl":"https:\/\/www.tradmotion.at\/tradneu\/wp-content\/uploads\/20260223_204212-scaled.jpg","datePublished":"2026-02-23T19:56:13+00:00","dateModified":"2026-02-23T20:02:23+00:00","breadcrumb":{"@id":"https:\/\/www.tradmotion.at\/tradneu\/produkt\/folklore-international-band-3_flohmarkt\/#breadcrumb"},"inLanguage":"de","potentialAction":[{"@type":"ReadAction","target":["https:\/\/www.tradmotion.at\/tradneu\/produkt\/folklore-international-band-3_flohmarkt\/"]}]},{"@type":"ImageObject","inLanguage":"de","@id":"https:\/\/www.tradmotion.at\/tradneu\/produkt\/folklore-international-band-3_flohmarkt\/#primaryimage","url":"https:\/\/www.tradmotion.at\/tradneu\/wp-content\/uploads\/20260223_204212-scaled.jpg","contentUrl":"https:\/\/www.tradmotion.at\/tradneu\/wp-content\/uploads\/20260223_204212-scaled.jpg","width":1920,"height":2560},{"@type":"BreadcrumbList","@id":"https:\/\/www.tradmotion.at\/tradneu\/produkt\/folklore-international-band-3_flohmarkt\/#breadcrumb","itemListElement":[{"@type":"ListItem","position":1,"name":"Home","item":"https:\/\/www.tradmotion.at\/tradneu\/"},{"@type":"ListItem","position":2,"name":"Shop","item":"https:\/\/www.tradmotion.at\/tradneu\/shop\/"},{"@type":"ListItem","position":3,"name":"FLOHMARKT_FOLKLORE INTERNATIONAL BAND 3"}]},{"@type":"WebSite","@id":"https:\/\/www.tradmotion.at\/tradneu\/#website","url":"https:\/\/www.tradmotion.at\/tradneu\/","name":"Tradmotion","description":"Tradition &amp; Emotion","publisher":{"@id":"https:\/\/www.tradmotion.at\/tradneu\/#organization"},"potentialAction":[{"@type":"SearchAction","target":{"@type":"EntryPoint","urlTemplate":"https:\/\/www.tradmotion.at\/tradneu\/?s={search_term_string}"},"query-input":{"@type":"PropertyValueSpecification","valueRequired":true,"valueName":"search_term_string"}}],"inLanguage":"de"},{"@type":"Organization","@id":"https:\/\/www.tradmotion.at\/tradneu\/#organization","name":"Tradmotion","url":"https:\/\/www.tradmotion.at\/tradneu\/","logo":{"@type":"ImageObject","inLanguage":"de","@id":"https:\/\/www.tradmotion.at\/tradneu\/#\/schema\/logo\/image\/","url":"http:\/\/www.tradmotion.at\/tradneu\/wp-content\/uploads\/cropped-Logo_Tradmotion_red.png","contentUrl":"http:\/\/www.tradmotion.at\/tradneu\/wp-content\/uploads\/cropped-Logo_Tradmotion_red.png","width":512,"height":512,"caption":"Tradmotion"},"image":{"@id":"https:\/\/www.tradmotion.at\/tradneu\/#\/schema\/logo\/image\/"}}]}},"_links":{"self":[{"href":"https:\/\/www.tradmotion.at\/tradneu\/wp-json\/wp\/v2\/product\/8461","targetHints":{"allow":["GET"]}}],"collection":[{"href":"https:\/\/www.tradmotion.at\/tradneu\/wp-json\/wp\/v2\/product"}],"about":[{"href":"https:\/\/www.tradmotion.at\/tradneu\/wp-json\/wp\/v2\/types\/product"}],"replies":[{"embeddable":true,"href":"https:\/\/www.tradmotion.at\/tradneu\/wp-json\/wp\/v2\/comments?post=8461"}],"wp:featuredmedia":[{"embeddable":true,"href":"https:\/\/www.tradmotion.at\/tradneu\/wp-json\/wp\/v2\/media\/8462"}],"wp:attachment":[{"href":"https:\/\/www.tradmotion.at\/tradneu\/wp-json\/wp\/v2\/media?parent=8461"}],"wp:term":[{"taxonomy":"product_brand","embeddable":true,"href":"https:\/\/www.tradmotion.at\/tradneu\/wp-json\/wp\/v2\/product_brand?post=8461"},{"taxonomy":"product_cat","embeddable":true,"href":"https:\/\/www.tradmotion.at\/tradneu\/wp-json\/wp\/v2\/product_cat?post=8461"},{"taxonomy":"product_tag","embeddable":true,"href":"https:\/\/www.tradmotion.at\/tradneu\/wp-json\/wp\/v2\/product_tag?post=8461"}],"curies":[{"name":"wp","href":"https:\/\/api.w.org\/{rel}","templated":true}]}}