{"id":8469,"date":"2026-02-23T21:21:06","date_gmt":"2026-02-23T20:21:06","guid":{"rendered":"https:\/\/www.tradmotion.at\/tradneu\/?post_type=product&#038;p=8469"},"modified":"2026-02-23T21:21:06","modified_gmt":"2026-02-23T20:21:06","slug":"flohmarkt_windspiel","status":"publish","type":"product","link":"https:\/\/www.tradmotion.at\/tradneu\/produkt\/flohmarkt_windspiel\/","title":{"rendered":"FLOHMARKT_WINDSPIEL"},"content":{"rendered":"<ul>\n<li>GEBRAUCHT<\/li>\n<li>Besetzung1-2 Sopranblockfl\u00f6ten und Gitarre<\/li>\n<li>AusgabeNoten<\/li>\n<li>Verlag<a href=\"https:\/\/www.alle-noten.de\/Musikverlage\/Moeck-Verlag\/\">Moeck Verlag<\/a><\/li>\n<li><\/li>\n<\/ul>\n<ul>\n<li>Husch, K\u00e4tzchen Husch<\/li>\n<li>Ya Ho Ya Ho Hei!<\/li>\n<li>Hrt von Fern die Glocken Klingen<\/li>\n<li>Wer geht mit nach Rummelskirchen<\/li>\n<li>Meine Badehose<\/li>\n<li>Bokkulorum<\/li>\n<li>Schwarze Pferdchen<\/li>\n<li>Seht, da spannt sich \u00fcbers Land<\/li>\n<li>Eine alte, dicke Ente<\/li>\n<li>Bon Di E Bon Giorno<\/li>\n<li>Morgens in der Fr\u00fche<\/li>\n<li>Bambusfl\u00f6te<\/li>\n<li>Herbstlied<\/li>\n<li>Fahrradlied<\/li>\n<li>Steh im Mondenscheine<\/li>\n<li>Spann an<\/li>\n<li>Ich bin das ganze Jahr vergn\u00fcgt<\/li>\n<li>Wachet auf<\/li>\n<li>Arche Noah<\/li>\n<li>Der Mond ist aufgegangen<\/li>\n<li>Sasche<\/li>\n<li>Tanz auf den Dorf<\/li>\n<li>Bruder Jacob<\/li>\n<li>Miau, Miau<\/li>\n<li>Bella Bimba<\/li>\n<li>Nehmt Abschied<\/li>\n<li>Tanzlied<\/li>\n<li>Waldv\u00f6gelein<\/li>\n<li>Himmel und Erde<\/li>\n<li>Weidenpfeiflein<\/li>\n<li>Sur Le Pont<\/li>\n<li>Heiss, Kathreinerle<\/li>\n<li>Tanz<\/li>\n<li>Auf den Fluss<\/li>\n<li>Kokonjeste Novo<\/li>\n<li>Drunken Sailor<\/li>\n<li>Der Dudelsackpfeifer<\/li>\n<li>Girometta<\/li>\n<li>Giovanottina<\/li>\n<li>Margaritkelach<\/li>\n<li>Rose, Rose<\/li>\n<li>Bourree<\/li>\n<li>Bjuschki Baju<\/li>\n<li>I Love Sixpence<\/li>\n<li>Schoene Minka<\/li>\n<li>Ami, Dans Cette Vie<\/li>\n<li>Springtanz<\/li>\n<li>Menuett<\/li>\n<li>Polska<\/li>\n<li>Greensleeves<\/li>\n<li>Portsmouth<\/li>\n<li>Minum Kultani<\/li>\n<li>Marche des Rois<\/li>\n<\/ul>\n","protected":false},"excerpt":{"rendered":"<p>GEBRAUCHT Besetzung1-2 Sopranblockfl\u00f6ten und Gitarre AusgabeNoten VerlagMoeck Verlag Husch, K\u00e4tzchen Husch Ya Ho Ya Ho Hei! Hrt von Fern die Glocken Klingen Wer geht mit nach Rummelskirchen Meine Badehose Bokkulorum Schwarze Pferdchen Seht, da spannt sich \u00fcbers Land Eine alte, dicke Ente Bon Di E Bon Giorno Morgens in der Fr\u00fche Bambusfl\u00f6te Herbstlied Fahrradlied Steh im Mondenscheine Spann an Ich [&hellip;]<\/p>\n","protected":false},"featured_media":8470,"comment_status":"closed","ping_status":"closed","template":"","meta":{"_monsterinsights_skip_tracking":false,"_monsterinsights_sitenote_active":false,"_monsterinsights_sitenote_note":"","_monsterinsights_sitenote_category":0},"product_brand":[],"product_cat":[],"product_tag":[],"class_list":{"0":"post-8469","1":"product","2":"type-product","3":"status-publish","4":"has-post-thumbnail","7":"first","8":"instock","9":"shipping-taxable","10":"purchasable","11":"product-type-simple"},"yoast_head":"<!-- This site is optimized with the Yoast SEO plugin v27.3 - https:\/\/yoast.com\/product\/yoast-seo-wordpress\/ -->\n<title>FLOHMARKT_WINDSPIEL | Tradmotion<\/title>\n<meta name=\"robots\" content=\"index, follow, max-snippet:-1, max-image-preview:large, max-video-preview:-1\" \/>\n<link rel=\"canonical\" href=\"https:\/\/www.tradmotion.at\/tradneu\/produkt\/flohmarkt_windspiel\/\" \/>\n<meta property=\"og:locale\" content=\"de_DE\" \/>\n<meta property=\"og:type\" content=\"article\" \/>\n<meta property=\"og:title\" content=\"FLOHMARKT_WINDSPIEL | Tradmotion\" \/>\n<meta property=\"og:description\" content=\"GEBRAUCHT Besetzung1-2 Sopranblockfl\u00f6ten und Gitarre AusgabeNoten VerlagMoeck Verlag Husch, K\u00e4tzchen Husch Ya Ho Ya Ho Hei! Hrt von Fern die Glocken Klingen Wer geht mit nach Rummelskirchen Meine Badehose Bokkulorum Schwarze Pferdchen Seht, da spannt sich \u00fcbers Land Eine alte, dicke Ente Bon Di E Bon Giorno Morgens in der Fr\u00fche Bambusfl\u00f6te Herbstlied Fahrradlied Steh im Mondenscheine Spann an Ich [&hellip;]\" \/>\n<meta property=\"og:url\" content=\"https:\/\/www.tradmotion.at\/tradneu\/produkt\/flohmarkt_windspiel\/\" \/>\n<meta property=\"og:site_name\" content=\"Tradmotion\" \/>\n<meta property=\"og:image\" content=\"https:\/\/www.tradmotion.at\/tradneu\/wp-content\/uploads\/20260223_210706-scaled.jpg\" \/>\n\t<meta property=\"og:image:width\" content=\"1775\" \/>\n\t<meta property=\"og:image:height\" content=\"2560\" \/>\n\t<meta property=\"og:image:type\" content=\"image\/jpeg\" \/>\n<meta name=\"twitter:label1\" content=\"Gesch\u00e4tzte Lesezeit\" \/>\n\t<meta name=\"twitter:data1\" content=\"1\u00a0Minute\" \/>\n<script type=\"application\/ld+json\" class=\"yoast-schema-graph\">{\"@context\":\"https:\\\/\\\/schema.org\",\"@graph\":[{\"@type\":\"WebPage\",\"@id\":\"https:\\\/\\\/www.tradmotion.at\\\/tradneu\\\/produkt\\\/flohmarkt_windspiel\\\/\",\"url\":\"https:\\\/\\\/www.tradmotion.at\\\/tradneu\\\/produkt\\\/flohmarkt_windspiel\\\/\",\"name\":\"FLOHMARKT_WINDSPIEL | Tradmotion\",\"isPartOf\":{\"@id\":\"https:\\\/\\\/www.tradmotion.at\\\/tradneu\\\/#website\"},\"primaryImageOfPage\":{\"@id\":\"https:\\\/\\\/www.tradmotion.at\\\/tradneu\\\/produkt\\\/flohmarkt_windspiel\\\/#primaryimage\"},\"image\":{\"@id\":\"https:\\\/\\\/www.tradmotion.at\\\/tradneu\\\/produkt\\\/flohmarkt_windspiel\\\/#primaryimage\"},\"thumbnailUrl\":\"https:\\\/\\\/www.tradmotion.at\\\/tradneu\\\/wp-content\\\/uploads\\\/20260223_210706-scaled.jpg\",\"datePublished\":\"2026-02-23T20:21:06+00:00\",\"breadcrumb\":{\"@id\":\"https:\\\/\\\/www.tradmotion.at\\\/tradneu\\\/produkt\\\/flohmarkt_windspiel\\\/#breadcrumb\"},\"inLanguage\":\"de\",\"potentialAction\":[{\"@type\":\"ReadAction\",\"target\":[\"https:\\\/\\\/www.tradmotion.at\\\/tradneu\\\/produkt\\\/flohmarkt_windspiel\\\/\"]}]},{\"@type\":\"ImageObject\",\"inLanguage\":\"de\",\"@id\":\"https:\\\/\\\/www.tradmotion.at\\\/tradneu\\\/produkt\\\/flohmarkt_windspiel\\\/#primaryimage\",\"url\":\"https:\\\/\\\/www.tradmotion.at\\\/tradneu\\\/wp-content\\\/uploads\\\/20260223_210706-scaled.jpg\",\"contentUrl\":\"https:\\\/\\\/www.tradmotion.at\\\/tradneu\\\/wp-content\\\/uploads\\\/20260223_210706-scaled.jpg\",\"width\":1775,\"height\":2560},{\"@type\":\"BreadcrumbList\",\"@id\":\"https:\\\/\\\/www.tradmotion.at\\\/tradneu\\\/produkt\\\/flohmarkt_windspiel\\\/#breadcrumb\",\"itemListElement\":[{\"@type\":\"ListItem\",\"position\":1,\"name\":\"Home\",\"item\":\"https:\\\/\\\/www.tradmotion.at\\\/tradneu\\\/\"},{\"@type\":\"ListItem\",\"position\":2,\"name\":\"Shop\",\"item\":\"https:\\\/\\\/www.tradmotion.at\\\/tradneu\\\/shop\\\/\"},{\"@type\":\"ListItem\",\"position\":3,\"name\":\"FLOHMARKT_WINDSPIEL\"}]},{\"@type\":\"WebSite\",\"@id\":\"https:\\\/\\\/www.tradmotion.at\\\/tradneu\\\/#website\",\"url\":\"https:\\\/\\\/www.tradmotion.at\\\/tradneu\\\/\",\"name\":\"Tradmotion\",\"description\":\"Tradition &amp; Emotion\",\"publisher\":{\"@id\":\"https:\\\/\\\/www.tradmotion.at\\\/tradneu\\\/#organization\"},\"potentialAction\":[{\"@type\":\"SearchAction\",\"target\":{\"@type\":\"EntryPoint\",\"urlTemplate\":\"https:\\\/\\\/www.tradmotion.at\\\/tradneu\\\/?s={search_term_string}\"},\"query-input\":{\"@type\":\"PropertyValueSpecification\",\"valueRequired\":true,\"valueName\":\"search_term_string\"}}],\"inLanguage\":\"de\"},{\"@type\":\"Organization\",\"@id\":\"https:\\\/\\\/www.tradmotion.at\\\/tradneu\\\/#organization\",\"name\":\"Tradmotion\",\"url\":\"https:\\\/\\\/www.tradmotion.at\\\/tradneu\\\/\",\"logo\":{\"@type\":\"ImageObject\",\"inLanguage\":\"de\",\"@id\":\"https:\\\/\\\/www.tradmotion.at\\\/tradneu\\\/#\\\/schema\\\/logo\\\/image\\\/\",\"url\":\"http:\\\/\\\/www.tradmotion.at\\\/tradneu\\\/wp-content\\\/uploads\\\/cropped-Logo_Tradmotion_red.png\",\"contentUrl\":\"http:\\\/\\\/www.tradmotion.at\\\/tradneu\\\/wp-content\\\/uploads\\\/cropped-Logo_Tradmotion_red.png\",\"width\":512,\"height\":512,\"caption\":\"Tradmotion\"},\"image\":{\"@id\":\"https:\\\/\\\/www.tradmotion.at\\\/tradneu\\\/#\\\/schema\\\/logo\\\/image\\\/\"}}]}<\/script>\n<!-- \/ Yoast SEO plugin. -->","yoast_head_json":{"title":"FLOHMARKT_WINDSPIEL | Tradmotion","robots":{"index":"index","follow":"follow","max-snippet":"max-snippet:-1","max-image-preview":"max-image-preview:large","max-video-preview":"max-video-preview:-1"},"canonical":"https:\/\/www.tradmotion.at\/tradneu\/produkt\/flohmarkt_windspiel\/","og_locale":"de_DE","og_type":"article","og_title":"FLOHMARKT_WINDSPIEL | Tradmotion","og_description":"GEBRAUCHT Besetzung1-2 Sopranblockfl\u00f6ten und Gitarre AusgabeNoten VerlagMoeck Verlag Husch, K\u00e4tzchen Husch Ya Ho Ya Ho Hei! Hrt von Fern die Glocken Klingen Wer geht mit nach Rummelskirchen Meine Badehose Bokkulorum Schwarze Pferdchen Seht, da spannt sich \u00fcbers Land Eine alte, dicke Ente Bon Di E Bon Giorno Morgens in der Fr\u00fche Bambusfl\u00f6te Herbstlied Fahrradlied Steh im Mondenscheine Spann an Ich [&hellip;]","og_url":"https:\/\/www.tradmotion.at\/tradneu\/produkt\/flohmarkt_windspiel\/","og_site_name":"Tradmotion","og_image":[{"width":1775,"height":2560,"url":"https:\/\/www.tradmotion.at\/tradneu\/wp-content\/uploads\/20260223_210706-scaled.jpg","type":"image\/jpeg"}],"twitter_misc":{"Gesch\u00e4tzte Lesezeit":"1\u00a0Minute"},"schema":{"@context":"https:\/\/schema.org","@graph":[{"@type":"WebPage","@id":"https:\/\/www.tradmotion.at\/tradneu\/produkt\/flohmarkt_windspiel\/","url":"https:\/\/www.tradmotion.at\/tradneu\/produkt\/flohmarkt_windspiel\/","name":"FLOHMARKT_WINDSPIEL | Tradmotion","isPartOf":{"@id":"https:\/\/www.tradmotion.at\/tradneu\/#website"},"primaryImageOfPage":{"@id":"https:\/\/www.tradmotion.at\/tradneu\/produkt\/flohmarkt_windspiel\/#primaryimage"},"image":{"@id":"https:\/\/www.tradmotion.at\/tradneu\/produkt\/flohmarkt_windspiel\/#primaryimage"},"thumbnailUrl":"https:\/\/www.tradmotion.at\/tradneu\/wp-content\/uploads\/20260223_210706-scaled.jpg","datePublished":"2026-02-23T20:21:06+00:00","breadcrumb":{"@id":"https:\/\/www.tradmotion.at\/tradneu\/produkt\/flohmarkt_windspiel\/#breadcrumb"},"inLanguage":"de","potentialAction":[{"@type":"ReadAction","target":["https:\/\/www.tradmotion.at\/tradneu\/produkt\/flohmarkt_windspiel\/"]}]},{"@type":"ImageObject","inLanguage":"de","@id":"https:\/\/www.tradmotion.at\/tradneu\/produkt\/flohmarkt_windspiel\/#primaryimage","url":"https:\/\/www.tradmotion.at\/tradneu\/wp-content\/uploads\/20260223_210706-scaled.jpg","contentUrl":"https:\/\/www.tradmotion.at\/tradneu\/wp-content\/uploads\/20260223_210706-scaled.jpg","width":1775,"height":2560},{"@type":"BreadcrumbList","@id":"https:\/\/www.tradmotion.at\/tradneu\/produkt\/flohmarkt_windspiel\/#breadcrumb","itemListElement":[{"@type":"ListItem","position":1,"name":"Home","item":"https:\/\/www.tradmotion.at\/tradneu\/"},{"@type":"ListItem","position":2,"name":"Shop","item":"https:\/\/www.tradmotion.at\/tradneu\/shop\/"},{"@type":"ListItem","position":3,"name":"FLOHMARKT_WINDSPIEL"}]},{"@type":"WebSite","@id":"https:\/\/www.tradmotion.at\/tradneu\/#website","url":"https:\/\/www.tradmotion.at\/tradneu\/","name":"Tradmotion","description":"Tradition &amp; Emotion","publisher":{"@id":"https:\/\/www.tradmotion.at\/tradneu\/#organization"},"potentialAction":[{"@type":"SearchAction","target":{"@type":"EntryPoint","urlTemplate":"https:\/\/www.tradmotion.at\/tradneu\/?s={search_term_string}"},"query-input":{"@type":"PropertyValueSpecification","valueRequired":true,"valueName":"search_term_string"}}],"inLanguage":"de"},{"@type":"Organization","@id":"https:\/\/www.tradmotion.at\/tradneu\/#organization","name":"Tradmotion","url":"https:\/\/www.tradmotion.at\/tradneu\/","logo":{"@type":"ImageObject","inLanguage":"de","@id":"https:\/\/www.tradmotion.at\/tradneu\/#\/schema\/logo\/image\/","url":"http:\/\/www.tradmotion.at\/tradneu\/wp-content\/uploads\/cropped-Logo_Tradmotion_red.png","contentUrl":"http:\/\/www.tradmotion.at\/tradneu\/wp-content\/uploads\/cropped-Logo_Tradmotion_red.png","width":512,"height":512,"caption":"Tradmotion"},"image":{"@id":"https:\/\/www.tradmotion.at\/tradneu\/#\/schema\/logo\/image\/"}}]}},"_links":{"self":[{"href":"https:\/\/www.tradmotion.at\/tradneu\/wp-json\/wp\/v2\/product\/8469","targetHints":{"allow":["GET"]}}],"collection":[{"href":"https:\/\/www.tradmotion.at\/tradneu\/wp-json\/wp\/v2\/product"}],"about":[{"href":"https:\/\/www.tradmotion.at\/tradneu\/wp-json\/wp\/v2\/types\/product"}],"replies":[{"embeddable":true,"href":"https:\/\/www.tradmotion.at\/tradneu\/wp-json\/wp\/v2\/comments?post=8469"}],"wp:featuredmedia":[{"embeddable":true,"href":"https:\/\/www.tradmotion.at\/tradneu\/wp-json\/wp\/v2\/media\/8470"}],"wp:attachment":[{"href":"https:\/\/www.tradmotion.at\/tradneu\/wp-json\/wp\/v2\/media?parent=8469"}],"wp:term":[{"taxonomy":"product_brand","embeddable":true,"href":"https:\/\/www.tradmotion.at\/tradneu\/wp-json\/wp\/v2\/product_brand?post=8469"},{"taxonomy":"product_cat","embeddable":true,"href":"https:\/\/www.tradmotion.at\/tradneu\/wp-json\/wp\/v2\/product_cat?post=8469"},{"taxonomy":"product_tag","embeddable":true,"href":"https:\/\/www.tradmotion.at\/tradneu\/wp-json\/wp\/v2\/product_tag?post=8469"}],"curies":[{"name":"wp","href":"https:\/\/api.w.org\/{rel}","templated":true}]}}